{"id":5893,"date":"2022-08-10T12:55:50","date_gmt":"2022-08-10T12:55:50","guid":{"rendered":"https:\/\/www.elm.ro\/?page_id=5893"},"modified":"2023-03-15T13:18:47","modified_gmt":"2023-03-15T11:18:47","slug":"cleme-si-accesorii-linii-electrice-aeriene-si-statii-electrice","status":"publish","type":"page","link":"https:\/\/www.elm.ro\/en\/cleme-si-accesorii-linii-electrice-aeriene-si-statii-electrice\/","title":{"rendered":"Clamps and accessories overhead power lines and power stations"},"content":{"rendered":"Clamps and fittings make the electrical and mechanical connection between line conductors, insulators and poles of overhead power lines. Elm Electromontaj Cluj SA produces and supplies:\r\n<ul>\r\n \t<li>Clamps and fittings for tying insulator chains to pole brackets<\/li>\r\n \t<li>Reinforcements for intermediate links<\/li>\r\n \t<li>Armatures for multiple chains or multiple conductors per phase<\/li>\r\n \t<li>Clamps for connecting active and protective conductors to the chain of insulators<\/li>\r\n \t<li>Clamps and fittings that are not part of insulator chains<\/li>\r\n \t<li>Elements for anchoring anchored portal type posts<\/li>\r\n \t<li>Clamps for electrical substations<\/li>\r\n \t<li>Clamps and fittings for medium and low voltage lines<\/li>\r\n \t<li>Metallic constructions for low-voltage overhead power lines with twisted conductor<\/li>\r\n \t<li>Metal constructions for overhead power lines of medium voltage<\/li>\r\n \t<li>Public lighting fixtures<\/li>\r\n \t<li>Grounding installations<\/li>\r\n<\/ul>\r\nElements for contact networks of trams and trolleybuses\r\n<ul>\r\n \t<li>Fasteners for consoles and crossbars<\/li>\r\n \t<li>Insulating clamps for contact networks<\/li>\r\n \t<li>Contact network clamps<\/li>\r\n<\/ul>","protected":false},"excerpt":{"rendered":"<p>Clemele \u0219i arm\u0103turile realizeaz\u0103 leg\u0103tura electric\u0103 \u0219i mecanic\u0103 \u00eentre conductoarele liniei, izolatoare \u0219i st\u00e2lpii liniilor electrice aeriene. Elm Electromontaj Cluj SA produce \u0219i furnizeaz\u0103: Cleme \u0219i arm\u0103turi pentru legarea lan\u021burilor de izolatoare la consolele st\u00e2lpilor Arm\u0103turi pentru leg\u0103turi intermediare Arm\u0103turi pentru lan\u021buri multiple sau conductoare multiple pe faz\u0103 Cleme pentru legarea conductoarelor active \u0219i de [&hellip;]<\/p>","protected":false},"author":4,"featured_media":8041,"parent":0,"menu_order":0,"comment_status":"closed","ping_status":"closed","template":"","meta":{"footnotes":""},"class_list":["post-5893","page","type-page","status-publish","has-post-thumbnail","hentry"],"acf":[],"yoast_head":"<!-- This site is optimized with the Yoast SEO Premium plugin v17.1.2 (Yoast SEO v19.14) - https:\/\/yoast.com\/wordpress\/plugins\/seo\/ -->\n<title>Cleme \u0219i accesorii linii electrice aeriene \u0219i sta\u021bii electrice - ELM Electromontaj Cluj S.A., Romania<\/title>\n<meta name=\"robots\" content=\"index, follow, max-snippet:-1, max-image-preview:large, max-video-preview:-1\" \/>\n<link rel=\"canonical\" href=\"https:\/\/www.elm.ro\/en\/cleme-si-accesorii-linii-electrice-aeriene-si-statii-electrice\/\" \/>\n<meta property=\"og:locale\" content=\"en_US\" \/>\n<meta property=\"og:type\" content=\"article\" \/>\n<meta property=\"og:title\" content=\"Cleme \u0219i accesorii linii electrice aeriene \u0219i sta\u021bii electrice\" \/>\n<meta property=\"og:description\" content=\"Clemele \u0219i arm\u0103turile realizeaz\u0103 leg\u0103tura electric\u0103 \u0219i mecanic\u0103 \u00eentre conductoarele liniei, izolatoare \u0219i st\u00e2lpii liniilor electrice aeriene. Elm Electromontaj Cluj SA produce \u0219i furnizeaz\u0103: Cleme \u0219i arm\u0103turi pentru legarea lan\u021burilor de izolatoare la consolele st\u00e2lpilor Arm\u0103turi pentru leg\u0103turi intermediare Arm\u0103turi pentru lan\u021buri multiple sau conductoare multiple pe faz\u0103 Cleme pentru legarea conductoarelor active \u0219i de [&hellip;]\" \/>\n<meta property=\"og:url\" content=\"https:\/\/www.elm.ro\/en\/cleme-si-accesorii-linii-electrice-aeriene-si-statii-electrice\/\" \/>\n<meta property=\"og:site_name\" content=\"ELM Electromontaj Cluj S.A.\" \/>\n<meta property=\"article:modified_time\" content=\"2023-03-15T11:18:47+00:00\" \/>\n<meta property=\"og:image\" content=\"https:\/\/www.elm.ro\/wp-content\/uploads\/2023\/01\/poza-cleme-si-accesorii-linii-electrice-si-statii_prel.jpg\" \/>\n\t<meta property=\"og:image:width\" content=\"1920\" \/>\n\t<meta property=\"og:image:height\" content=\"778\" \/>\n\t<meta property=\"og:image:type\" content=\"image\/jpeg\" \/>\n<meta name=\"twitter:card\" content=\"summary_large_image\" \/>\n<meta name=\"twitter:label1\" content=\"Est. reading time\" \/>\n\t<meta name=\"twitter:data1\" content=\"1 minute\" \/>\n<script type=\"application\/ld+json\" class=\"yoast-schema-graph\">{\"@context\":\"https:\/\/schema.org\",\"@graph\":[{\"@type\":\"WebPage\",\"@id\":\"https:\/\/www.elm.ro\/cleme-si-accesorii-linii-electrice-aeriene-si-statii-electrice\/\",\"url\":\"https:\/\/www.elm.ro\/cleme-si-accesorii-linii-electrice-aeriene-si-statii-electrice\/\",\"name\":\"Cleme \u0219i accesorii linii electrice aeriene \u0219i sta\u021bii electrice - ELM Electromontaj Cluj S.A.\",\"isPartOf\":{\"@id\":\"https:\/\/www.elm.ro\/#website\"},\"datePublished\":\"2022-08-10T12:55:50+00:00\",\"dateModified\":\"2023-03-15T11:18:47+00:00\",\"breadcrumb\":{\"@id\":\"https:\/\/www.elm.ro\/cleme-si-accesorii-linii-electrice-aeriene-si-statii-electrice\/#breadcrumb\"},\"inLanguage\":\"en-US\",\"potentialAction\":[{\"@type\":\"ReadAction\",\"target\":[\"https:\/\/www.elm.ro\/cleme-si-accesorii-linii-electrice-aeriene-si-statii-electrice\/\"]}]},{\"@type\":\"BreadcrumbList\",\"@id\":\"https:\/\/www.elm.ro\/cleme-si-accesorii-linii-electrice-aeriene-si-statii-electrice\/#breadcrumb\",\"itemListElement\":[{\"@type\":\"ListItem\",\"position\":1,\"name\":\"Home\",\"item\":\"https:\/\/www.elm.ro\/\"},{\"@type\":\"ListItem\",\"position\":2,\"name\":\"Cleme \u0219i accesorii linii electrice aeriene \u0219i sta\u021bii electrice\"}]},{\"@type\":\"WebSite\",\"@id\":\"https:\/\/www.elm.ro\/#website\",\"url\":\"https:\/\/www.elm.ro\/\",\"name\":\"ELM Electromontaj Cluj S.A.\",\"description\":\"Electromontaj Cluj - Instala\u021bii electrice\",\"potentialAction\":[{\"@type\":\"SearchAction\",\"target\":{\"@type\":\"EntryPoint\",\"urlTemplate\":\"https:\/\/www.elm.ro\/?s={search_term_string}\"},\"query-input\":\"required name=search_term_string\"}],\"inLanguage\":\"en-US\"}]}<\/script>\n<!-- \/ Yoast SEO Premium plugin. -->","yoast_head_json":{"title":"Cleme \u0219i accesorii linii electrice aeriene \u0219i sta\u021bii electrice - ELM Electromontaj Cluj S.A., Romania","robots":{"index":"index","follow":"follow","max-snippet":"max-snippet:-1","max-image-preview":"max-image-preview:large","max-video-preview":"max-video-preview:-1"},"canonical":"https:\/\/www.elm.ro\/en\/cleme-si-accesorii-linii-electrice-aeriene-si-statii-electrice\/","og_locale":"en_US","og_type":"article","og_title":"Cleme \u0219i accesorii linii electrice aeriene \u0219i sta\u021bii electrice","og_description":"Clemele \u0219i arm\u0103turile realizeaz\u0103 leg\u0103tura electric\u0103 \u0219i mecanic\u0103 \u00eentre conductoarele liniei, izolatoare \u0219i st\u00e2lpii liniilor electrice aeriene. Elm Electromontaj Cluj SA produce \u0219i furnizeaz\u0103: Cleme \u0219i arm\u0103turi pentru legarea lan\u021burilor de izolatoare la consolele st\u00e2lpilor Arm\u0103turi pentru leg\u0103turi intermediare Arm\u0103turi pentru lan\u021buri multiple sau conductoare multiple pe faz\u0103 Cleme pentru legarea conductoarelor active \u0219i de [&hellip;]","og_url":"https:\/\/www.elm.ro\/en\/cleme-si-accesorii-linii-electrice-aeriene-si-statii-electrice\/","og_site_name":"ELM Electromontaj Cluj S.A.","article_modified_time":"2023-03-15T11:18:47+00:00","og_image":[{"width":1920,"height":778,"url":"https:\/\/www.elm.ro\/wp-content\/uploads\/2023\/01\/poza-cleme-si-accesorii-linii-electrice-si-statii_prel.jpg","type":"image\/jpeg"}],"twitter_card":"summary_large_image","twitter_misc":{"Est. reading time":"1 minute"},"schema":{"@context":"https:\/\/schema.org","@graph":[{"@type":"WebPage","@id":"https:\/\/www.elm.ro\/cleme-si-accesorii-linii-electrice-aeriene-si-statii-electrice\/","url":"https:\/\/www.elm.ro\/cleme-si-accesorii-linii-electrice-aeriene-si-statii-electrice\/","name":"Cleme \u0219i accesorii linii electrice aeriene \u0219i sta\u021bii electrice - ELM Electromontaj Cluj S.A.","isPartOf":{"@id":"https:\/\/www.elm.ro\/#website"},"datePublished":"2022-08-10T12:55:50+00:00","dateModified":"2023-03-15T11:18:47+00:00","breadcrumb":{"@id":"https:\/\/www.elm.ro\/cleme-si-accesorii-linii-electrice-aeriene-si-statii-electrice\/#breadcrumb"},"inLanguage":"en-US","potentialAction":[{"@type":"ReadAction","target":["https:\/\/www.elm.ro\/cleme-si-accesorii-linii-electrice-aeriene-si-statii-electrice\/"]}]},{"@type":"BreadcrumbList","@id":"https:\/\/www.elm.ro\/cleme-si-accesorii-linii-electrice-aeriene-si-statii-electrice\/#breadcrumb","itemListElement":[{"@type":"ListItem","position":1,"name":"Home","item":"https:\/\/www.elm.ro\/"},{"@type":"ListItem","position":2,"name":"Cleme \u0219i accesorii linii electrice aeriene \u0219i sta\u021bii electrice"}]},{"@type":"WebSite","@id":"https:\/\/www.elm.ro\/#website","url":"https:\/\/www.elm.ro\/","name":"ELM Electromontaj Cluj S.A.","description":"Electromontaj Cluj - Instala\u021bii electrice","potentialAction":[{"@type":"SearchAction","target":{"@type":"EntryPoint","urlTemplate":"https:\/\/www.elm.ro\/?s={search_term_string}"},"query-input":"required name=search_term_string"}],"inLanguage":"en-US"}]}},"_links":{"self":[{"href":"https:\/\/www.elm.ro\/en\/wp-json\/wp\/v2\/pages\/5893","targetHints":{"allow":["GET"]}}],"collection":[{"href":"https:\/\/www.elm.ro\/en\/wp-json\/wp\/v2\/pages"}],"about":[{"href":"https:\/\/www.elm.ro\/en\/wp-json\/wp\/v2\/types\/page"}],"author":[{"embeddable":true,"href":"https:\/\/www.elm.ro\/en\/wp-json\/wp\/v2\/users\/4"}],"replies":[{"embeddable":true,"href":"https:\/\/www.elm.ro\/en\/wp-json\/wp\/v2\/comments?post=5893"}],"version-history":[{"count":23,"href":"https:\/\/www.elm.ro\/en\/wp-json\/wp\/v2\/pages\/5893\/revisions"}],"predecessor-version":[{"id":8808,"href":"https:\/\/www.elm.ro\/en\/wp-json\/wp\/v2\/pages\/5893\/revisions\/8808"}],"wp:featuredmedia":[{"embeddable":true,"href":"https:\/\/www.elm.ro\/en\/wp-json\/wp\/v2\/media\/8041"}],"wp:attachment":[{"href":"https:\/\/www.elm.ro\/en\/wp-json\/wp\/v2\/media?parent=5893"}],"curies":[{"name":"wp","href":"https:\/\/api.w.org\/{rel}","templated":true}]}}