{"id":5858,"date":"2022-08-10T12:34:05","date_gmt":"2022-08-10T12:34:05","guid":{"rendered":"https:\/\/www.elm.ro\/?page_id=5858"},"modified":"2023-03-15T10:44:36","modified_gmt":"2023-03-15T08:44:36","slug":"centrale-de-cogenerare","status":"publish","type":"page","link":"https:\/\/www.elm.ro\/en\/centrale-de-cogenerare\/","title":{"rendered":"Cogeneration plants"},"content":{"rendered":"<section class=\"wpb-content-wrapper\"><div class=\"\"><div class=\"container\"><div class=\"vc_row wpb_row vc_row-fluid\" ><div class=\"wpb_column vc_column_container vc_col-sm-12\"><div class=\"vc_column-inner\"><div class=\"wpb_wrapper\">\n\t<div class=\"wpb_text_column wpb_content_element\" >\n\t\t<div class=\"wpb_wrapper\">\n\t\t\t<p>Cogeneration is the combined production of thermal and mechanical energy based on a single fuel. Thermal energy systems with cogeneration use the heat produced by combustion both for the production of mechanical\/electrical energy and for technological purposes or heating\/preparation of domestic hot water.<\/p>\n<p>Cogeneration allows achieving energy savings of up to 30%, ensuring objective, measurable and quantifiable benefits. The fundamental goal is to use the energy contained in the fuel as efficiently as possible, resulting in lower fuel consumption and, consequently, a much reduced impact on the environment.<\/p>\n<p>ELM Electromontaj Cluj carries out design and execution for industrial constructions for high-efficiency biomass cogeneration plants: boiler room, turbogenerator room, control room, land development, execution of foundations for industrial constructions, execution of foundations for equipment, completion of constructions after mounting the equipment on the foundation .<\/p>\n\n\t\t<\/div>\n\t<\/div>\n<\/div><\/div><\/div><\/div><\/div><\/div><\/section>","protected":false},"excerpt":{"rendered":"Cogenerarea reprezint\u0103 produc\u021bia combinat\u0103 de energie termic\u0103 \u0219i mecanic\u0103 pe baza unui singur combustibil. Sistemele termoenergetice cu cogenerare utilizeaz\u0103 c\u0103ldura produs\u0103 prin ardere at\u00e2t pentru producerea de energie mecanic\u0103\/electric\u0103 c\u00e2t \u0219i pentru scopuri tehnologice sau de \u00eenc\u0103lzire\/prepararea apei calde menajere. Cogenerarea permite realizarea unor economii de energie de p\u00e2n\u0103 la 30% asigur\u00e2nd beneficii obiective, m\u0103surabile [...]","protected":false},"author":4,"featured_media":8017,"parent":0,"menu_order":0,"comment_status":"closed","ping_status":"closed","template":"","meta":{"footnotes":""},"class_list":["post-5858","page","type-page","status-publish","has-post-thumbnail","hentry"],"acf":[],"yoast_head":"<!-- This site is optimized with the Yoast SEO Premium plugin v17.1.2 (Yoast SEO v19.14) - https:\/\/yoast.com\/wordpress\/plugins\/seo\/ -->\n<title>Centrale de cogenerare - ELM Electromontaj Cluj S.A., Romania<\/title>\n<meta name=\"robots\" content=\"index, follow, max-snippet:-1, max-image-preview:large, max-video-preview:-1\" \/>\n<link rel=\"canonical\" href=\"https:\/\/www.elm.ro\/en\/centrale-de-cogenerare\/\" \/>\n<meta property=\"og:locale\" content=\"en_US\" \/>\n<meta property=\"og:type\" content=\"article\" \/>\n<meta property=\"og:title\" content=\"Centrale de cogenerare\" \/>\n<meta property=\"og:url\" content=\"https:\/\/www.elm.ro\/en\/centrale-de-cogenerare\/\" \/>\n<meta property=\"og:site_name\" content=\"ELM Electromontaj Cluj S.A.\" \/>\n<meta property=\"article:modified_time\" content=\"2023-03-15T08:44:36+00:00\" \/>\n<meta property=\"og:image\" content=\"https:\/\/www.elm.ro\/wp-content\/uploads\/2023\/01\/COGENERARE_prel.jpg\" \/>\n\t<meta property=\"og:image:width\" content=\"1920\" \/>\n\t<meta property=\"og:image:height\" content=\"649\" \/>\n\t<meta property=\"og:image:type\" content=\"image\/jpeg\" \/>\n<meta name=\"twitter:card\" content=\"summary_large_image\" \/>\n<meta name=\"twitter:label1\" content=\"Est. reading time\" \/>\n\t<meta name=\"twitter:data1\" content=\"1 minute\" \/>\n<script type=\"application\/ld+json\" class=\"yoast-schema-graph\">{\"@context\":\"https:\/\/schema.org\",\"@graph\":[{\"@type\":\"WebPage\",\"@id\":\"https:\/\/www.elm.ro\/centrale-de-cogenerare\/\",\"url\":\"https:\/\/www.elm.ro\/centrale-de-cogenerare\/\",\"name\":\"Centrale de cogenerare - ELM Electromontaj Cluj S.A.\",\"isPartOf\":{\"@id\":\"https:\/\/www.elm.ro\/#website\"},\"datePublished\":\"2022-08-10T12:34:05+00:00\",\"dateModified\":\"2023-03-15T08:44:36+00:00\",\"breadcrumb\":{\"@id\":\"https:\/\/www.elm.ro\/centrale-de-cogenerare\/#breadcrumb\"},\"inLanguage\":\"en-US\",\"potentialAction\":[{\"@type\":\"ReadAction\",\"target\":[\"https:\/\/www.elm.ro\/centrale-de-cogenerare\/\"]}]},{\"@type\":\"BreadcrumbList\",\"@id\":\"https:\/\/www.elm.ro\/centrale-de-cogenerare\/#breadcrumb\",\"itemListElement\":[{\"@type\":\"ListItem\",\"position\":1,\"name\":\"Home\",\"item\":\"https:\/\/www.elm.ro\/\"},{\"@type\":\"ListItem\",\"position\":2,\"name\":\"Centrale de cogenerare\"}]},{\"@type\":\"WebSite\",\"@id\":\"https:\/\/www.elm.ro\/#website\",\"url\":\"https:\/\/www.elm.ro\/\",\"name\":\"ELM Electromontaj Cluj S.A.\",\"description\":\"Electromontaj Cluj - Instala\u021bii electrice\",\"potentialAction\":[{\"@type\":\"SearchAction\",\"target\":{\"@type\":\"EntryPoint\",\"urlTemplate\":\"https:\/\/www.elm.ro\/?s={search_term_string}\"},\"query-input\":\"required name=search_term_string\"}],\"inLanguage\":\"en-US\"}]}<\/script>\n<!-- \/ Yoast SEO Premium plugin. -->","yoast_head_json":{"title":"Centrale de cogenerare - ELM Electromontaj Cluj S.A., Romania","robots":{"index":"index","follow":"follow","max-snippet":"max-snippet:-1","max-image-preview":"max-image-preview:large","max-video-preview":"max-video-preview:-1"},"canonical":"https:\/\/www.elm.ro\/en\/centrale-de-cogenerare\/","og_locale":"en_US","og_type":"article","og_title":"Centrale de cogenerare","og_url":"https:\/\/www.elm.ro\/en\/centrale-de-cogenerare\/","og_site_name":"ELM Electromontaj Cluj S.A.","article_modified_time":"2023-03-15T08:44:36+00:00","og_image":[{"width":1920,"height":649,"url":"https:\/\/www.elm.ro\/wp-content\/uploads\/2023\/01\/COGENERARE_prel.jpg","type":"image\/jpeg"}],"twitter_card":"summary_large_image","twitter_misc":{"Est. reading time":"1 minute"},"schema":{"@context":"https:\/\/schema.org","@graph":[{"@type":"WebPage","@id":"https:\/\/www.elm.ro\/centrale-de-cogenerare\/","url":"https:\/\/www.elm.ro\/centrale-de-cogenerare\/","name":"Centrale de cogenerare - ELM Electromontaj Cluj S.A.","isPartOf":{"@id":"https:\/\/www.elm.ro\/#website"},"datePublished":"2022-08-10T12:34:05+00:00","dateModified":"2023-03-15T08:44:36+00:00","breadcrumb":{"@id":"https:\/\/www.elm.ro\/centrale-de-cogenerare\/#breadcrumb"},"inLanguage":"en-US","potentialAction":[{"@type":"ReadAction","target":["https:\/\/www.elm.ro\/centrale-de-cogenerare\/"]}]},{"@type":"BreadcrumbList","@id":"https:\/\/www.elm.ro\/centrale-de-cogenerare\/#breadcrumb","itemListElement":[{"@type":"ListItem","position":1,"name":"Home","item":"https:\/\/www.elm.ro\/"},{"@type":"ListItem","position":2,"name":"Centrale de cogenerare"}]},{"@type":"WebSite","@id":"https:\/\/www.elm.ro\/#website","url":"https:\/\/www.elm.ro\/","name":"ELM Electromontaj Cluj S.A.","description":"Electromontaj Cluj - Instala\u021bii electrice","potentialAction":[{"@type":"SearchAction","target":{"@type":"EntryPoint","urlTemplate":"https:\/\/www.elm.ro\/?s={search_term_string}"},"query-input":"required name=search_term_string"}],"inLanguage":"en-US"}]}},"_links":{"self":[{"href":"https:\/\/www.elm.ro\/en\/wp-json\/wp\/v2\/pages\/5858","targetHints":{"allow":["GET"]}}],"collection":[{"href":"https:\/\/www.elm.ro\/en\/wp-json\/wp\/v2\/pages"}],"about":[{"href":"https:\/\/www.elm.ro\/en\/wp-json\/wp\/v2\/types\/page"}],"author":[{"embeddable":true,"href":"https:\/\/www.elm.ro\/en\/wp-json\/wp\/v2\/users\/4"}],"replies":[{"embeddable":true,"href":"https:\/\/www.elm.ro\/en\/wp-json\/wp\/v2\/comments?post=5858"}],"version-history":[{"count":19,"href":"https:\/\/www.elm.ro\/en\/wp-json\/wp\/v2\/pages\/5858\/revisions"}],"predecessor-version":[{"id":8802,"href":"https:\/\/www.elm.ro\/en\/wp-json\/wp\/v2\/pages\/5858\/revisions\/8802"}],"wp:featuredmedia":[{"embeddable":true,"href":"https:\/\/www.elm.ro\/en\/wp-json\/wp\/v2\/media\/8017"}],"wp:attachment":[{"href":"https:\/\/www.elm.ro\/en\/wp-json\/wp\/v2\/media?parent=5858"}],"curies":[{"name":"wp","href":"https:\/\/api.w.org\/{rel}","templated":true}]}}