{"id":5837,"date":"2022-08-10T09:22:08","date_gmt":"2022-08-10T09:22:08","guid":{"rendered":"https:\/\/www.elm.ro\/?page_id=5837"},"modified":"2023-03-15T13:17:33","modified_gmt":"2023-03-15T11:17:33","slug":"structuri-metalice-pentru-statii-electrice-si-stalpi-linii-electrice","status":"publish","type":"page","link":"https:\/\/www.elm.ro\/en\/structuri-metalice-pentru-statii-electrice-si-stalpi-linii-electrice\/","title":{"rendered":"Metal structures for power stations and power line poles"},"content":{"rendered":"<span style=\"font-weight: 400;\">ELM Electromontaj Cluj executes and assembles various metal structures and assemblies generally used in industrial constructions:<\/span>\r\n<ul>\r\n \t<li style=\"font-weight: 400;\" aria-level=\"1\"><span style=\"font-weight: 400;\">Resistance structures (pillars, beams, <\/span><span style=\"font-weight: 400;\">fried<\/span><span style=\"font-weight: 400;\">) from Europrofiles and welded sheets;<\/span><\/li>\r\n \t<li style=\"font-weight: 400;\" aria-level=\"1\"><span style=\"font-weight: 400;\">Metal structures made of steel profiles;<\/span><\/li>\r\n \t<li style=\"font-weight: 400;\" aria-level=\"1\"><span style=\"font-weight: 400;\">Components of perimeter and roof closures for industrial halls.<\/span><\/li>\r\n<\/ul>\r\n<span style=\"font-weight: 400;\">We carry out assembly works on site, both of the metal structures executed by our company, as well as of metal profiles and closing elements (sandwich panels, corrugated sheets, ridges, corners, gutters).<\/span>","protected":false},"excerpt":{"rendered":"<p>ELM Electromontaj Cluj execut\u0103 \u0219i monteaz\u0103 structuri \u0219i confec\u021bii metalice diverse folosite \u00een general in construc\u021biile industriale: Structuri de rezisten\u021b\u0103 (st\u00e2lpi, grinzi, pane) din europrofile \u0219i table sudate; Structuri metalice din profile de o\u021bel; Elemente componente ale \u00eenchiderilor perimetrale \u0219i de acoperi\u0219 pentru hale industriale. Realiz\u0103m lucr\u0103ri de montaj \u00een \u0219antier, at\u00e2t a structurilor metalice [&hellip;]<\/p>","protected":false},"author":4,"featured_media":8040,"parent":0,"menu_order":0,"comment_status":"closed","ping_status":"closed","template":"","meta":{"footnotes":""},"class_list":["post-5837","page","type-page","status-publish","has-post-thumbnail","hentry"],"acf":[],"yoast_head":"<!-- This site is optimized with the Yoast SEO Premium plugin v17.1.2 (Yoast SEO v19.14) - https:\/\/yoast.com\/wordpress\/plugins\/seo\/ -->\n<title>Structuri metalice pentru sta\u021bii electrice \u0219i st\u00e2lpi linii electrice - ELM Electromontaj Cluj S.A., Romania<\/title>\n<meta name=\"robots\" content=\"index, follow, max-snippet:-1, max-image-preview:large, max-video-preview:-1\" \/>\n<link rel=\"canonical\" href=\"https:\/\/www.elm.ro\/en\/structuri-metalice-pentru-statii-electrice-si-stalpi-linii-electrice\/\" \/>\n<meta property=\"og:locale\" content=\"en_US\" \/>\n<meta property=\"og:type\" content=\"article\" \/>\n<meta property=\"og:title\" content=\"Structuri metalice pentru sta\u021bii electrice \u0219i st\u00e2lpi linii electrice\" \/>\n<meta property=\"og:description\" content=\"ELM Electromontaj Cluj execut\u0103 \u0219i monteaz\u0103 structuri \u0219i confec\u021bii metalice diverse folosite \u00een general in construc\u021biile industriale: Structuri de rezisten\u021b\u0103 (st\u00e2lpi, grinzi, pane) din europrofile \u0219i table sudate; Structuri metalice din profile de o\u021bel; Elemente componente ale \u00eenchiderilor perimetrale \u0219i de acoperi\u0219 pentru hale industriale. Realiz\u0103m lucr\u0103ri de montaj \u00een \u0219antier, at\u00e2t a structurilor metalice [&hellip;]\" \/>\n<meta property=\"og:url\" content=\"https:\/\/www.elm.ro\/en\/structuri-metalice-pentru-statii-electrice-si-stalpi-linii-electrice\/\" \/>\n<meta property=\"og:site_name\" content=\"ELM Electromontaj Cluj S.A.\" \/>\n<meta property=\"article:modified_time\" content=\"2023-03-15T11:17:33+00:00\" \/>\n<meta property=\"og:image\" content=\"https:\/\/www.elm.ro\/wp-content\/uploads\/2023\/01\/poza-structuri-metalice_prel2.jpg\" \/>\n\t<meta property=\"og:image:width\" content=\"1920\" \/>\n\t<meta property=\"og:image:height\" content=\"766\" \/>\n\t<meta property=\"og:image:type\" content=\"image\/jpeg\" \/>\n<meta name=\"twitter:card\" content=\"summary_large_image\" \/>\n<meta name=\"twitter:label1\" content=\"Est. reading time\" \/>\n\t<meta name=\"twitter:data1\" content=\"1 minute\" \/>\n<script type=\"application\/ld+json\" class=\"yoast-schema-graph\">{\"@context\":\"https:\/\/schema.org\",\"@graph\":[{\"@type\":\"WebPage\",\"@id\":\"https:\/\/www.elm.ro\/structuri-metalice-pentru-statii-electrice-si-stalpi-linii-electrice\/\",\"url\":\"https:\/\/www.elm.ro\/structuri-metalice-pentru-statii-electrice-si-stalpi-linii-electrice\/\",\"name\":\"Structuri metalice pentru sta\u021bii electrice \u0219i st\u00e2lpi linii electrice - ELM Electromontaj Cluj S.A.\",\"isPartOf\":{\"@id\":\"https:\/\/www.elm.ro\/#website\"},\"datePublished\":\"2022-08-10T09:22:08+00:00\",\"dateModified\":\"2023-03-15T11:17:33+00:00\",\"breadcrumb\":{\"@id\":\"https:\/\/www.elm.ro\/structuri-metalice-pentru-statii-electrice-si-stalpi-linii-electrice\/#breadcrumb\"},\"inLanguage\":\"en-US\",\"potentialAction\":[{\"@type\":\"ReadAction\",\"target\":[\"https:\/\/www.elm.ro\/structuri-metalice-pentru-statii-electrice-si-stalpi-linii-electrice\/\"]}]},{\"@type\":\"BreadcrumbList\",\"@id\":\"https:\/\/www.elm.ro\/structuri-metalice-pentru-statii-electrice-si-stalpi-linii-electrice\/#breadcrumb\",\"itemListElement\":[{\"@type\":\"ListItem\",\"position\":1,\"name\":\"Home\",\"item\":\"https:\/\/www.elm.ro\/\"},{\"@type\":\"ListItem\",\"position\":2,\"name\":\"Structuri metalice pentru sta\u021bii electrice \u0219i st\u00e2lpi linii electrice\"}]},{\"@type\":\"WebSite\",\"@id\":\"https:\/\/www.elm.ro\/#website\",\"url\":\"https:\/\/www.elm.ro\/\",\"name\":\"ELM Electromontaj Cluj S.A.\",\"description\":\"Electromontaj Cluj - Instala\u021bii electrice\",\"potentialAction\":[{\"@type\":\"SearchAction\",\"target\":{\"@type\":\"EntryPoint\",\"urlTemplate\":\"https:\/\/www.elm.ro\/?s={search_term_string}\"},\"query-input\":\"required name=search_term_string\"}],\"inLanguage\":\"en-US\"}]}<\/script>\n<!-- \/ Yoast SEO Premium plugin. -->","yoast_head_json":{"title":"Structuri metalice pentru sta\u021bii electrice \u0219i st\u00e2lpi linii electrice - ELM Electromontaj Cluj S.A., Romania","robots":{"index":"index","follow":"follow","max-snippet":"max-snippet:-1","max-image-preview":"max-image-preview:large","max-video-preview":"max-video-preview:-1"},"canonical":"https:\/\/www.elm.ro\/en\/structuri-metalice-pentru-statii-electrice-si-stalpi-linii-electrice\/","og_locale":"en_US","og_type":"article","og_title":"Structuri metalice pentru sta\u021bii electrice \u0219i st\u00e2lpi linii electrice","og_description":"ELM Electromontaj Cluj execut\u0103 \u0219i monteaz\u0103 structuri \u0219i confec\u021bii metalice diverse folosite \u00een general in construc\u021biile industriale: Structuri de rezisten\u021b\u0103 (st\u00e2lpi, grinzi, pane) din europrofile \u0219i table sudate; Structuri metalice din profile de o\u021bel; Elemente componente ale \u00eenchiderilor perimetrale \u0219i de acoperi\u0219 pentru hale industriale. Realiz\u0103m lucr\u0103ri de montaj \u00een \u0219antier, at\u00e2t a structurilor metalice [&hellip;]","og_url":"https:\/\/www.elm.ro\/en\/structuri-metalice-pentru-statii-electrice-si-stalpi-linii-electrice\/","og_site_name":"ELM Electromontaj Cluj S.A.","article_modified_time":"2023-03-15T11:17:33+00:00","og_image":[{"width":1920,"height":766,"url":"https:\/\/www.elm.ro\/wp-content\/uploads\/2023\/01\/poza-structuri-metalice_prel2.jpg","type":"image\/jpeg"}],"twitter_card":"summary_large_image","twitter_misc":{"Est. reading time":"1 minute"},"schema":{"@context":"https:\/\/schema.org","@graph":[{"@type":"WebPage","@id":"https:\/\/www.elm.ro\/structuri-metalice-pentru-statii-electrice-si-stalpi-linii-electrice\/","url":"https:\/\/www.elm.ro\/structuri-metalice-pentru-statii-electrice-si-stalpi-linii-electrice\/","name":"Structuri metalice pentru sta\u021bii electrice \u0219i st\u00e2lpi linii electrice - ELM Electromontaj Cluj S.A.","isPartOf":{"@id":"https:\/\/www.elm.ro\/#website"},"datePublished":"2022-08-10T09:22:08+00:00","dateModified":"2023-03-15T11:17:33+00:00","breadcrumb":{"@id":"https:\/\/www.elm.ro\/structuri-metalice-pentru-statii-electrice-si-stalpi-linii-electrice\/#breadcrumb"},"inLanguage":"en-US","potentialAction":[{"@type":"ReadAction","target":["https:\/\/www.elm.ro\/structuri-metalice-pentru-statii-electrice-si-stalpi-linii-electrice\/"]}]},{"@type":"BreadcrumbList","@id":"https:\/\/www.elm.ro\/structuri-metalice-pentru-statii-electrice-si-stalpi-linii-electrice\/#breadcrumb","itemListElement":[{"@type":"ListItem","position":1,"name":"Home","item":"https:\/\/www.elm.ro\/"},{"@type":"ListItem","position":2,"name":"Structuri metalice pentru sta\u021bii electrice \u0219i st\u00e2lpi linii electrice"}]},{"@type":"WebSite","@id":"https:\/\/www.elm.ro\/#website","url":"https:\/\/www.elm.ro\/","name":"ELM Electromontaj Cluj S.A.","description":"Electromontaj Cluj - Instala\u021bii electrice","potentialAction":[{"@type":"SearchAction","target":{"@type":"EntryPoint","urlTemplate":"https:\/\/www.elm.ro\/?s={search_term_string}"},"query-input":"required name=search_term_string"}],"inLanguage":"en-US"}]}},"_links":{"self":[{"href":"https:\/\/www.elm.ro\/en\/wp-json\/wp\/v2\/pages\/5837","targetHints":{"allow":["GET"]}}],"collection":[{"href":"https:\/\/www.elm.ro\/en\/wp-json\/wp\/v2\/pages"}],"about":[{"href":"https:\/\/www.elm.ro\/en\/wp-json\/wp\/v2\/types\/page"}],"author":[{"embeddable":true,"href":"https:\/\/www.elm.ro\/en\/wp-json\/wp\/v2\/users\/4"}],"replies":[{"embeddable":true,"href":"https:\/\/www.elm.ro\/en\/wp-json\/wp\/v2\/comments?post=5837"}],"version-history":[{"count":8,"href":"https:\/\/www.elm.ro\/en\/wp-json\/wp\/v2\/pages\/5837\/revisions"}],"predecessor-version":[{"id":8807,"href":"https:\/\/www.elm.ro\/en\/wp-json\/wp\/v2\/pages\/5837\/revisions\/8807"}],"wp:featuredmedia":[{"embeddable":true,"href":"https:\/\/www.elm.ro\/en\/wp-json\/wp\/v2\/media\/8040"}],"wp:attachment":[{"href":"https:\/\/www.elm.ro\/en\/wp-json\/wp\/v2\/media?parent=5837"}],"curies":[{"name":"wp","href":"https:\/\/api.w.org\/{rel}","templated":true}]}}