{"id":5814,"date":"2022-08-10T09:11:09","date_gmt":"2022-08-10T09:11:09","guid":{"rendered":"https:\/\/www.elm.ro\/?page_id=5814"},"modified":"2023-03-15T13:13:01","modified_gmt":"2023-03-15T11:13:01","slug":"linii-electrice-subterane","status":"publish","type":"page","link":"https:\/\/www.elm.ro\/en\/linii-electrice-subterane\/","title":{"rendered":"Underground power lines"},"content":{"rendered":"<b>ELM Electromontaj Cluj SA <\/b>ensures the execution, at a high technical level, of various types of works:\r\n<ul>\r\n \t<li style=\"font-weight: 400;\" aria-level=\"1\"><b>Design and execution<\/b> underground power lines 0.4 \u2013 110 kV<\/li>\r\n \t<li style=\"font-weight: 400;\" aria-level=\"1\"><b>Refurbishment or capital repairs of electric transmission lines<\/b>, by restoring the anti-corrosion protection of the pillars, repairing the foundations, changing or completing the insulator chains with new elements; change the existing protective conductors with conductors including optical fiber;<\/li>\r\n \t<li style=\"font-weight: 400;\" aria-level=\"1\"><b>Electricity supply<\/b> of new consumers who are connected to the SEN;<\/li>\r\n<\/ul>\r\nWe perform:\r\n<ul>\r\n \t<li style=\"font-weight: 400;\" aria-level=\"1\">Complete execution of high and medium voltage underground power lines for power distribution and transmission<\/li>\r\n \t<li style=\"font-weight: 400;\" aria-level=\"1\">Execution of joints for high and medium voltage cables;<\/li>\r\n \t<li style=\"font-weight: 400;\" aria-level=\"1\">The execution of the heads for connecting the cables to the equipment, both for cables with oil and for dry cables;<\/li>\r\n \t<li style=\"font-weight: 400;\" aria-level=\"1\">Specialized testing of medium voltage cables in laboratories (mobile laboratories)<\/li>\r\n<\/ul>\r\n<b>Industrial electrical work<\/b>\r\n\r\nELM Electromontaj Cluj also has proven experience in carrying out industrial electrical works and ensures the following:\r\n<ul>\r\n \t<li style=\"font-weight: 400;\" aria-level=\"1\">mechanical design and industrial mechanical assembly, design of metal structures and assembly for: running tracks and assembly for oversized electrical equipment, gutters for laying electrical cables, piping, panels for stadium displays, night panels, etc.<\/li>\r\n \t<li style=\"font-weight: 400;\" aria-level=\"1\">installation of electrical installations and automation for industry: industrial drives, generating sets, switchboards, interior and exterior lighting, medium and low voltage distribution, electrical discharge protection installations - lightning rods, etc.<\/li>\r\n<\/ul>","protected":false},"excerpt":{"rendered":"<p>ELM Electromontaj Cluj SA asigur\u0103 execu\u0163ia, la un nivel tehnic ridicat, a diverselor tipuri de lucr\u0103ri: Proiectare \u0219i execu\u021bie linii electrice subterane 0,4 &#8211; 110 kV Retehnologiz\u0103ri sau repara\u021bii capitale ale liniilor electrice de transport, prin refacerea protec\u0163iei anticorosive a st\u00e2lpilor, repararea fundatiilor, schimbarea sau completarea cu elemente noi a lan\u0163urilor de izolatoare; schimbare conductoarele [&hellip;]<\/p>","protected":false},"author":4,"featured_media":8002,"parent":0,"menu_order":0,"comment_status":"closed","ping_status":"closed","template":"","meta":{"footnotes":""},"class_list":["post-5814","page","type-page","status-publish","has-post-thumbnail","hentry"],"acf":[],"yoast_head":"<!-- This site is optimized with the Yoast SEO Premium plugin v17.1.2 (Yoast SEO v19.14) - https:\/\/yoast.com\/wordpress\/plugins\/seo\/ -->\n<title>Linii electrice subterane - ELM Electromontaj Cluj S.A., Romania<\/title>\n<meta name=\"robots\" content=\"index, follow, max-snippet:-1, max-image-preview:large, max-video-preview:-1\" \/>\n<link rel=\"canonical\" href=\"https:\/\/www.elm.ro\/en\/linii-electrice-subterane\/\" \/>\n<meta property=\"og:locale\" content=\"en_US\" \/>\n<meta property=\"og:type\" content=\"article\" \/>\n<meta property=\"og:title\" content=\"Linii electrice subterane\" \/>\n<meta property=\"og:description\" content=\"ELM Electromontaj Cluj SA asigur\u0103 execu\u0163ia, la un nivel tehnic ridicat, a diverselor tipuri de lucr\u0103ri: Proiectare \u0219i execu\u021bie linii electrice subterane 0,4 &#8211; 110 kV Retehnologiz\u0103ri sau repara\u021bii capitale ale liniilor electrice de transport, prin refacerea protec\u0163iei anticorosive a st\u00e2lpilor, repararea fundatiilor, schimbarea sau completarea cu elemente noi a lan\u0163urilor de izolatoare; schimbare conductoarele [&hellip;]\" \/>\n<meta property=\"og:url\" content=\"https:\/\/www.elm.ro\/en\/linii-electrice-subterane\/\" \/>\n<meta property=\"og:site_name\" content=\"ELM Electromontaj Cluj S.A.\" \/>\n<meta property=\"article:modified_time\" content=\"2023-03-15T11:13:01+00:00\" \/>\n<meta property=\"og:image\" content=\"https:\/\/www.elm.ro\/wp-content\/uploads\/2023\/01\/LINII-ELECTRICE-SUBTERANE-LES.jpg\" \/>\n\t<meta property=\"og:image:width\" content=\"1920\" \/>\n\t<meta property=\"og:image:height\" content=\"762\" \/>\n\t<meta property=\"og:image:type\" content=\"image\/jpeg\" \/>\n<meta name=\"twitter:card\" content=\"summary_large_image\" \/>\n<meta name=\"twitter:label1\" content=\"Est. reading time\" \/>\n\t<meta name=\"twitter:data1\" content=\"2 minutes\" \/>\n<script type=\"application\/ld+json\" class=\"yoast-schema-graph\">{\"@context\":\"https:\/\/schema.org\",\"@graph\":[{\"@type\":\"WebPage\",\"@id\":\"https:\/\/www.elm.ro\/linii-electrice-subterane\/\",\"url\":\"https:\/\/www.elm.ro\/linii-electrice-subterane\/\",\"name\":\"Linii electrice subterane - ELM Electromontaj Cluj S.A.\",\"isPartOf\":{\"@id\":\"https:\/\/www.elm.ro\/#website\"},\"datePublished\":\"2022-08-10T09:11:09+00:00\",\"dateModified\":\"2023-03-15T11:13:01+00:00\",\"breadcrumb\":{\"@id\":\"https:\/\/www.elm.ro\/linii-electrice-subterane\/#breadcrumb\"},\"inLanguage\":\"en-US\",\"potentialAction\":[{\"@type\":\"ReadAction\",\"target\":[\"https:\/\/www.elm.ro\/linii-electrice-subterane\/\"]}]},{\"@type\":\"BreadcrumbList\",\"@id\":\"https:\/\/www.elm.ro\/linii-electrice-subterane\/#breadcrumb\",\"itemListElement\":[{\"@type\":\"ListItem\",\"position\":1,\"name\":\"Home\",\"item\":\"https:\/\/www.elm.ro\/\"},{\"@type\":\"ListItem\",\"position\":2,\"name\":\"Linii electrice subterane\"}]},{\"@type\":\"WebSite\",\"@id\":\"https:\/\/www.elm.ro\/#website\",\"url\":\"https:\/\/www.elm.ro\/\",\"name\":\"ELM Electromontaj Cluj S.A.\",\"description\":\"Electromontaj Cluj - Instala\u021bii electrice\",\"potentialAction\":[{\"@type\":\"SearchAction\",\"target\":{\"@type\":\"EntryPoint\",\"urlTemplate\":\"https:\/\/www.elm.ro\/?s={search_term_string}\"},\"query-input\":\"required name=search_term_string\"}],\"inLanguage\":\"en-US\"}]}<\/script>\n<!-- \/ Yoast SEO Premium plugin. -->","yoast_head_json":{"title":"Linii electrice subterane - ELM Electromontaj Cluj S.A., Romania","robots":{"index":"index","follow":"follow","max-snippet":"max-snippet:-1","max-image-preview":"max-image-preview:large","max-video-preview":"max-video-preview:-1"},"canonical":"https:\/\/www.elm.ro\/en\/linii-electrice-subterane\/","og_locale":"en_US","og_type":"article","og_title":"Linii electrice subterane","og_description":"ELM Electromontaj Cluj SA asigur\u0103 execu\u0163ia, la un nivel tehnic ridicat, a diverselor tipuri de lucr\u0103ri: Proiectare \u0219i execu\u021bie linii electrice subterane 0,4 &#8211; 110 kV Retehnologiz\u0103ri sau repara\u021bii capitale ale liniilor electrice de transport, prin refacerea protec\u0163iei anticorosive a st\u00e2lpilor, repararea fundatiilor, schimbarea sau completarea cu elemente noi a lan\u0163urilor de izolatoare; schimbare conductoarele [&hellip;]","og_url":"https:\/\/www.elm.ro\/en\/linii-electrice-subterane\/","og_site_name":"ELM Electromontaj Cluj S.A.","article_modified_time":"2023-03-15T11:13:01+00:00","og_image":[{"width":1920,"height":762,"url":"https:\/\/www.elm.ro\/wp-content\/uploads\/2023\/01\/LINII-ELECTRICE-SUBTERANE-LES.jpg","type":"image\/jpeg"}],"twitter_card":"summary_large_image","twitter_misc":{"Est. reading time":"2 minutes"},"schema":{"@context":"https:\/\/schema.org","@graph":[{"@type":"WebPage","@id":"https:\/\/www.elm.ro\/linii-electrice-subterane\/","url":"https:\/\/www.elm.ro\/linii-electrice-subterane\/","name":"Linii electrice subterane - ELM Electromontaj Cluj S.A.","isPartOf":{"@id":"https:\/\/www.elm.ro\/#website"},"datePublished":"2022-08-10T09:11:09+00:00","dateModified":"2023-03-15T11:13:01+00:00","breadcrumb":{"@id":"https:\/\/www.elm.ro\/linii-electrice-subterane\/#breadcrumb"},"inLanguage":"en-US","potentialAction":[{"@type":"ReadAction","target":["https:\/\/www.elm.ro\/linii-electrice-subterane\/"]}]},{"@type":"BreadcrumbList","@id":"https:\/\/www.elm.ro\/linii-electrice-subterane\/#breadcrumb","itemListElement":[{"@type":"ListItem","position":1,"name":"Home","item":"https:\/\/www.elm.ro\/"},{"@type":"ListItem","position":2,"name":"Linii electrice subterane"}]},{"@type":"WebSite","@id":"https:\/\/www.elm.ro\/#website","url":"https:\/\/www.elm.ro\/","name":"ELM Electromontaj Cluj S.A.","description":"Electromontaj Cluj - Instala\u021bii electrice","potentialAction":[{"@type":"SearchAction","target":{"@type":"EntryPoint","urlTemplate":"https:\/\/www.elm.ro\/?s={search_term_string}"},"query-input":"required name=search_term_string"}],"inLanguage":"en-US"}]}},"_links":{"self":[{"href":"https:\/\/www.elm.ro\/en\/wp-json\/wp\/v2\/pages\/5814","targetHints":{"allow":["GET"]}}],"collection":[{"href":"https:\/\/www.elm.ro\/en\/wp-json\/wp\/v2\/pages"}],"about":[{"href":"https:\/\/www.elm.ro\/en\/wp-json\/wp\/v2\/types\/page"}],"author":[{"embeddable":true,"href":"https:\/\/www.elm.ro\/en\/wp-json\/wp\/v2\/users\/4"}],"replies":[{"embeddable":true,"href":"https:\/\/www.elm.ro\/en\/wp-json\/wp\/v2\/comments?post=5814"}],"version-history":[{"count":14,"href":"https:\/\/www.elm.ro\/en\/wp-json\/wp\/v2\/pages\/5814\/revisions"}],"predecessor-version":[{"id":8804,"href":"https:\/\/www.elm.ro\/en\/wp-json\/wp\/v2\/pages\/5814\/revisions\/8804"}],"wp:featuredmedia":[{"embeddable":true,"href":"https:\/\/www.elm.ro\/en\/wp-json\/wp\/v2\/media\/8002"}],"wp:attachment":[{"href":"https:\/\/www.elm.ro\/en\/wp-json\/wp\/v2\/media?parent=5814"}],"curies":[{"name":"wp","href":"https:\/\/api.w.org\/{rel}","templated":true}]}}