{"id":5600,"date":"2022-07-08T08:44:37","date_gmt":"2022-07-08T08:44:37","guid":{"rendered":"https:\/\/www.elm.ro\/?page_id=5600"},"modified":"2022-07-08T08:47:41","modified_gmt":"2022-07-08T08:47:41","slug":"politica-de-cookies","status":"publish","type":"page","link":"https:\/\/www.elm.ro\/en\/politica-de-cookies\/","title":{"rendered":"Politica de cookies"},"content":{"rendered":"<p>Site-ul <a href=\"https:\/\/www.elm.ro\/en\/\">www.elm.ro<\/a> (\u00een continuare \u201eSite-ul\u201d) poate seta sau citi module cookie \u0219i identificatori de dispozitive atunci c\u00e2nd utiliza\u021bi Site-ul.<\/p><p>\u00a0<\/p><ol><li><b> Informa<\/b><b>\u00de<\/b><b>ii generale cu privire la module cookie <\/b><b>AND<\/b><b>i la identificatorii de dispozitive<\/b><\/li><li><b>Ce este un <\/b>\u201e<b>cookie&#8221;?<\/b><\/li><\/ol><p>Un \u201eInternet Cookie&#8221; (termen cunoscut \u0219i ca \u201ebrowser cookie&#8221; sau \u201eHTTP cookie&#8221; sau pur \u0219i simplu \u201ecookie&#8221;) este un fi\u0219ier de mici dimensiuni, format din litere \u0219i numere, care va fi stocat pe computerul, terminalul mobil sau alte echipamente ale unui Utilizator de pe care se acceseaz\u0103 internetul.<\/p><p>Cookie-ul este instalat prin solicitarea emis\u0103 de c\u0103tre un web-server unui browser (ex: Internet Explorer, Firefox, Chrome) \u0219i este complet \u201epasiv&#8221; (nu con\u021bine programe software, viru\u0219i \u0219i nu poate accesa informa\u021biile de pe hard-drive-ul Utilizatorului). Cookie-ul stocheaz\u0103 anumite informa\u021bii (spre exemplu, limba preferat\u0103 sau set\u0103ri ale paginii web), pe care browser-ul dumneavoastr\u0103 ni le poate retransfera atunci c\u00e2nd accesa\u021bi din nou pagina web (\u00een func\u021bie de durata de viat\u0103 a Cookie-ului).<\/p><p>Cookie-urile \u00een sine nu solicit\u0103 informa\u021bii cu caracter personal pentru a putea fi utilizate \u0219i, \u00een cele mai multe cazuri, nu identific\u0103 personal utilizatorii de internet.<\/p><ol start=\"2\"><li><b>Care sunt tipurile de cookie?<\/b><\/li><\/ol><p>Exist\u0103 mai multe feluri de cookie-uri. Clasificarea lor se face \u00een func\u021bie de durata de via\u0163\u0103, rolul \u0219i sursa acestora, astfel:<\/p><p><b>2.1 .\u00a0\u00a0Cookie-uri \u00een func<\/b><b>\u00de<\/b><b>ie de durata de via\u0163\u0103<\/b><\/p><ol><li><i>a) Cookie-uri de sesiune<\/i><\/li><\/ol><p>Acestea sunt stocate temporar \u00een dosarul de cookie-uri al browser-ului web pentru ca acesta s\u0103 le memoreze p\u00e2n\u0103 c\u00e2nd utilizatorul iese de pe website-ul respectiv sau \u00eenchide fereastra browser-ului (ex: \u00een momentul log\u0103rii\/delog\u0103rii pe un cont de webmail sau pe re\u021bele de socializare).<\/p><ol><li><i>b) Cookie-uri persistente<\/i><\/li><\/ol><p>Acestea sunt stocate pe hard-drive-ul unui computer sau echipament (\u0219i \u00een general depinde de durata de via\u0163\u0103 prestabilit\u0103 pentru cookie). Cookie-urile persistente le includ \u0219i pe cele plasate de un alt website dec\u00e2t cel pe care \u00eel viziteaz\u0103 Utilizatorul la momentul respectiv &#8211; cunoscute sub numele de \u201ethird party cookies\u201d (cookie-uri plasate de ter\u021bi) &#8211; care pot fi folosite \u00een mod anonim pentru a memora interesele unui Utilizator, astfel \u00eenc\u00e2t s\u0103 fie livrat\u0103 publicitate c\u00e2t mai relevant\u0103 pentru Utilizatori.<\/p><p><b>2.2.\u00a0\u00a0Cookie-uri \u00een func<\/b><b>\u00de<\/b><b>ie de rolul acestora<\/b><\/p><ol><li><i>a) Cookie-uri strict necesare<\/i><\/li><\/ol><p>Aceste tipuri de cookie-uri sunt necesare pentru paginile de internet s\u0103 func\u021bioneze \u00een mod corespunz\u0103tor. Modulele cookie strict necesare v\u0103 permit s\u0103 naviga\u021bi prin site \u0219i s\u0103 beneficia\u021bi de caracteristicile sale. F\u0103r\u0103 aceste module cookie, nu vom putea oferi anumite caracteristici, cum ar fi redirec\u021bionarea automat\u0103 la cel mai pu\u021bin ocupat server sau re\u0163inerea listei dumneavoastr\u0103 de dorin\u021be.<\/p><ul><li style=\"font-weight: 400;\" aria-level=\"1\"><i>Cookie-uri func<\/i><i>\u00de<\/i><i>ionale<\/i><\/li><\/ul><p>Modulele cookie func\u021bionale \u00eenregistreaz\u0103 informa\u021bii legate de alegerile pe care Utilizatorii le fac \u0219i ne permit, de asemenea, operatorilor de site-uri s\u0103 personalizeze site-ul conform cerin\u021belor utilizatorului. De exemplu, modulele cookie pot fi utilizate pentru a salva preferin\u021bele legate de categorie\/segment.<\/p><ul><li style=\"font-weight: 400;\" aria-level=\"1\"><i>Cookie-uri de performan\u0163\u0103 <\/i><i>AND<\/i><i>i analiz\u0103<\/i><\/li><\/ul><p>Aceste tipuri de cookie-uri ofer\u0103 posibilitatea operatorilor site-urilor de internet s\u0103 monitorizeze vizitele \u0219i sursele de trafic, modul \u00een care utilizatorii interac\u021bioneaz\u0103 cu pagina de internet sau anumite sec\u021biuni din pagina de internet.<\/p><p>Informa\u021biile furnizate de modulele cookie de analiz\u0103 ajut\u0103 operatorii s\u0103 \u00een\u021beleag\u0103 cum folosesc vizitatorii site-urile \u0219i apoi s\u0103 foloseasc\u0103 aceast\u0103 informa\u021bie pentru a \u00eembun\u0103t\u0103\u021bi modul \u00een care este prezentat con\u021binutul oferit utilizatorilor.<\/p><ul><li style=\"font-weight: 400;\" aria-level=\"1\"><i>Cookie-uri de publicitate<\/i><\/li><\/ul><p>Aceste cookie-uri pot oferi posibilitatea de a monitoriza activit\u0103\u021bile online ale utilizatorilor \u0219i de a stabili profiluri de utilizatori, care pot fi apoi folosite \u00een scopuri de marketing. Spre exemplu, pe baza cookie-urilor pot fi identificate produsele \u0219i serviciile agreate de c\u0103tre un utilizator, aceste informa\u021bii servind ulterior la transmiterea de mesaje publicitare adecvate c\u0103tre respectivul utilizator.<\/p><p><b>2.3.\u00a0\u00a0Cookie-uri first party vs cookie-uri third party<\/b><\/p><p>Fiecare cookie are un \u201eresponsabil\u201d (i.e. site-ul web\/domeniul internet) care plaseaz\u0103 respectivul cookie.<\/p><p>Cookie-urile first party sunt plasate de c\u0103tre site-ul web accesat de c\u0103tre utilizator. Spre exemplu, dac\u0103 utilizatorul viziteaz\u0103 <a href=\"http:\/\/google\">Google<\/a> iar domeniul cookie-ului plasat pe calculatorul s\u0103u este <a href=\"http:\/\/www.google.com\">www.Google.com<\/a> atunci este vorba despre un cookie first party.<\/p><p>Un cookie third party este plasat de c\u0103tre un alt site web dec\u00e2t cel accesat de c\u0103tre utilizator; acest lucru \u00eenseamn\u0103 ca site-ul web accesat con\u021bine \u0219i informa\u021bii provenind de la un site web ter\u021b &#8211; spre exemplu, un banner publicitar care apare pe site-ul accesat. Astfel, dac\u0103 utilizatorul viziteaz\u0103 <a href=\"http:\/\/www.google.com\">Google<\/a> dar cookie-ul plasat pe calculatorul s\u0103u are ca domeniu wizard.com, spre exemplu,\u00a0 atunci este vorba despre un cookie third party.<\/p><p><b>2.4\u00a0\u00a0Cum func<\/b><b>\u00de<\/b><b>ioneaz\u0103 cookie-urile de targetare <\/b><b>AND<\/b><b>i publicitate?<\/b><\/p><p>\u00cen general, datele despre activitatea de navigare pe internet sunt colectate \u0219i analizate anonim. Dac\u0103 \u00een urma acestei analize reiese un interes specific, un cookie (mic fi\u0219ier text utilizat de majoritatea site-urilor pentru a stoca anumite p\u0103r\u021bi de informa\u021bie folositoare pentru a face experien\u0163a de navigare mai bun\u0103) \u2013 este plasat \u00een calculatorul Utilizatorului \u0219i acest cookie determin\u0103 ce reclam\u0103 va primi utilizatorul, care se nume\u0219te publicitate bazat\u0103 pe interes.<\/p><p>Publicitatea bazat\u0103 pe interes este un mod de a livra reclame pe website-urile pe care le vizita\u021bi \u0219i de a le face mai relevante pentru interesele dumneavoastr\u0103. Interesele comune sunt grupate \u00een func\u021bie de activitatea de navigare desf\u0103\u0219urat\u0103 anterior, iar utilizatorilor li se serve\u0219te doar publicitatea care se potrive\u0219te cu interesele lor. \u00cen acest mod, publicitatea este relevant\u0103 pentru interesele Utilizatorului.<\/p><ol start=\"3\"><li><b> Ce tipuri de cookie-uri <\/b><b>AND<\/b><b>i de identificatori de dispozitive folosim?<\/b><\/li><\/ol><p>Ave\u021bi posibilitatea de a v\u0103 retrage consim\u021b\u0103m\u00e2ntul dat pentru utilizarea cookie-urilor la orice moment, prin schimbarea op\u021biunilor din set\u0103rile de cookie-uri corespunz\u0103toare disponibile.<\/p><p>Daca seta\u021bi browser-ul dumneavoastr\u0103 s\u0103 blocheze \u0219i cookie-urile necesare, Site-ul ar putea s\u0103 nu func\u021bioneze \u00een mod corespunz\u0103tor. De asemenea, dezactivarea \u0219i a altor tipuri de cookie-uri (dec\u00e2t cele necesare) ar putea s\u0103 afecteze func\u021bionarea sau experien\u021ba dumneavoastr\u0103 la utilizarea Site-ului.<\/p><p><b>3.1\u00a0\u00a0Cookie-uri necesare<\/b><\/p><p>Modulele cookie strict necesare v\u0103 permit s\u0103 naviga\u021bi Site-ul \u0219i s\u0103 beneficia\u021bi de caracteristicile sale. F\u0103r\u0103 aceste module cookie, nu vom putea oferi anumite caracteristici.<\/p><p>Mai jos c\u00e2teva exemple ale cookie-urilor necesare pe care le utilizam pe Site.\u00a0<\/p><p><b>3.2\u00a0\u00a0Cookie-uri func<\/b><b>\u00de<\/b><b>ionale<\/b><\/p><p>\u00a0\u00a0\u00a0\u00a0\u00a0\u00a0Modulele cookie func\u021bionale \u00eenregistreaz\u0103 informa\u021bii legate de alegerile pe care le-a\u021bi f\u0103cut \u0219i ne permit, de asemenea, s\u0103 adapt\u0103m Site-ul web pentru a se potrivi nevoilor \u0219i solicit\u0103rilor dumneavoastr\u0103.<\/p><p><b>3.3\u00a0\u00a0Cookie-uri de performan\u0163\u0103 <\/b><b>AND<\/b><b>i analiz\u0103<\/b><\/p><p>Aceste tipuri de cookie ne ajut\u0103 s\u0103 \u00een\u021belegem cum utilizatorii folosesc Site-ul. Folosim aceste date doar \u00een scopul \u00eembunat\u0103\u021birii Serviciilor \u0219i a performantei Site-ului.\u00a0<\/p><p>Iat\u0103 c\u00e2teva exemple despre cum utiliz\u0103m aceste date:<\/p><ol><li>Informa\u021bii privind sec\u021biunea\/sec\u021biunile din Site vizitate mai frecvent pentru a ne ajuta s\u0103 \u00eembun\u0103t\u0103\u021bim experien\u0163a de navigare a Utilizatorilor;<\/li><li>Gestiunea \u0219i solu\u021bionarea eventualelor erori de func\u021bionare a Site-ului;<\/li><li>Test\u0103ri de design pentru a \u00eembun\u0103t\u0103\u021bi modul \u00een care Site-ul arat\u0103 \u0219i func\u021bioneaz\u0103.<\/li><\/ol><p>Uneori aceste analize sunt efectuate de ter\u021be entit\u0103\u021bi \u00een numele Companiei.<\/p><p>\u00a0<\/p><p><b>3.4 Servicii de analiz\u0103 prin Google Analytics<\/b><\/p><p>Site-ul folose\u0219te Google Analytics, un serviciu de analiz\u0103 web al Google Inc., cu sediul \u00een 1600 Amphitheatre Parkway, Mountain View, CA 94043, United States (\u201cGoogle\u201d).<\/p><p>Pe baza consim\u021b\u0103m\u00e2ntului dumneavoastr\u0103, Google va analiza \u00een numele nostru modul \u00een care dumneavoastr\u0103 folosi\u021bi Site-ul nostru. \u00cen acest scop, folosim printre altele, cookie-urile detaliate \u00een tabelul de mai sus. Informa\u021biile colectate de Google \u00een leg\u0103tura cu folosirea Site de c\u0103tre dumneavoastr\u0103 (spre exemplu, URL-ul de trimitere, paginile noastre web pe care le vizita\u021bi, tipul browser-ului dumneavoastr\u0103, set\u0103rile de limba, sistemul dumneavoastr\u0103 de operare, rezolu\u021bia ecranului) vor fi trimise unui server Google din Statele Unite, unde vor fi stocate \u0219i analizate; rezultatele corespunz\u0103toare ne vor fi ulterior f\u0103cute disponibile \u00eentr-o forma anonimizat\u0103.\u00a0<\/p><p>Mai mult, Google este certificat \u00een conformitate cu standardele EU-US Privacy Shield, care asigur\u0103 un nivel adecvat de protec\u021bie al datelor \u00een ceea ce prive\u0219te prelucrarea datelor de c\u0103tre Google \u00een SUA.<\/p><p>Pentru mai multe informa\u021bii despre Google Analytics v\u0103 rug\u0103m s\u0103 consulta\u021bi Google Analytics Terms of Service, Google Analytics security and privacy principles, \u0219i Google Privacy Policy.<\/p><p>Pute\u021bi s\u0103 v\u0103 retrage\u021bi consim\u021b\u0103m\u00e2ntul privind analiza web \u00een orice moment fie prin desc\u0103rcarea \u0219i instalarea unui Browser Plugin oferit de Google, fie prin gestionarea consim\u021b\u0103m\u00e2ntului dumneavoastr\u0103 prin set\u0103rile de mai sus.<\/p><p><b>3.5 Utiliz\u0103m urm\u0103toarele cookie-uri pe site-ul nostru web:<\/b><\/p><table><thead><tr><th><p><b>Cookie<\/b><\/p><\/th><th><p><b>Descriere<\/b><\/p><\/th><th><p><b>Durat\u0103<\/b><\/p><\/th><th><p><b>Tip<\/b><\/p><\/th><\/tr><\/thead><tbody><tr><td><p>_ga<\/p><\/td><td><p>Acest cookie este instalat de Google Analytics.<\/p><br \/><p>This cookie is installed by Google Analytics. Cookie-ul este utilizat pentru a calcula datele despre vizitatori, sesiuni, campanii \u0219i pentru a urm\u0103ri utilizarea site-ului pentru raportul analitic al site-ului. Cookie-urile stocheaz\u0103 informa\u021bii \u00een mod anonim \u0219i atribuie un num\u0103r generat aleatoriu pentru a identifica vizitatorii unici.<\/p><\/td><td><p>1 an, 21 zile\u00a0<\/p><\/td><td><p>Analytics<\/p><\/td><\/tr><tr><td><p>_gid<\/p><\/td><td><p>Acest cookie este instalat de Google Analytics. Cookie-ul este utilizat pentru a stoca informa\u021bii despre modul \u00een care vizitatorii folosesc un site web \u0219i ajut\u0103 la crearea unui raport de analiz\u0103 a func\u021bion\u0103rii site-ului web. Datele colectate, inclusiv num\u0103rul de vizitatori, sursa de unde provin \u0219i paginile au ap\u0103rut \u00eentr-o form\u0103 anonim\u0103.<\/p><\/td><td><p>1 an, 20 zile<\/p><\/td><td><p>Analytics<\/p><\/td><\/tr><tr><td><p>_gat<\/p><\/td><td><p>Aceste cookie-uri sunt instalate de Google Universal Analytics pentru a restr\u00e2nge rata solicit\u0103rii pentru a limita colectarea datelor pe site-urile cu trafic mare.<\/p><\/td><td><p>1 an, 20 zile\u00a0<\/p><\/td><td><p>Performance<\/p><\/td><\/tr><\/tbody><\/table><p>\u00a0<\/p><p><b>3.6\u00a0\u00a0Plug-in-uri de socializare<\/b><\/p><p>Site-ul poate utiliza sau implementa plug-in-urile re\u021belelor de socializare ale unor ter\u021bi. \u00cen general, interac\u021biunea dumneavoastr\u0103 cu un plug-in ofer\u0103 posibilitatea ter\u021bului s\u0103 colecteze unele informa\u021bii despre dumneavoastr\u0103, inclusiv adresa IP, informa\u021bii din antetul paginii \u0219i informa\u021bii despre browser. Site-ul utilizeaza butoane de socializare (facebook, linkedin, youtube)<\/p><p>\u00a0<\/p><ol start=\"4\"><li><b> Cum pot opri cookie-urile?<\/b><\/li><\/ol><p>Dezactivarea \u0219i refuzul de a primi cookie-uri pot face anumite site-uri impracticabile sau dificil de vizitat \u0219i folosit. De asemenea, refuzul de a accepta cookie-uri nu \u00eenseamn\u0103 ca nu ve\u021bi mai primi\/vedea publicitate online.<\/p><p>Este posibil\u0103 setarea din browser pentru ca aceste cookie-uri s\u0103 nu mai fie acceptate sau po\u021bi seta browser-ul s\u0103 accepte cookie-uri de la un site anume.<\/p><p>\u00a0<\/p><ol start=\"5\"><li><b> Linkuri utile<\/b><\/li><\/ol><p>Pentru mai multe informa\u021bii despre cookie-uri \u0219i la ce sunt utilizate va recomandam urm\u0103toarele link-uri:<\/p><p><i>Microsoft Cookies guide (https:\/\/support.microsoft.com\/ro-ro\/help\/260971\/description-of-cookies)<\/i><\/p><p><i>All About Cookies (https:\/\/www.allaboutcookies.org\/)<\/i><\/p><p>\u00a0<\/p><ol start=\"6\"><li><b> Utilizarea Cookie-urilor de c\u0103tre utilizator <\/b><b>AND<\/b><b>i controlul acestora\u00a0<\/b><\/li><\/ol><p>Browser-ul dumneavoastr\u0103 va furniza, de obicei, informa\u021bii despre cum s\u0103 refuza\u021bi, s\u0103 \u0219terge\u021bi sau s\u0103 bloca\u021bi cookie-urile. Urm\u0103toarele referin\u021be v\u0103 vor duce la acele informa\u021bii, \u00een raport de cele mai comune browsere utilizate:\u00a0<\/p><ul><li style=\"font-weight: 400;\" aria-level=\"1\"><a href=\"https:\/\/support.google.com\/chrome\/answer\/95647?hl=en-GB\">Chrome<\/a><\/li><li style=\"font-weight: 400;\" aria-level=\"1\"><a href=\"https:\/\/support.apple.com\/en-in\/guide\/safari\/manage-cookies-and-website-data-sfri11471\/mac\">Safari<\/a>\u00a0<\/li><li style=\"font-weight: 400;\" aria-level=\"1\"><a href=\"https:\/\/support.mozilla.org\/en-US\/kb\/enable-and-disable-cookies-website-preferences\">Firefox<\/a><\/li><li style=\"font-weight: 400;\" aria-level=\"1\"><a href=\"https:\/\/support.microsoft.com\/en-in\/help\/17442\/windows-internet-explorer-delete-manage-cookies\">Edge<\/a><\/li><li style=\"font-weight: 400;\" aria-level=\"1\"><a href=\"https:\/\/www.opera.com\/help\/tutorials\/security\/privacy\/\">Opera<\/a>\u00a0<\/li><\/ul><p>\u00a0<\/p><ol start=\"7\"><li><b> Modific\u0103ri ale acestei politici<\/b><\/li><\/ol><p>Aceast\u0103 politic\u0103 va fi actualizat\u0103 periodic, \u00een func\u021bie de modific\u0103rile func\u021bionale ce pot surveni, legislativ sau intern. \u00cen cazul \u00een care intervin modific\u0103ri ale materialului, clien\u021bii vor fi notifica\u021bi prin e-mail sau prin intermediul Site-ului \u00eenainte ca schimb\u0103rile s\u0103 intre \u00een vigoare. \u00cencuraj\u0103m Utilizatorii s\u0103 verifice aceast\u0103 pagin\u0103 periodic pentru a fi informa\u021bi despre ultimele nout\u0103\u021bi \u00een ceea ce prive\u0219te practicile noastre de confiden\u021bialitate.<\/p><p><br \/><br \/><br \/><br \/><\/p>","protected":false},"excerpt":{"rendered":"<p>Site-ul www.elm.ro (\u00een continuare \u201eSite-ul\u201d) poate seta sau citi module cookie \u0219i identificatori de dispozitive atunci c\u00e2nd utiliza\u021bi Site-ul.\u00a0 Informa\u021bii generale cu privire la module cookie \u0219i la identificatorii de dispozitiveCe este un \u201ecookie&#8221;?Un \u201eInternet Cookie&#8221; (termen cunoscut \u0219i ca \u201ebrowser cookie&#8221; sau \u201eHTTP cookie&#8221; sau pur \u0219i simplu \u201ecookie&#8221;) este un fi\u0219ier de mici [&hellip;]<\/p>","protected":false},"author":4,"featured_media":0,"parent":0,"menu_order":0,"comment_status":"closed","ping_status":"closed","template":"","meta":{"footnotes":""},"class_list":["post-5600","page","type-page","status-publish","hentry"],"acf":[],"yoast_head":"<!-- This site is optimized with the Yoast SEO Premium plugin v17.1.2 (Yoast SEO v19.14) - https:\/\/yoast.com\/wordpress\/plugins\/seo\/ -->\n<title>Politica de cookies - ELM Electromontaj Cluj S.A., Romania<\/title>\n<meta name=\"robots\" content=\"index, follow, max-snippet:-1, max-image-preview:large, max-video-preview:-1\" \/>\n<link rel=\"canonical\" href=\"https:\/\/www.elm.ro\/en\/politica-de-cookies\/\" \/>\n<meta property=\"og:locale\" content=\"en_US\" \/>\n<meta property=\"og:type\" content=\"article\" \/>\n<meta property=\"og:title\" content=\"Politica de cookies\" \/>\n<meta property=\"og:description\" content=\"Site-ul www.elm.ro (\u00een continuare \u201eSite-ul\u201d) poate seta sau citi module cookie \u0219i identificatori de dispozitive atunci c\u00e2nd utiliza\u021bi Site-ul.\u00a0 Informa\u021bii generale cu privire la module cookie \u0219i la identificatorii de dispozitiveCe este un \u201ecookie&#8221;?Un \u201eInternet Cookie&#8221; (termen cunoscut \u0219i ca \u201ebrowser cookie&#8221; sau \u201eHTTP cookie&#8221; sau pur \u0219i simplu \u201ecookie&#8221;) este un fi\u0219ier de mici [&hellip;]\" \/>\n<meta property=\"og:url\" content=\"https:\/\/www.elm.ro\/en\/politica-de-cookies\/\" \/>\n<meta property=\"og:site_name\" content=\"ELM Electromontaj Cluj S.A.\" \/>\n<meta property=\"article:modified_time\" content=\"2022-07-08T08:47:41+00:00\" \/>\n<meta name=\"twitter:card\" content=\"summary_large_image\" \/>\n<meta name=\"twitter:label1\" content=\"Est. reading time\" \/>\n\t<meta name=\"twitter:data1\" content=\"9 minutes\" \/>\n<script type=\"application\/ld+json\" class=\"yoast-schema-graph\">{\"@context\":\"https:\/\/schema.org\",\"@graph\":[{\"@type\":\"WebPage\",\"@id\":\"https:\/\/www.elm.ro\/politica-de-cookies\/\",\"url\":\"https:\/\/www.elm.ro\/politica-de-cookies\/\",\"name\":\"Politica de cookies - ELM Electromontaj Cluj S.A.\",\"isPartOf\":{\"@id\":\"https:\/\/www.elm.ro\/#website\"},\"datePublished\":\"2022-07-08T08:44:37+00:00\",\"dateModified\":\"2022-07-08T08:47:41+00:00\",\"breadcrumb\":{\"@id\":\"https:\/\/www.elm.ro\/politica-de-cookies\/#breadcrumb\"},\"inLanguage\":\"en-US\",\"potentialAction\":[{\"@type\":\"ReadAction\",\"target\":[\"https:\/\/www.elm.ro\/politica-de-cookies\/\"]}]},{\"@type\":\"BreadcrumbList\",\"@id\":\"https:\/\/www.elm.ro\/politica-de-cookies\/#breadcrumb\",\"itemListElement\":[{\"@type\":\"ListItem\",\"position\":1,\"name\":\"Home\",\"item\":\"https:\/\/www.elm.ro\/\"},{\"@type\":\"ListItem\",\"position\":2,\"name\":\"Politica de cookies\"}]},{\"@type\":\"WebSite\",\"@id\":\"https:\/\/www.elm.ro\/#website\",\"url\":\"https:\/\/www.elm.ro\/\",\"name\":\"ELM Electromontaj Cluj S.A.\",\"description\":\"Electromontaj Cluj - Instala\u021bii electrice\",\"potentialAction\":[{\"@type\":\"SearchAction\",\"target\":{\"@type\":\"EntryPoint\",\"urlTemplate\":\"https:\/\/www.elm.ro\/?s={search_term_string}\"},\"query-input\":\"required name=search_term_string\"}],\"inLanguage\":\"en-US\"}]}<\/script>\n<!-- \/ Yoast SEO Premium plugin. -->","yoast_head_json":{"title":"Politica de cookies - ELM Electromontaj Cluj S.A., Romania","robots":{"index":"index","follow":"follow","max-snippet":"max-snippet:-1","max-image-preview":"max-image-preview:large","max-video-preview":"max-video-preview:-1"},"canonical":"https:\/\/www.elm.ro\/en\/politica-de-cookies\/","og_locale":"en_US","og_type":"article","og_title":"Politica de cookies","og_description":"Site-ul www.elm.ro (\u00een continuare \u201eSite-ul\u201d) poate seta sau citi module cookie \u0219i identificatori de dispozitive atunci c\u00e2nd utiliza\u021bi Site-ul.\u00a0 Informa\u021bii generale cu privire la module cookie \u0219i la identificatorii de dispozitiveCe este un \u201ecookie&#8221;?Un \u201eInternet Cookie&#8221; (termen cunoscut \u0219i ca \u201ebrowser cookie&#8221; sau \u201eHTTP cookie&#8221; sau pur \u0219i simplu \u201ecookie&#8221;) este un fi\u0219ier de mici [&hellip;]","og_url":"https:\/\/www.elm.ro\/en\/politica-de-cookies\/","og_site_name":"ELM Electromontaj Cluj S.A.","article_modified_time":"2022-07-08T08:47:41+00:00","twitter_card":"summary_large_image","twitter_misc":{"Est. reading time":"9 minutes"},"schema":{"@context":"https:\/\/schema.org","@graph":[{"@type":"WebPage","@id":"https:\/\/www.elm.ro\/politica-de-cookies\/","url":"https:\/\/www.elm.ro\/politica-de-cookies\/","name":"Politica de cookies - ELM Electromontaj Cluj S.A.","isPartOf":{"@id":"https:\/\/www.elm.ro\/#website"},"datePublished":"2022-07-08T08:44:37+00:00","dateModified":"2022-07-08T08:47:41+00:00","breadcrumb":{"@id":"https:\/\/www.elm.ro\/politica-de-cookies\/#breadcrumb"},"inLanguage":"en-US","potentialAction":[{"@type":"ReadAction","target":["https:\/\/www.elm.ro\/politica-de-cookies\/"]}]},{"@type":"BreadcrumbList","@id":"https:\/\/www.elm.ro\/politica-de-cookies\/#breadcrumb","itemListElement":[{"@type":"ListItem","position":1,"name":"Home","item":"https:\/\/www.elm.ro\/"},{"@type":"ListItem","position":2,"name":"Politica de cookies"}]},{"@type":"WebSite","@id":"https:\/\/www.elm.ro\/#website","url":"https:\/\/www.elm.ro\/","name":"ELM Electromontaj Cluj S.A.","description":"Electromontaj Cluj - Instala\u021bii electrice","potentialAction":[{"@type":"SearchAction","target":{"@type":"EntryPoint","urlTemplate":"https:\/\/www.elm.ro\/?s={search_term_string}"},"query-input":"required name=search_term_string"}],"inLanguage":"en-US"}]}},"_links":{"self":[{"href":"https:\/\/www.elm.ro\/en\/wp-json\/wp\/v2\/pages\/5600","targetHints":{"allow":["GET"]}}],"collection":[{"href":"https:\/\/www.elm.ro\/en\/wp-json\/wp\/v2\/pages"}],"about":[{"href":"https:\/\/www.elm.ro\/en\/wp-json\/wp\/v2\/types\/page"}],"author":[{"embeddable":true,"href":"https:\/\/www.elm.ro\/en\/wp-json\/wp\/v2\/users\/4"}],"replies":[{"embeddable":true,"href":"https:\/\/www.elm.ro\/en\/wp-json\/wp\/v2\/comments?post=5600"}],"version-history":[{"count":4,"href":"https:\/\/www.elm.ro\/en\/wp-json\/wp\/v2\/pages\/5600\/revisions"}],"predecessor-version":[{"id":5606,"href":"https:\/\/www.elm.ro\/en\/wp-json\/wp\/v2\/pages\/5600\/revisions\/5606"}],"wp:attachment":[{"href":"https:\/\/www.elm.ro\/en\/wp-json\/wp\/v2\/media?parent=5600"}],"curies":[{"name":"wp","href":"https:\/\/api.w.org\/{rel}","templated":true}]}}