{"id":5595,"date":"2022-07-08T08:36:09","date_gmt":"2022-07-08T08:36:09","guid":{"rendered":"https:\/\/www.elm.ro\/?page_id=5595"},"modified":"2022-07-08T08:37:34","modified_gmt":"2022-07-08T08:37:34","slug":"termeni-si-conditii","status":"publish","type":"page","link":"https:\/\/www.elm.ro\/en\/termeni-si-conditii\/","title":{"rendered":"Termeni si conditii"},"content":{"rendered":"<p>\u00a0<\/p><p>\u00a0<\/p><ol><li style=\"font-weight: 400;\" aria-level=\"1\"><b>DISPOZI\u021aII GENERALE<\/b><\/li><\/ol><p>\u00a0<\/p><p>1.1 Prezentul document constituie contractul dintre dumneavoastr\u0103, \u00een calitate de Utilizator al website-ului \u00a0<a href=\"https:\/\/www.elm.ro\/en\/\">www.elm.ro<\/a> \u0219i ELM ELECTROMONTAJ CLUJ S.A., \u00een calitate de proprietar al site-ului (\u00een continuare \u201eSite-ul\u201d sau \u201ePlatforma\u201d).<\/p><p>1.2 Prin accesarea, navigarea \u0219i utilizarea site-ului <a href=\"https:\/\/www.elm.ro\/en\/\">www.elm.ro<\/a> confirma\u021bi faptul c\u0103 a\u021bi luat la cuno\u0219tin\u021b\u0103 Termenii \u0219i Condi\u021biile, \u00eei accepta\u021bi, \u00een\u021belege\u021bi \u0219i respecta\u021bi pe deplin. Neacceptarea acestor Termeni \u0219i Condi\u021bii atrage obliga\u021bia de a \u00eenceta, de \u00eendat\u0103, accesarea Site-ului.<\/p><p>1.3 Prevederile din ace\u0219ti Termeni \u0219i Condi\u021bii se aplic\u0103 pentru \u00eentreaga durat\u0103 de utilizare, durat\u0103 care se re\u00eennoie\u0219te cu fiecare accesare a Site-ului.<\/p><p>1.4 Prezentul document are rolul de a expune scopul Site-ului, a stabili condi\u021biile de utilizare a acestuia, a trasa limitele accesului la zonele de \u0219tiri, articole \u0219i desc\u0103rcare de informa\u021bi. Mai mult, acest document stabile\u0219te drepturile \u0219i obliga\u021biile fiec\u0103rei p\u0103r\u021bi, precum \u0219i limitele de r\u0103spundere ale acestora.<\/p><p>1.5 EnergoBit \u00ee\u0219i rezerv\u0103 dreptul de a actualiza forma \u0219i con\u021binutul site-ului f\u0103r\u0103 o notificare prealabil\u0103 a vizitatorilor. Prezen\u021bii Termeni \u0219i Condi\u021bii pot fi de asemenea modifica\u021bi f\u0103r\u0103 o notificare prealabil\u0103 \u00een acest sens, intr\u00e2nd \u00een vigoare din momentul public\u0103rii lor pe site. Vizitatorii au obliga\u021bia de a verifica periodic informa\u021biile prezentate \u00een clauzele acestor Termeni \u0219i Condi\u021bii.<\/p><p>\u00a0<\/p><ol start=\"2\"><li><b> CINE SUNTEM?<\/b><\/li><\/ol><p>\u00a0<\/p><p>2.1 Website-ul este proprietatea companiei <b>ELM ELECTROMONTAJ CLUJ SA<\/b>, persoan\u0103 juridic\u0103 rom\u00e2n\u0103, constituit\u0103 conform legii rom\u00e2ne, cu sediul social \u00een mun. Cluj-Napoca, str. Traian Vuia, nr. 240-242, jud. Cluj, \u00eenregistrat\u0103 la Oficiul Registrului Comer\u021bului de pe l\u00e2ng\u0103 Tribunalul Cluj sub nr. J12\/3821\/1991, av\u00e2nd CIF RO 201594 (denumit\u0103 \u00een continuare ,,Elm Electromontaj Cluj\u201d sau ,,Compania\u201d).<\/p><p>\u00a0<\/p><ol start=\"3\"><li><b> DREPTURI DE AUTOR<\/b><\/li><\/ol><p>\u00a0<\/p><p>3.1 Drepturile de autor sau alte drepturi de proprietate intelectual\u0103 cu privire la textele, imaginile, sunetele, programele software, graficele, butoanele, elementele de grafic\u0103 web, scripturi \u0219i \/sau orice alte date, precum \u0219i orice alte materiale din interiorul acestui site sunt proprietatea exclusiv\u0103 a Elm Electromontaj Cluj.<\/p><p>3.2 Nicio reproducere a oric\u0103rei p\u0103r\u021bi a acestui site nu poate fi v\u00e2ndut\u0103 sau distribuit\u0103 \u00een scopuri comerciale \u0219i nici nu poate fi modificat\u0103 sau folosit\u0103 \u00een alte lucr\u0103ri, publica\u021bii sau site-uri, fie c\u0103 este vorba de un format electronic sau tip\u0103rit. Elm Electromontaj Cluj nu acord\u0103 vizitatorilor acestui site niciun fel de licen\u021b\u0103 sau drept asupra materialelor postate \u0219i\/sau desc\u0103rcate de pe site, precum nici \u00een ceea ce prive\u0219te con\u021binutul \u0219i structura platformei.<\/p><p>3.3 Informa\u021biile \u0219i documentele puse la dispozi\u021bie de Companie, cum ar fi prezent\u0103ri tehnice, articole, cataloage, bro\u0219uri sau materiale similare, pot fi vizualizate \u0219i desc\u0103rcate de pe acest site exclusiv pentru uz personal, necomercial \u0219i doar sub condi\u021bia p\u0103str\u0103rii \u00een aceste materiale a tuturor anun\u021burilor privind drepturile de autor \u0219i\/sau a altor anun\u021buri de proprietate intelectual\u0103.<\/p><p>3.4 Folosirea f\u0103r\u0103 acordul scris a oric\u0103ror elemente de pe site-ul Elm Electromontaj Cluj sau a oric\u0103ror componente enumerate mai sus se pedepse\u0219te conform legilor \u00een vigoare. Nerespectarea oric\u0103reia dintre aceste condi\u021bii generale va conduce \u00een mod automat la anularea dreptului de a utiliza site-ul, precum \u0219i la distrugerea\/returnarea imediat\u0103 de c\u0103tre Utilizator a tuturor materialelor desc\u0103rcate \u0219i\/sau imprimate \u0219i plata de desp\u0103gubiri. Pentru a reclama drepturile de proprietate intelectual\u0103 pute\u021bi folosi adresa de mail <a href=\"mailto:ebit@energobit.com\">office@elm.ro<\/a>.\u00a0<\/p><p>3.5 Utilizatorul se oblig\u0103 s\u0103 sesize de \u00eendat\u0103 Elm Electromontaj Cluj asupra (i) nerespect\u0103rii prezentelor condi\u021bii generale, (ii) oric\u0103ror \u00eenc\u0103lc\u0103ri a drepturilor de proprietate intelectual\u0103 aferente con\u021binutului site-ului, precum \u0219i asupra (iii) utiliz\u0103rii \u00een scop comercial a materialelor disponibile pe acesta \u00een cazul \u00een care Utilizatorul are cuno\u0219tin\u021be\/de\u021bine informa\u021bii referitoare la asemenea situa\u021bii. Sesiz\u0103rile pot fi transmise utiliz\u00e2nd datele de contact din sec\u021biunea site-ului intitulat\u0103 <i>Contact.<\/i><\/p><p>\u00a0<\/p><ol start=\"4\"><li><b> CON\u021aINUTUL SITE-ULUI<\/b><\/li><\/ol><p>4.1 Elm Electromontaj Cluj \u00a0ofera solutii \u00een domeniul opera\u021bional, permi\u021b\u00e2nd astfel construc\u021bia sta\u021biilor electrice \u0219i de transformare, a liniilor electrice aeriene \u0219i subterane, precum \u0219i retehnologizarea sta\u021biilor de 400\/220\/110\/20 kV. Gama \u00eentreag\u0103 de produse si solutii \u0219i descrierea acestora o pute\u021bi g\u0103si \u00een sec\u021biunea \u201eServicii\u201d.\u00a0<\/p><p>4.2<b> \u00a0 \u00a0 \u00a0 \u00a0 <\/b>Compania nu comercializeaz\u0103 \u0219i nu vinde prin intermediul platformei niciun fel de produse sau servicii. Scopul site-ului este strict unul de informare \u0219i prezentare.<\/p><p>4.3 Platforma con\u021bine o sec\u021biune de <i>Nout\u0103\u021bi<\/i> prin care Compania posteaz\u0103, \u00een mod periodic, articole \u0219i comunicate de pres\u0103 cu nout\u0103\u021bi \u0219i evenimente pentru a \u021bine vizitatorii site-ului \u0219i clien\u021bii informa\u021bi cu privire la subiecte ce \u021bin de obiectul de activitate. \u00cen cadrul acestei sec\u021biuni, Compania va \u00eenc\u0103rca documente \u0219i fi\u0219iere de tip cataloage \u0219i bro\u0219uri cu produse sau servicii, precum \u0219i prezent\u0103ri \u0219i articole cu con\u021binut tehnic. Utilizatorul va putea desc\u0103rca aceste fi\u0219iere \u0219i vor putea primi informa\u021bii de actualitate prin abonarea la Newsletter-ul Elm Electromontaj Cluj.. Procesul de abonare se realizeaz\u0103 prin completarea formularului din rubrica <i>Contact<\/i> de pe platform\u0103 \u0219i presupune transmiterea unor date c\u0103tre Companie. Prelucrarea \u0219i stocarea acestor date se face \u00een acord cu Politica de confiden\u021bialitate afi\u0219at\u0103 pe site.<\/p><p>4.4  Compania dezvolt\u0103 \u00een cadrul site-ului anumite proiecte care au pagini individual dedicate \u0219i care pot fi vizualizate prin accesarea unei extensii a platformei <a href=\"http:\/\/www.energobit.com\">www.elm.ro<\/a>. Prin aceste proiecte, Elm Electromontaj Cluj prezint\u0103 \u00een mod exhaustiv categorii de produse sau servicii \u0219i informa\u021bii de utilitate general\u0103 \u0219i tehnic\u0103 cu privire la acestea. Vizitatorii care doresc informa\u021bii suplimentare, suport tehnic sau consultan\u021b\u0103 cu privire la respectivele produse sau servicii vor transmite datele solicitate \u00een cuprinsul formularului integrat \u00een pagin\u0103. Utilizatorul are, de asemenea, posibilitatea de a \u00eenc\u0103rca fi\u0219iere \u0219i documenta\u021bii tehnice spre a fi analizate, urm\u00e2nd a fi contactat de Companie. Datele transmise prin intermediul formularului sunt prelucrate \u0219i stocate conform Politicii de confiden\u021bialitate afi\u0219at\u0103 pe site.<\/p><p>4.5 Site-ul con\u021bine \u0219i o sec\u021biune de <i>Careers <\/i>prin intermediul c\u0103reia Compania promoveaz\u0103 programele, stagiile de practic\u0103 \u0219i posturile disponibile. Un utilizator care este interesat \u00een a aplica pentru o pozi\u021bie deschis\u0103 poate s\u0103 contacteze Compania, acces\u00e2nd sec\u021biunea <i>Careers<\/i> (\u0219i \u00eenaint\u00e2nd un CV), urm\u00e2nd a fi analizat\u0103 fiecare solicitare.<\/p><p>4.6 Informa\u021biile din acest site au fost introduse cu scopul de transmite informa\u021bii actualizate. Elm Electromontaj Cluj nu garanteaz\u0103 c\u0103 informa\u021biile con\u021binute \u00een acest site nu con\u021bin erori \u015fi asigur\u0103 c\u0103 va depune toate diligen\u0163ele pentru realizarea unei inform\u0103ri corecte \u015fi remedierea eventualelor neconcordan\u021be.<\/p><p>4.7 Elm Electromontaj Cluj \u00ee\u0219i rezerv\u0103 dreptul de a face schimb\u0103ri, corecturi \u0219i \u00eembun\u0103t\u0103\u021biri \u00een prezentul site, atunci c\u00e2nd consider\u0103 ca este cazul \u0219i f\u0103r\u0103 o notificare prealabil\u0103.<\/p><p><br \/><br \/><\/p><ol start=\"5\"><li><b> LINK-URI C\u0102TRE PLATFORME EXTERNE<\/b><\/li><\/ol><p>\u00a0<\/p><p>5.1 Compania poate utiliza\/afi\u0219a\/furniza link-uri c\u0103tre aplica\u021bii\/platforme\/website-uri exploatate de c\u0103tre ter\u021bi, cu acordul acestora. \u00cen cazul \u00een care dumneavoastr\u0103 le accesa\u021bi, nu suntem responsabili pentru modalitatea \u00een care le utiliza\u021bi, nu garant\u0103m \u0219i nu r\u0103spundem pentru nicio aplica\u021bie\/platform\u0103\/website pentru care furniz\u0103m link-uri prin intermediul website-ului <a href=\"http:\/\/www.energobit.com\">www.elm.ro<\/a>. \u00cen acest caz ave\u021bi obliga\u021bia de a consulta Termenii \u0219i Condi\u021biile, precum \u0219i Politicile fiec\u0103rei platforme externe.<\/p><p>5.2 \u00cen cazul \u00een care aplica\u021bii\/platforme\/website-uri ter\u021be ofer\u0103 link-uri c\u0103tre con\u021binutul <a href=\"http:\/\/www.energobit.com\">www.elm.ro<\/a>\u00a0 nu \u00eenseamn\u0103 implicit c\u0103 avem o leg\u0103tur\u0103 cu website-ul respectiv sau s\u0103 prezuma\u021bi asocierea sau afilierea noastr\u0103 la\/cu acele aplica\u021bii\/platforme\/website-uri.<\/p><p>\u00a0<\/p><ol start=\"6\"><li><b>6<\/b>. <b>LIMITE ALE R\u0102SPUNDERII\u00a0<\/b><\/li><\/ol><p>\u00a0<\/p><p>6.1 Compania nu recunoa\u015fte, \u00een mod expres, nicio garan\u0163ie, explicit\u0103 sau implicit\u0103, privind Site-ul \u015fi utilizarea acestuia de c\u0103tre dumneavoastr\u0103.\u00a0<\/p><p>6.2  Elm Electromontaj Cluj nu \u00ee\u0219i asum\u0103 responsabilitatea pentru gre\u0219elile de tip\u0103rire sau afi\u0219are, \u00een ceea ce prive\u0219te informa\u021biile prezentate pe site.<\/p><p>6.3 Compania nu poate fi f\u0103cut\u0103 r\u0103spunz\u0103toare pentru vreo pierdere, distrugere sau cheltuial\u0103 care pot decurge din accesul sau utilizarea prezentului site. De asemenea, compania nu r\u0103spunde pentru daunele produse din accesarea sau utilizarea informa\u021biilor sau datelor din articolele \u0219i documentele afi\u0219ate pe site \u0219i nu ofer\u0103 niciun fel de garan\u021bii pentru veridicitatea acestora.<\/p><p>6.4 Utilizatorul este de acord s\u0103 exonereze de r\u0103spundere \u0219i s\u0103 nu ac\u021bioneze Elm Electromontaj Cluj \u00een justi\u021bie at\u00e2t cu privire la orice preten\u021bie ridicat\u0103 de c\u0103tre un te\u021b rezultat\u0103 din utilizarea site-ului, c\u00e2t \u0219i cu privire la orice pierdere (direct\u0103, indirect sau de alt\u0103 natur\u0103), costuri, ac\u021biuni, procese, preten\u021bii, cheltuieli (inclusiv cheltuieli de judecat\u0103) \u0219i\/sau alte r\u0103spunderi, suferite \u00een vreun fel sau provocate direct de EnergoBit ca urmare a \u00eenc\u0103lc\u0103rii sau ignor\u0103rii de c\u0103tre Utilizator a acestor condi\u021bii.<\/p><p>6.5  Elm Electromontaj Clujnu \u00ee\u015fi asum\u0103 responsabilitatea pentru nici un produs sau serviciu oferit de un ter\u0163 sau la care se face reclam\u0103 sau al oric\u0103rui website este conectat la acesta sau este prezentat pe orice banner sau material publicitar, \u0219i nici nu va fi responsabil pentru efectuarea vreunei tranzac\u0163ii \u00eentre dumneavoastr\u0103 \u015fi ter\u0163i furnizori de produse sau servicii.\u00a0<\/p><p>6.6 Elm Electromontaj Cluj nu va fi r\u0103spunz\u0103toare pentru nici un fel de pagube directe sau indirecte, care includ, f\u0103r\u0103 limitare, pagube pentru pierderea de profituri, clientel\u0103, date sau alte pierderi derivate din:\u00a0<\/p><p>(a)\u00a0 utilizarea sau incapacitatea de a utiliza Site-ul;\u00a0<\/p><p>(b)\u00a0 declara\u0163ii sau conduit\u0103 a oric\u0103rui ter\u0163 \u00een ceea ce prive\u015fte Site-ul;\u00a0<\/p><p>(c)\u00a0 inexactit\u0103\u0163i, gre\u015feli sau erori de con\u0163inut;\u00a0<\/p><p>(d)\u00a0 leziuni personale sau daune aduse propriet\u0103\u0163ii, indiferent de natura acestora, derivate din accesul \u015fi utilizarea de c\u0103tre dumneavoastr\u0103 a Site-ului;\u00a0<\/p><p>(e)\u00a0 orice defecte de program, viru\u015fi, \u201ecai troieni&#8221; sau entit\u0103\u0163i similare, care pot fi transmise Site-ului sau prin acesta de c\u0103tre un ter\u0163;\u00a0<\/p><p>\u00a0<\/p><ol start=\"7\"><li><b> PUBLICITATEA\u00a0<\/b><\/li><\/ol><p>\u00a0<\/p><p>7.1 Elm Electromontaj Cluj poate afi\u0219a reclame la produsele ori serviciile din oferta sa precum \u0219i la produse ori servicii apar\u021bin\u00e2nd ter\u021bilor. Prin utilizarea paginii Elm Electromontaj Cluj \u0219i prin acceptarea Termenilor \u0219i Condi\u021biilor de utilizare, precum \u0219i a Politicii de confiden\u021bialitate, v\u0103 exprima\u021bi \u00een mod direct acceptul de a fi destinatarul acestor comunic\u0103ri cu caracter comercial.<\/p><p>\u00a0<\/p><ol start=\"8\"><li><b> MODIFIC\u0102RI<\/b><\/li><\/ol><p>\u00a0<\/p><p>8.1 Elm Electromontaj Cluj \u00ee\u0219i rezerv\u0103 dreptul de a modifica \u00een orice moment con\u021binutul Termenilor \u0219i Condi\u021biilor de utilizare, f\u0103r\u0103 o notificare anterioar\u0103 a utilizatorului.<\/p><p>8.2 Ne rezerv\u0103m dreptul de a schimba con\u021binutul sau caracteristicile tehnice ale oric\u0103rui aspect al platformei, \u00een orice moment, \u00een func\u021bie de oportunit\u0103\u021bile tehnice \u0219i comerciale analizate \u0219i \u00een func\u021bie de avansul tehnologic. \u00cen aceste condi\u021bii, accepta\u021bi c\u0103 v\u0103 pute\u021bi afla \u00een imposibilitatea acces\u0103rii sau utiliz\u0103rii platformei pe \u00eentreaga perioad\u0103 a modific\u0103rilor sau ulterior.<\/p><p>\u00a0<\/p><ol start=\"9\"><li><b> CONFIDEN\u021aIALITATE \u0218I SECURITATE<\/b><\/li><\/ol><p>\u00a0<\/p><p>9.1 Se asigur\u0103 confiden\u021bialitatea tuturor informa\u021biilor, de orice natur\u0103, pe care utilizatorii le vor furniza pe pagina Elm Electromontaj Cluj sau reprezentan\u021bilor acesteia (companiei).\u00a0<\/p><p>9.2 Pentru mai multe detalii referitoare la confiden\u0163ialitatea datelor, prelucrarea \u0219i stocarea acestora, v\u0103 rug\u0103m s\u0103 consulta\u021bi Politica de confiden\u021bialitate afi\u0219at\u0103 pe site.<\/p><p>9.3  Utilizatorul \u00een\u0163elege faptul c\u0103 serviciile sunt disponibile prin intermediul Internetului \u2013 re\u0163ea ce nu este sub controlul direct sau indirect al Elm Electromontaj Cluj. Cu toate acestea, Compania \u00eencearc\u0103 s\u0103 depun\u0103 toate eforturile necesare pentru a men\u021bine securitatea informa\u021biilor \u015fi ia m\u0103suri tehnice \u015fi organizatorice adecvate \u00een vederea asigur\u0103rii securit\u0103\u0163ii datelor \u0219i disponibilitatea platformei.<\/p><p>9.4 Elm Electromontaj Cluj recomand\u0103 Utilizatorului s\u0103 verifice \u00een permanen\u0163\u0103 politicile de securitate ale browser-ului folosit, precum \u015fi terminalul utilizat pentru accesarea site-ului, astfel \u00eenc\u00e2t acesta s\u0103 aib\u0103 instalat \u0219i actualizat un software \u00eempotriva viru\u015filor de orice tip sau a oric\u0103ror atacuri externe de tip cracking sau hacking.<\/p><p>9.5 Utilizatorii care afecteaz\u0103 securitatea sistemelor sau re\u021belelor Elm Electromontaj Cluj sau care atenteaz\u0103 la integritatea acestora vor suporta consecin\u0163ele (penale sau civile) stabilite de normele legale \u00een vigoare aplicabile.<\/p><p>\u00a0<\/p><ol start=\"10\"><li><b> FOR\u021aA MAJOR\u0102<\/b><\/li><\/ol><p>\u00a0<\/p><p>10.1 For\u021ba major\u0103 este evenimentul imprevizibil, \u00een afara controlului p\u0103r\u021bilor \u0219i care nu poate fi evitat. Compania nu poate fi f\u0103cut\u0103 responsabil\u0103 pentru nici o intarziere \u0219i\/sau eroare \u00een con\u021binutul furnizat rezult\u00e2nd direct sau indirect din cauze care nu depind de voin\u021ba sa.<\/p><p>10.2 Aceast\u0103 exonerare include, dar nu se limiteaz\u0103 la: erorile de func\u021bionare a echipamentului tehnic de la Elm Electromontaj Cluj, lipsa func\u021bion\u0103rii conexiunii la Internet, lipsa func\u021bion\u0103rii conexiunilor de telefon, viru\u0219ii informatici, accesul neautorizat \u00een sistemele Elm Electromontaj Cluj, erorile de operare, precum \u0219i cazurile de for\u021b\u0103 major\u0103 stipulate de legisla\u021bia rom\u00e2n\u0103 \u00een vigoare.<\/p><p>\u00a0<\/p><ol start=\"11\"><li><b> LEGISLA\u021aIE APLICABIL\u0102 \u0218I LITIGII<\/b><\/li><\/ol><p>\u00a0<\/p><p>11.1 Prin accesarea acestui site, Utilizatorul accept\u0103 c\u0103 acest contract \u0219i orice disput\u0103 legat\u0103 de el sunt guvernate \u0219i interpretate \u00een concordan\u021b\u0103 cu legile rom\u00e2ne, iar Utilizatorul admite s\u0103 se supun\u0103 jurisdic\u021biei exclusive a instan\u021belor judec\u0103tore\u0219ti de pe teritoriul Rom\u00e2niei.<\/p><p>11.2 Acest website poate fi accesat de oriunde de pe teritoriul Rom\u00e2niei \u015fi \u00een afara acestuia (\u00een alte state), \u00een m\u0103sura \u00een care condi\u021biile tehnice permit acest lucru. Elm Electromontaj Cluj nu ofer\u0103 nicio garan\u021bie conform c\u0103reia site-ul se supune legilor (inclusiv celor de proprietate intelectual\u0103) altor \u021b\u0103ri \u00een afara Rom\u00e2niei. Dac\u0103 Utilizatorul acceseaz\u0103 platforma din afara Rom\u00e2niei, o face pe riscul s\u0103u, fiind singurul responsabil de respectarea legilor teritoriului pe care se afl\u0103.<\/p><p>11.3 \u00cen caz de apari\u021bie a oric\u0103rui litigiu referitor la raportul, contractul sau rezultat din sau \u00een leg\u0103tur\u0103 cu \u00eencheierea, interpretarea, executarea ori \u00eencetarea acestuia, acesta va fi solu\u021bionat pe cale amiabil\u0103. Dac\u0103 acest lucru nu este posibil, solu\u021bionarea conflictelor este de competen\u021ba exclusiv\u0103 a instan\u021belor competente din Cluj-Napoca.<\/p><p>11.4 \u00cen cazul declar\u0103rii vreuneia din clauzele prezentului Document nul\u0103 sau inaplicabil\u0103, restul clauzelor vor continua s\u0103 \u00ee\u0219i produc\u0103 efectele, iar clauz\u0103 declarat\u0103 nul\u0103 sau inaplicabil\u0103 va fi \u00eenlocuit\u0103 de o nou\u0103 clauz\u0103 care s\u0103 reflecte c\u00e2t mai apropiat cu putin\u021b\u0103 voin\u021ba Companiei.<\/p><p>\u00a0<\/p><ol start=\"12\"><li><b> SUPORT<\/b><\/li><\/ol><p>12.1\u00a0 Pentru orice \u00eentreb\u0103ri sau sesiz\u0103ri, v\u0103 rug\u0103m s\u0103 ne contacta\u021bi la adresa de e-mail: <a href=\"mailto:office@elm.ro\">office@elm.ro<\/a> sau la num\u0103rul de telefon 0264 274 103.<\/p><p>\u00a0<\/p><p><i>Prezentii Termeni \u0219i Condi\u021bii au fost actualizate \u00een data de <\/i><i>13 noiembrie 2020<\/i><i>.<\/i><\/p><p><br \/><br \/><br \/><br \/><br \/><br \/><\/p>","protected":false},"excerpt":{"rendered":"<p>\u00a0\u00a0DISPOZI\u021aII GENERALE\u00a01.1 Prezentul document constituie contractul dintre dumneavoastr\u0103, \u00een calitate de Utilizator al website-ului \u00a0www.elm.ro \u0219i ELM ELECTROMONTAJ CLUJ S.A., \u00een calitate de proprietar al site-ului (\u00een continuare \u201eSite-ul\u201d sau \u201ePlatforma\u201d).1.2 Prin accesarea, navigarea \u0219i utilizarea site-ului www.elm.ro confirma\u021bi faptul c\u0103 a\u021bi luat la cuno\u0219tin\u021b\u0103 Termenii \u0219i Condi\u021biile, \u00eei accepta\u021bi, \u00een\u021belege\u021bi \u0219i respecta\u021bi pe deplin. [&hellip;]<\/p>","protected":false},"author":4,"featured_media":0,"parent":0,"menu_order":0,"comment_status":"closed","ping_status":"closed","template":"","meta":{"footnotes":""},"class_list":["post-5595","page","type-page","status-publish","hentry"],"acf":[],"yoast_head":"<!-- This site is optimized with the Yoast SEO Premium plugin v17.1.2 (Yoast SEO v19.14) - https:\/\/yoast.com\/wordpress\/plugins\/seo\/ -->\n<title>Termeni si conditii - ELM Electromontaj Cluj S.A., Romania<\/title>\n<meta name=\"robots\" content=\"index, follow, max-snippet:-1, max-image-preview:large, max-video-preview:-1\" \/>\n<link rel=\"canonical\" href=\"https:\/\/www.elm.ro\/en\/termeni-si-conditii\/\" \/>\n<meta property=\"og:locale\" content=\"en_US\" \/>\n<meta property=\"og:type\" content=\"article\" \/>\n<meta property=\"og:title\" content=\"Termeni si conditii\" \/>\n<meta property=\"og:description\" content=\"\u00a0\u00a0DISPOZI\u021aII GENERALE\u00a01.1 Prezentul document constituie contractul dintre dumneavoastr\u0103, \u00een calitate de Utilizator al website-ului \u00a0www.elm.ro \u0219i ELM ELECTROMONTAJ CLUJ S.A., \u00een calitate de proprietar al site-ului (\u00een continuare \u201eSite-ul\u201d sau \u201ePlatforma\u201d).1.2 Prin accesarea, navigarea \u0219i utilizarea site-ului www.elm.ro confirma\u021bi faptul c\u0103 a\u021bi luat la cuno\u0219tin\u021b\u0103 Termenii \u0219i Condi\u021biile, \u00eei accepta\u021bi, \u00een\u021belege\u021bi \u0219i respecta\u021bi pe deplin. [&hellip;]\" \/>\n<meta property=\"og:url\" content=\"https:\/\/www.elm.ro\/en\/termeni-si-conditii\/\" \/>\n<meta property=\"og:site_name\" content=\"ELM Electromontaj Cluj S.A.\" \/>\n<meta property=\"article:modified_time\" content=\"2022-07-08T08:37:34+00:00\" \/>\n<meta name=\"twitter:card\" content=\"summary_large_image\" \/>\n<meta name=\"twitter:label1\" content=\"Est. reading time\" \/>\n\t<meta name=\"twitter:data1\" content=\"12 minutes\" \/>\n<script type=\"application\/ld+json\" class=\"yoast-schema-graph\">{\"@context\":\"https:\/\/schema.org\",\"@graph\":[{\"@type\":\"WebPage\",\"@id\":\"https:\/\/www.elm.ro\/termeni-si-conditii\/\",\"url\":\"https:\/\/www.elm.ro\/termeni-si-conditii\/\",\"name\":\"Termeni si conditii - ELM Electromontaj Cluj S.A.\",\"isPartOf\":{\"@id\":\"https:\/\/www.elm.ro\/#website\"},\"datePublished\":\"2022-07-08T08:36:09+00:00\",\"dateModified\":\"2022-07-08T08:37:34+00:00\",\"breadcrumb\":{\"@id\":\"https:\/\/www.elm.ro\/termeni-si-conditii\/#breadcrumb\"},\"inLanguage\":\"en-US\",\"potentialAction\":[{\"@type\":\"ReadAction\",\"target\":[\"https:\/\/www.elm.ro\/termeni-si-conditii\/\"]}]},{\"@type\":\"BreadcrumbList\",\"@id\":\"https:\/\/www.elm.ro\/termeni-si-conditii\/#breadcrumb\",\"itemListElement\":[{\"@type\":\"ListItem\",\"position\":1,\"name\":\"Home\",\"item\":\"https:\/\/www.elm.ro\/\"},{\"@type\":\"ListItem\",\"position\":2,\"name\":\"Termeni si conditii\"}]},{\"@type\":\"WebSite\",\"@id\":\"https:\/\/www.elm.ro\/#website\",\"url\":\"https:\/\/www.elm.ro\/\",\"name\":\"ELM Electromontaj Cluj S.A.\",\"description\":\"Electromontaj Cluj - Instala\u021bii electrice\",\"potentialAction\":[{\"@type\":\"SearchAction\",\"target\":{\"@type\":\"EntryPoint\",\"urlTemplate\":\"https:\/\/www.elm.ro\/?s={search_term_string}\"},\"query-input\":\"required name=search_term_string\"}],\"inLanguage\":\"en-US\"}]}<\/script>\n<!-- \/ Yoast SEO Premium plugin. -->","yoast_head_json":{"title":"Termeni si conditii - ELM Electromontaj Cluj S.A., Romania","robots":{"index":"index","follow":"follow","max-snippet":"max-snippet:-1","max-image-preview":"max-image-preview:large","max-video-preview":"max-video-preview:-1"},"canonical":"https:\/\/www.elm.ro\/en\/termeni-si-conditii\/","og_locale":"en_US","og_type":"article","og_title":"Termeni si conditii","og_description":"\u00a0\u00a0DISPOZI\u021aII GENERALE\u00a01.1 Prezentul document constituie contractul dintre dumneavoastr\u0103, \u00een calitate de Utilizator al website-ului \u00a0www.elm.ro \u0219i ELM ELECTROMONTAJ CLUJ S.A., \u00een calitate de proprietar al site-ului (\u00een continuare \u201eSite-ul\u201d sau \u201ePlatforma\u201d).1.2 Prin accesarea, navigarea \u0219i utilizarea site-ului www.elm.ro confirma\u021bi faptul c\u0103 a\u021bi luat la cuno\u0219tin\u021b\u0103 Termenii \u0219i Condi\u021biile, \u00eei accepta\u021bi, \u00een\u021belege\u021bi \u0219i respecta\u021bi pe deplin. [&hellip;]","og_url":"https:\/\/www.elm.ro\/en\/termeni-si-conditii\/","og_site_name":"ELM Electromontaj Cluj S.A.","article_modified_time":"2022-07-08T08:37:34+00:00","twitter_card":"summary_large_image","twitter_misc":{"Est. reading time":"12 minutes"},"schema":{"@context":"https:\/\/schema.org","@graph":[{"@type":"WebPage","@id":"https:\/\/www.elm.ro\/termeni-si-conditii\/","url":"https:\/\/www.elm.ro\/termeni-si-conditii\/","name":"Termeni si conditii - ELM Electromontaj Cluj S.A.","isPartOf":{"@id":"https:\/\/www.elm.ro\/#website"},"datePublished":"2022-07-08T08:36:09+00:00","dateModified":"2022-07-08T08:37:34+00:00","breadcrumb":{"@id":"https:\/\/www.elm.ro\/termeni-si-conditii\/#breadcrumb"},"inLanguage":"en-US","potentialAction":[{"@type":"ReadAction","target":["https:\/\/www.elm.ro\/termeni-si-conditii\/"]}]},{"@type":"BreadcrumbList","@id":"https:\/\/www.elm.ro\/termeni-si-conditii\/#breadcrumb","itemListElement":[{"@type":"ListItem","position":1,"name":"Home","item":"https:\/\/www.elm.ro\/"},{"@type":"ListItem","position":2,"name":"Termeni si conditii"}]},{"@type":"WebSite","@id":"https:\/\/www.elm.ro\/#website","url":"https:\/\/www.elm.ro\/","name":"ELM Electromontaj Cluj S.A.","description":"Electromontaj Cluj - Instala\u021bii electrice","potentialAction":[{"@type":"SearchAction","target":{"@type":"EntryPoint","urlTemplate":"https:\/\/www.elm.ro\/?s={search_term_string}"},"query-input":"required name=search_term_string"}],"inLanguage":"en-US"}]}},"_links":{"self":[{"href":"https:\/\/www.elm.ro\/en\/wp-json\/wp\/v2\/pages\/5595","targetHints":{"allow":["GET"]}}],"collection":[{"href":"https:\/\/www.elm.ro\/en\/wp-json\/wp\/v2\/pages"}],"about":[{"href":"https:\/\/www.elm.ro\/en\/wp-json\/wp\/v2\/types\/page"}],"author":[{"embeddable":true,"href":"https:\/\/www.elm.ro\/en\/wp-json\/wp\/v2\/users\/4"}],"replies":[{"embeddable":true,"href":"https:\/\/www.elm.ro\/en\/wp-json\/wp\/v2\/comments?post=5595"}],"version-history":[{"count":4,"href":"https:\/\/www.elm.ro\/en\/wp-json\/wp\/v2\/pages\/5595\/revisions"}],"predecessor-version":[{"id":5599,"href":"https:\/\/www.elm.ro\/en\/wp-json\/wp\/v2\/pages\/5595\/revisions\/5599"}],"wp:attachment":[{"href":"https:\/\/www.elm.ro\/en\/wp-json\/wp\/v2\/media?parent=5595"}],"curies":[{"name":"wp","href":"https:\/\/api.w.org\/{rel}","templated":true}]}}