{"id":5459,"date":"2022-06-22T23:26:41","date_gmt":"2022-06-22T23:26:41","guid":{"rendered":"https:\/\/www.elm.ro\/?page_id=5459"},"modified":"2025-05-30T12:17:55","modified_gmt":"2025-05-30T10:17:55","slug":"certificari","status":"publish","type":"page","link":"https:\/\/www.elm.ro\/en\/certificari\/","title":{"rendered":"Certifications"},"content":{"rendered":"<section class=\"wpb-content-wrapper\"><div class=\"\"><div class=\"container\"><div class=\"vc_row wpb_row vc_row-fluid\" ><div class=\"wpb_column vc_column_container vc_col-sm-12\"><div class=\"vc_column-inner\"><div class=\"wpb_wrapper\"><\/div><\/div><\/div><\/div><\/div><\/div><div class=\"\"><div class=\"container\"><div class=\"vc_row wpb_row vc_row-fluid\" ><div class=\"wpb_column vc_column_container vc_col-sm-3\"><div class=\"vc_column-inner\"><div class=\"wpb_wrapper\"><\/div><\/div><\/div><div class=\"wpb_column vc_column_container vc_col-sm-3\"><div class=\"vc_column-inner\"><div class=\"wpb_wrapper\"><\/div><\/div><\/div><div class=\"wpb_column vc_column_container vc_col-sm-3\"><div class=\"vc_column-inner\"><div class=\"wpb_wrapper\"><\/div><\/div><\/div><div class=\"wpb_column vc_column_container vc_col-sm-3\"><div class=\"vc_column-inner\"><div class=\"wpb_wrapper\"><\/div><\/div><\/div><\/div><\/div><\/div><div class=\"\"><div class=\"container\"><div class=\"vc_row wpb_row vc_row-fluid\" ><div class=\"wpb_column vc_column_container vc_col-sm-6\"><div class=\"vc_column-inner vc_custom_1524482790639\"><div class=\"wpb_wrapper\">\n\t<div class=\"wpb_text_column wpb_content_element\" >\n\t\t<div class=\"wpb_wrapper\">\n\t\t\t<p>ELM Electromontaj Cluj SA, is committed to apply the best practices regarding the workplace and to comply with all legal requirements regarding environmental protection. Through the activities carried out, a cleaner environment is promoted, through the continuous improvement of environmental performances, with an emphasis on achievement. ELM Electromontaj Cluj SA has contracts with authorized operators regarding the achievement of waste collection, recovery and recycling objectives. An environmental management system is implemented and certified, in accordance with the requirements of the SR EN ISO 14001:2015 standard.<\/p>\n<p>In 2022, there were no notifications or complaints from interested parties regarding environmental protection. The activities carried out on the site are carried out on the basis of the environmental permit and have a low impact on the environment.<\/p>\n<p>During the controls carried out by the representatives of the environmental authorities during 2022, it was found that the activities carried out comply with the provisions of the environmental authorization under which they operate and in accordance with the environmental legal provisions, no sanction being applied<\/p>\n\n\t\t<\/div>\n\t<\/div>\n<div class=\"gt3_spacing\"><div class=\"gt3_spacing-height gt3_spacing-height_default\" style=\"height:24px;\"><\/div><\/div>  \n<\/div><\/div><\/div><div class=\"wpb_column vc_column_container vc_col-sm-6\"><div class=\"vc_column-inner\"><div class=\"wpb_wrapper\"><div class=\"gt3_icon_box gt3_icon_box_icon-position_ gt3_icon_box_icon-position_top gt3_icon_box__icon_icon_size_regular\"><div class=\"gt3_icon_box-content-wrapper\"  ><div class=\"gt3_icon_box__title\"><h2 style=\"color:#2b3152; \"><a href=\"https:\/\/www.elm.ro\/wp-content\/uploads\/2022\/06\/ELM_Declaratia-de-politica.pdf\">Policy Statement<\/a><\/h2><\/div><\/div><\/div>  \n<div class=\"vc_separator wpb_content_element vc_separator_align_center vc_sep_width_100 vc_sep_pos_align_center vc_separator_no_text vc_sep_color_grey\" ><span class=\"vc_sep_holder vc_sep_holder_l\"><span  class=\"vc_sep_line\"><\/span><\/span><span class=\"vc_sep_holder vc_sep_holder_r\"><span  class=\"vc_sep_line\"><\/span><\/span>\n<\/div><div class=\"gt3_icon_box gt3_icon_box_icon-position_ gt3_icon_box_icon-position_top gt3_icon_box__icon_icon_size_regular\"><div class=\"gt3_icon_box-content-wrapper\"  ><div class=\"gt3_icon_box__title\"><h2 style=\"color:#2b3152; \"><a href=\"https:\/\/www.elm.ro\/wp-content\/uploads\/2025\/05\/Program-prevenire-si-reducere-deseuri.pdf\">Waste prevention and reduction program<\/a><\/h2><\/div><\/div><\/div>  \n<div class=\"vc_separator wpb_content_element vc_separator_align_center vc_sep_width_100 vc_sep_pos_align_center vc_separator_no_text vc_sep_color_grey\" ><span class=\"vc_sep_holder vc_sep_holder_l\"><span  class=\"vc_sep_line\"><\/span><\/span><span class=\"vc_sep_holder vc_sep_holder_r\"><span  class=\"vc_sep_line\"><\/span><\/span>\n<\/div><div class=\"gt3_spacing\"><div class=\"gt3_spacing-height gt3_spacing-height_default\" style=\"height:24px;\"><\/div><\/div>  \n<div class=\"gt3_icon_box gt3_icon_box_icon-position_ gt3_icon_box_icon-position_top gt3_icon_box__icon_icon_size_regular  gt3-box-image\"><i class=\"gt3_icon_box__icon\" ><img loading=\"lazy\" decoding=\"async\" width=\"130\" height=\"130\" src=\"https:\/\/www.elm.ro\/wp-content\/uploads\/2018\/03\/icon_boxes_22.png\" class=\"attachment-medium size-medium\" alt=\"\" \/><\/i><div class=\"gt3_icon_box-content-wrapper\"  ><div class=\"gt3_icon_box__title\"><h2 style=\"color:#2b3152; \"><a href=\"https:\/\/www.elm.ro\/wp-content\/uploads\/2025\/05\/ISO-9001-ELM-Electromontaj-en.pdf\">ISO 9001 certificate<\/a><\/h2><\/div><\/div><\/div>  \n<div class=\"vc_separator wpb_content_element vc_separator_align_center vc_sep_width_100 vc_sep_pos_align_center vc_separator_no_text vc_sep_color_grey\" ><span class=\"vc_sep_holder vc_sep_holder_l\"><span  class=\"vc_sep_line\"><\/span><\/span><span class=\"vc_sep_holder vc_sep_holder_r\"><span  class=\"vc_sep_line\"><\/span><\/span>\n<\/div><div class=\"gt3_spacing\"><div class=\"gt3_spacing-height gt3_spacing-height_default\" style=\"height:24px;\"><\/div><\/div>  \n<div class=\"gt3_icon_box gt3_icon_box_icon-position_ gt3_icon_box_icon-position_top gt3_icon_box__icon_icon_size_regular  gt3-box-image\"><i class=\"gt3_icon_box__icon\" ><img loading=\"lazy\" decoding=\"async\" width=\"130\" height=\"130\" src=\"https:\/\/www.elm.ro\/wp-content\/uploads\/2018\/03\/icon_boxes_22.png\" class=\"attachment-medium size-medium\" alt=\"\" \/><\/i><div class=\"gt3_icon_box-content-wrapper\"  ><div class=\"gt3_icon_box__title\"><h2 style=\"color:#2b3152; \"><a href=\"https:\/\/www.elm.ro\/wp-content\/uploads\/2025\/05\/ISO-9001-ELM-Electromontaj-en.pdf\">ISO 14001 certificate<\/a><\/h2><\/div><\/div><\/div>  \n<div class=\"vc_separator wpb_content_element vc_separator_align_center vc_sep_width_100 vc_sep_pos_align_center vc_separator_no_text vc_sep_color_grey\" ><span class=\"vc_sep_holder vc_sep_holder_l\"><span  class=\"vc_sep_line\"><\/span><\/span><span class=\"vc_sep_holder vc_sep_holder_r\"><span  class=\"vc_sep_line\"><\/span><\/span>\n<\/div><div class=\"gt3_spacing\"><div class=\"gt3_spacing-height gt3_spacing-height_default\" style=\"height:24px;\"><\/div><\/div>  \n<div class=\"gt3_icon_box gt3_icon_box_icon-position_ gt3_icon_box_icon-position_top gt3_icon_box__icon_icon_size_regular  gt3-box-image\"><i class=\"gt3_icon_box__icon\" ><img loading=\"lazy\" decoding=\"async\" width=\"130\" height=\"130\" src=\"https:\/\/www.elm.ro\/wp-content\/uploads\/2018\/03\/icon_boxes_22.png\" class=\"attachment-medium size-medium\" alt=\"\" \/><\/i><div class=\"gt3_icon_box-content-wrapper\"  ><div class=\"gt3_icon_box__title\"><h2 style=\"color:#2b3152; \"><a href=\"https:\/\/www.elm.ro\/wp-content\/uploads\/2025\/05\/ISO-45001-ELM-Electromontaj-en.pdf\">ISO 45001 certificate<\/a><\/h2><\/div><\/div><\/div>  \n<\/div><\/div><\/div><\/div><\/div><\/div><\/section>","protected":false},"excerpt":{"rendered":"ELM Electromontaj Cluj S.A., s-a angajat s\u0103 aplice cele mai bune practici privind locul de munc\u0103 \u0219i s\u0103 se conformeze tuturor cerin\u021belor legale privind protec\u021bia mediului. Prin activit\u0103\u021bile desf\u0103\u0219urate se promoveaz\u0103 un mediu mai curat, prin \u00eembun\u0103t\u0103\u021birea continu\u0103 a performan\u021belor de mediu, pun\u00e2ndu-se accent pe pervenire. ELM Electromontaj Cluj S.A. are contracte cu operatori autoriza\u021bi [...]","protected":false},"author":4,"featured_media":0,"parent":0,"menu_order":0,"comment_status":"closed","ping_status":"closed","template":"","meta":{"footnotes":""},"class_list":["post-5459","page","type-page","status-publish","hentry"],"acf":[],"yoast_head":"<!-- This site is optimized with the Yoast SEO Premium plugin v17.1.2 (Yoast SEO v19.14) - https:\/\/yoast.com\/wordpress\/plugins\/seo\/ -->\n<title>Certific\u0103ri \u0219i atestate - ELM Electromontaj Cluj S.A., Romania<\/title>\n<meta name=\"robots\" content=\"index, follow, max-snippet:-1, max-image-preview:large, max-video-preview:-1\" \/>\n<link rel=\"canonical\" href=\"https:\/\/www.elm.ro\/en\/certificari\/\" \/>\n<meta property=\"og:locale\" content=\"en_US\" \/>\n<meta property=\"og:type\" content=\"article\" \/>\n<meta property=\"og:title\" content=\"Certific\u0103ri \u0219i atestate\" \/>\n<meta property=\"og:url\" content=\"https:\/\/www.elm.ro\/en\/certificari\/\" \/>\n<meta property=\"og:site_name\" content=\"ELM Electromontaj Cluj S.A.\" \/>\n<meta property=\"article:modified_time\" content=\"2025-05-30T10:17:55+00:00\" \/>\n<meta name=\"twitter:card\" content=\"summary_large_image\" \/>\n<meta name=\"twitter:label1\" content=\"Est. reading time\" \/>\n\t<meta name=\"twitter:data1\" content=\"2 minutes\" \/>\n<script type=\"application\/ld+json\" class=\"yoast-schema-graph\">{\"@context\":\"https:\/\/schema.org\",\"@graph\":[{\"@type\":\"WebPage\",\"@id\":\"https:\/\/www.elm.ro\/certificari\/\",\"url\":\"https:\/\/www.elm.ro\/certificari\/\",\"name\":\"Certific\u0103ri \u0219i atestate - ELM Electromontaj Cluj S.A.\",\"isPartOf\":{\"@id\":\"https:\/\/www.elm.ro\/#website\"},\"datePublished\":\"2022-06-22T23:26:41+00:00\",\"dateModified\":\"2025-05-30T10:17:55+00:00\",\"breadcrumb\":{\"@id\":\"https:\/\/www.elm.ro\/certificari\/#breadcrumb\"},\"inLanguage\":\"en-US\",\"potentialAction\":[{\"@type\":\"ReadAction\",\"target\":[\"https:\/\/www.elm.ro\/certificari\/\"]}]},{\"@type\":\"BreadcrumbList\",\"@id\":\"https:\/\/www.elm.ro\/certificari\/#breadcrumb\",\"itemListElement\":[{\"@type\":\"ListItem\",\"position\":1,\"name\":\"Home\",\"item\":\"https:\/\/www.elm.ro\/\"},{\"@type\":\"ListItem\",\"position\":2,\"name\":\"Certific\u0103ri \u0219i atestate\"}]},{\"@type\":\"WebSite\",\"@id\":\"https:\/\/www.elm.ro\/#website\",\"url\":\"https:\/\/www.elm.ro\/\",\"name\":\"ELM Electromontaj Cluj S.A.\",\"description\":\"Electromontaj Cluj - Instala\u021bii electrice\",\"potentialAction\":[{\"@type\":\"SearchAction\",\"target\":{\"@type\":\"EntryPoint\",\"urlTemplate\":\"https:\/\/www.elm.ro\/?s={search_term_string}\"},\"query-input\":\"required name=search_term_string\"}],\"inLanguage\":\"en-US\"}]}<\/script>\n<!-- \/ Yoast SEO Premium plugin. -->","yoast_head_json":{"title":"Certific\u0103ri \u0219i atestate - ELM Electromontaj Cluj S.A., Romania","robots":{"index":"index","follow":"follow","max-snippet":"max-snippet:-1","max-image-preview":"max-image-preview:large","max-video-preview":"max-video-preview:-1"},"canonical":"https:\/\/www.elm.ro\/en\/certificari\/","og_locale":"en_US","og_type":"article","og_title":"Certific\u0103ri \u0219i atestate","og_url":"https:\/\/www.elm.ro\/en\/certificari\/","og_site_name":"ELM Electromontaj Cluj S.A.","article_modified_time":"2025-05-30T10:17:55+00:00","twitter_card":"summary_large_image","twitter_misc":{"Est. reading time":"2 minutes"},"schema":{"@context":"https:\/\/schema.org","@graph":[{"@type":"WebPage","@id":"https:\/\/www.elm.ro\/certificari\/","url":"https:\/\/www.elm.ro\/certificari\/","name":"Certific\u0103ri \u0219i atestate - ELM Electromontaj Cluj S.A.","isPartOf":{"@id":"https:\/\/www.elm.ro\/#website"},"datePublished":"2022-06-22T23:26:41+00:00","dateModified":"2025-05-30T10:17:55+00:00","breadcrumb":{"@id":"https:\/\/www.elm.ro\/certificari\/#breadcrumb"},"inLanguage":"en-US","potentialAction":[{"@type":"ReadAction","target":["https:\/\/www.elm.ro\/certificari\/"]}]},{"@type":"BreadcrumbList","@id":"https:\/\/www.elm.ro\/certificari\/#breadcrumb","itemListElement":[{"@type":"ListItem","position":1,"name":"Home","item":"https:\/\/www.elm.ro\/"},{"@type":"ListItem","position":2,"name":"Certific\u0103ri \u0219i atestate"}]},{"@type":"WebSite","@id":"https:\/\/www.elm.ro\/#website","url":"https:\/\/www.elm.ro\/","name":"ELM Electromontaj Cluj S.A.","description":"Electromontaj Cluj - Instala\u021bii electrice","potentialAction":[{"@type":"SearchAction","target":{"@type":"EntryPoint","urlTemplate":"https:\/\/www.elm.ro\/?s={search_term_string}"},"query-input":"required name=search_term_string"}],"inLanguage":"en-US"}]}},"_links":{"self":[{"href":"https:\/\/www.elm.ro\/en\/wp-json\/wp\/v2\/pages\/5459","targetHints":{"allow":["GET"]}}],"collection":[{"href":"https:\/\/www.elm.ro\/en\/wp-json\/wp\/v2\/pages"}],"about":[{"href":"https:\/\/www.elm.ro\/en\/wp-json\/wp\/v2\/types\/page"}],"author":[{"embeddable":true,"href":"https:\/\/www.elm.ro\/en\/wp-json\/wp\/v2\/users\/4"}],"replies":[{"embeddable":true,"href":"https:\/\/www.elm.ro\/en\/wp-json\/wp\/v2\/comments?post=5459"}],"version-history":[{"count":54,"href":"https:\/\/www.elm.ro\/en\/wp-json\/wp\/v2\/pages\/5459\/revisions"}],"predecessor-version":[{"id":8915,"href":"https:\/\/www.elm.ro\/en\/wp-json\/wp\/v2\/pages\/5459\/revisions\/8915"}],"wp:attachment":[{"href":"https:\/\/www.elm.ro\/en\/wp-json\/wp\/v2\/media?parent=5459"}],"curies":[{"name":"wp","href":"https:\/\/api.w.org\/{rel}","templated":true}]}}