{"id":5388,"date":"2022-06-22T22:50:58","date_gmt":"2022-06-22T22:50:58","guid":{"rendered":"https:\/\/www.elm.ro\/?page_id=5388"},"modified":"2023-03-23T14:38:34","modified_gmt":"2023-03-23T12:38:34","slug":"misiune-viziune-valori","status":"publish","type":"page","link":"https:\/\/www.elm.ro\/en\/misiune-viziune-valori\/","title":{"rendered":"Mission\/Vision\/Values"},"content":{"rendered":"<section class=\"wpb-content-wrapper\"><div class=\"\"><div class=\"container\"><div class=\"vc_row wpb_row vc_row-fluid\" ><div class=\"wpb_column vc_column_container vc_col-sm-12\"><div class=\"vc_column-inner\"><div class=\"wpb_wrapper\"><div class=\"vc_row wpb_row vc_inner vc_row-fluid\" ><div class=\"wpb_column vc_column_container vc_col-sm-6\"><div class=\"vc_column-inner\"><div class=\"wpb_wrapper\"><div class=\"vc_separator wpb_content_element vc_separator_align_right vc_sep_width_30 vc_sep_pos_align_left vc_separator-has-text\" ><span class=\"vc_sep_holder vc_sep_holder_l\"><span  style=\"border-color:#DC2B1A;\" class=\"vc_sep_line\"><\/span><\/span><h4 style=\"color:#565b7a\">OUR VISION<\/h4><span class=\"vc_sep_holder vc_sep_holder_r\"><span  style=\"border-color:#DC2B1A;\" class=\"vc_sep_line\"><\/span><\/span>\n<\/div><div class=\"gt3_spacing\"><div class=\"gt3_spacing-height gt3_spacing-height_default\" style=\"height:8px;\"><\/div><\/div>  \n\n\t<div class=\"wpb_text_column wpb_content_element\" >\n\t\t<div class=\"wpb_wrapper\">\n\t\t\t<h3><strong>The future of energy<\/strong> must be built simultaneously on the benefits of clean energy production and access to this energy.<\/h3>\n\n\t\t<\/div>\n\t<\/div>\n<\/div><\/div><\/div><div class=\"wpb_column vc_column_container vc_col-sm-6\"><div class=\"vc_column-inner\"><div class=\"wpb_wrapper\"><div class=\"gt3_spacing gt3_spacing-height_tablet-on gt3_spacing-height_mobile-on\"><div class=\"gt3_spacing-height gt3_spacing-height_default\" style=\"height:0px;\"><\/div> <div class=\"gt3_spacing-height gt3_spacing-height_tablet\" style=\"height:25px;\"><\/div> <div class=\"gt3_spacing-height gt3_spacing-height_mobile\" style=\"height:25px;\"><\/div><\/div>  \n\n\t<div  class=\"wpb_single_image wpb_content_element vc_align_left\">\n\t\t\n\t\t<figure class=\"wpb_wrapper vc_figure\">\n\t\t\t<div class=\"vc_single_image-wrapper   vc_box_border_grey\"><img loading=\"lazy\" decoding=\"async\" width=\"940\" height=\"622\" src=\"https:\/\/www.elm.ro\/wp-content\/uploads\/2022\/07\/viziune-1024x678.jpg\" class=\"vc_single_image-img attachment-large\" alt=\"\" title=\"vision\" srcset=\"https:\/\/www.elm.ro\/wp-content\/uploads\/2022\/07\/viziune-1024x678.jpg 1024w, https:\/\/www.elm.ro\/wp-content\/uploads\/2022\/07\/viziune-300x199.jpg 300w\" sizes=\"auto, (max-width: 940px) 100vw, 940px\" \/><\/div>\n\t\t<\/figure>\n\t<\/div>\n<\/div><\/div><\/div><\/div><div class=\"gt3_spacing gt3_spacing-height_mobile-on\"><div class=\"gt3_spacing-height gt3_spacing-height_default\" style=\"height:45px;\"><\/div> <div class=\"gt3_spacing-height gt3_spacing-height_mobile\" style=\"height:30px;\"><\/div><\/div>  \n<\/div><\/div><\/div><\/div><\/div><\/div><div class=\"\"><div class=\"container\"><div class=\"vc_row wpb_row vc_row-fluid\" ><div class=\"wpb_column vc_column_container vc_col-sm-12\"><div class=\"vc_column-inner\"><div class=\"wpb_wrapper\"><div class=\"vc_row wpb_row vc_inner vc_row-fluid\" ><div class=\"wpb_column vc_column_container vc_col-sm-6\"><div class=\"vc_column-inner\"><div class=\"wpb_wrapper\">\n\t<div  class=\"wpb_single_image wpb_content_element vc_align_left\">\n\t\t\n\t\t<figure class=\"wpb_wrapper vc_figure\">\n\t\t\t<div class=\"vc_single_image-wrapper   vc_box_border_grey\"><img loading=\"lazy\" decoding=\"async\" width=\"940\" height=\"608\" src=\"https:\/\/www.elm.ro\/wp-content\/uploads\/2022\/07\/misiune-2-1024x662.jpg\" class=\"vc_single_image-img attachment-large\" alt=\"\" title=\"mission (2)\" srcset=\"https:\/\/www.elm.ro\/wp-content\/uploads\/2022\/07\/misiune-2-1024x662.jpg 1024w, https:\/\/www.elm.ro\/wp-content\/uploads\/2022\/07\/misiune-2-300x194.jpg 300w, https:\/\/www.elm.ro\/wp-content\/uploads\/2022\/07\/misiune-2-768x497.jpg 768w, https:\/\/www.elm.ro\/wp-content\/uploads\/2022\/07\/misiune-2-1536x993.jpg 1536w, https:\/\/www.elm.ro\/wp-content\/uploads\/2022\/07\/misiune-2-2048x1324.jpg 2048w, https:\/\/www.elm.ro\/wp-content\/uploads\/2022\/07\/misiune-2-720x466.jpg 720w\" sizes=\"auto, (max-width: 940px) 100vw, 940px\" \/><\/div>\n\t\t<\/figure>\n\t<\/div>\n<\/div><\/div><\/div><div class=\"wpb_column vc_column_container vc_col-sm-6\"><div class=\"vc_column-inner\"><div class=\"wpb_wrapper\"><div class=\"gt3_spacing gt3_spacing-height_tablet-on gt3_spacing-height_mobile-on\"><div class=\"gt3_spacing-height gt3_spacing-height_default\" style=\"height:0px;\"><\/div> <div class=\"gt3_spacing-height gt3_spacing-height_tablet\" style=\"height:25px;\"><\/div> <div class=\"gt3_spacing-height gt3_spacing-height_mobile\" style=\"height:25px;\"><\/div><\/div>  \n<div class=\"vc_separator wpb_content_element vc_separator_align_right vc_sep_width_30 vc_sep_pos_align_left vc_separator-has-text\" ><span class=\"vc_sep_holder vc_sep_holder_l\"><span  style=\"border-color:#DC2B1A;\" class=\"vc_sep_line\"><\/span><\/span><h4 style=\"color:#565b7a\">OUR MISSION<\/h4><span class=\"vc_sep_holder vc_sep_holder_r\"><span  style=\"border-color:#DC2B1A;\" class=\"vc_sep_line\"><\/span><\/span>\n<\/div><div class=\"gt3_spacing\"><div class=\"gt3_spacing-height gt3_spacing-height_default\" style=\"height:8px;\"><\/div><\/div>  \n\n\t<div class=\"wpb_text_column wpb_content_element\" >\n\t\t<div class=\"wpb_wrapper\">\n\t\t\t<h3>Continued involvement in energy projects <strong>that are sustainable<\/strong> thus contributing to the long lasting development of society.<\/h3>\n\n\t\t<\/div>\n\t<\/div>\n<\/div><\/div><\/div><\/div><div class=\"vc_row wpb_row vc_inner vc_row-fluid\" ><div class=\"wpb_column vc_column_container vc_col-sm-12\"><div class=\"vc_column-inner\"><div class=\"wpb_wrapper\"><div class=\"gt3_spacing\"><div class=\"gt3_spacing-height gt3_spacing-height_default\" style=\"height:25px;\"><\/div><\/div>  \n<\/div><\/div><\/div><\/div><\/div><\/div><\/div><\/div><\/div><\/div><div class=\"vc_custom_1675874417733\"><div class=\"container\"><div class=\"vc_row wpb_row vc_row-fluid vc_row-has-fill\" ><div class=\"wpb_column vc_column_container vc_col-sm-12\"><div class=\"vc_column-inner\"><div class=\"wpb_wrapper\">\n\t<div class=\"wpb_text_column wpb_content_element\" >\n\t\t<div class=\"wpb_wrapper\">\n\t\t\t<h2 style=\"text-align: center;\"><strong><b>Our values<\/b><\/strong> that guides us<\/h2>\n\n\t\t<\/div>\n\t<\/div>\n<div class=\"gt3_spacing\"><div class=\"gt3_spacing-height gt3_spacing-height_default\" style=\"height:25px;\"><\/div><\/div>  \n<div class=\"vc_row wpb_row vc_inner vc_row-fluid vc_row-o-equal-height vc_row-o-content-bottom vc_row-flex\" ><div class=\"wpb_column vc_column_container vc_col-sm-6\"><div class=\"vc_column-inner\"><div class=\"wpb_wrapper\"><div class=\"gt3_icon_box gt3_icon_box_icon-position_ gt3_icon_box_icon-position_left gt3_icon_box__icon_icon_size_custom  gt3-box-image\"><i class=\"gt3_icon_box__icon\"  style=\"width:50px; font-size:50px\"><img loading=\"lazy\" decoding=\"async\" width=\"78\" height=\"78\" src=\"https:\/\/www.elm.ro\/wp-content\/uploads\/2018\/03\/icon_boxes_26.png\" class=\"attachment-medium size-medium\" alt=\"\" \/><\/i><div class=\"gt3_icon_box-content-wrapper\" style=\"margin-left:65px\" ><div class=\"gt3_icon_box__title\"><h4 style=\"color:; \">Responsibility<\/h4><\/div><div class=\"gt3_icon_box__text\" style=\"color:; \">We are constantly concerned that the services and products provided to our partners meet the principles of sustainability.<\/div><\/div><\/div>  \n<div class=\"gt3_spacing\"><div class=\"gt3_spacing-height gt3_spacing-height_default\" style=\"height:57px;\"><\/div><\/div>  \n<div class=\"gt3_icon_box gt3_icon_box_icon-position_ gt3_icon_box_icon-position_left gt3_icon_box__icon_icon_size_custom  gt3-box-image\"><i class=\"gt3_icon_box__icon\"  style=\"width:50px; font-size:50px\"><img loading=\"lazy\" decoding=\"async\" width=\"78\" height=\"78\" src=\"https:\/\/www.elm.ro\/wp-content\/uploads\/2018\/03\/icon_boxes_27.png\" class=\"attachment-medium size-medium\" alt=\"\" \/><\/i><div class=\"gt3_icon_box-content-wrapper\" style=\"margin-left:65px\" ><div class=\"gt3_icon_box__title\"><h4 style=\"color:; \">Professionalism<\/h4><\/div><div class=\"gt3_icon_box__text\" style=\"color:; \">We focus on the needs of our customers, committing to provide the optimal solutions for each addressed energy project.<\/div><\/div><\/div>  \n<div class=\"gt3_spacing gt3_spacing-height_mobile-on\"><div class=\"gt3_spacing-height gt3_spacing-height_default\" style=\"height:86px;\"><\/div> <div class=\"gt3_spacing-height gt3_spacing-height_mobile\" style=\"height:70px;\"><\/div><\/div>  \n<\/div><\/div><\/div><div class=\"wpb_column vc_column_container vc_col-sm-6 vc_hidden-xs\"><div class=\"vc_column-inner vc_custom_1523453300907\"><div class=\"wpb_wrapper\"><div class=\"gt3_icon_box gt3_icon_box_icon-position_ gt3_icon_box_icon-position_right gt3_icon_box__icon_icon_size_custom  gt3-box-image\"><i class=\"gt3_icon_box__icon\"  style=\"width:50px; font-size:50px\"><img loading=\"lazy\" decoding=\"async\" width=\"90\" height=\"90\" src=\"https:\/\/www.elm.ro\/wp-content\/uploads\/2018\/02\/icon_boxes_06.png\" class=\"attachment-medium size-medium\" alt=\"\" \/><\/i><div class=\"gt3_icon_box-content-wrapper\" style=\"margin-right:65px\" ><div class=\"gt3_icon_box__title\"><h4 style=\"color:; \">Technical expertise<\/h4><\/div><div class=\"gt3_icon_box__text\" style=\"color:; \">We continuously improve to ensure our partners exceptional results.<\/div><\/div><\/div>  \n<div class=\"gt3_spacing\"><div class=\"gt3_spacing-height gt3_spacing-height_default\" style=\"height:57px;\"><\/div><\/div>  \n<div class=\"gt3_icon_box gt3_icon_box_icon-position_ gt3_icon_box_icon-position_right gt3_icon_box__icon_icon_size_custom  gt3-box-image\"><i class=\"gt3_icon_box__icon\"  style=\"width:50px; font-size:50px\"><img loading=\"lazy\" decoding=\"async\" width=\"140\" height=\"140\" src=\"https:\/\/www.elm.ro\/wp-content\/uploads\/2018\/04\/icon_boxes_40.png\" class=\"attachment-medium size-medium\" alt=\"\" \/><\/i><div class=\"gt3_icon_box-content-wrapper\" style=\"margin-right:65px\" ><div class=\"gt3_icon_box__title\"><h4 style=\"color:; \">Care for the environment<\/h4><\/div><div class=\"gt3_icon_box__text\" style=\"color:; \">We always consider that through our actions we use resources in a responsible way.<\/div><\/div><\/div>  \n<div class=\"gt3_spacing\"><div class=\"gt3_spacing-height gt3_spacing-height_default\" style=\"height:86px;\"><\/div><\/div>  \n<\/div><\/div><\/div><\/div><\/div><\/div><\/div><\/div><\/div><\/div><div class=\"\"><div class=\"container\"><div class=\"vc_row wpb_row vc_row-fluid\" ><div class=\"wpb_column vc_column_container vc_col-sm-12\"><div class=\"vc_column-inner\"><div class=\"wpb_wrapper\"><div class=\"gt3_spacing\"><div class=\"gt3_spacing-height gt3_spacing-height_default\" style=\"height:45px;\"><\/div><\/div>  \n<\/div><\/div><\/div><\/div><\/div><\/div><\/section>","protected":false},"excerpt":{"rendered":"VIZIUNEA NOASTR\u0102 Viitorul energetic trebuie construit simultan pe beneficiile producerii de energie curat\u0103 \u0219i a accesului la aceast\u0103 energie. MISIUNEA NOASTR\u0102 Implicarea continu\u0103 \u00een proiecte energetice sustenabile contribuind astfel la dezvoltarea durabil\u0103 a societ\u0103\u021bii. Valorile care ne ghideaz\u0103 ResponsabilitateNe preocup\u0103m continuu ca serviciile \u0219i produsele furnizate partenerilor no\u0219tri s\u0103 \u00eendeplineasc\u0103 principiile sustenabilit\u0103\u021bii. ProfesionalismNe concentr\u0103m la [...]","protected":false},"author":4,"featured_media":0,"parent":0,"menu_order":0,"comment_status":"closed","ping_status":"closed","template":"","meta":{"footnotes":""},"class_list":["post-5388","page","type-page","status-publish","hentry"],"acf":[],"yoast_head":"<!-- This site is optimized with the Yoast SEO Premium plugin v17.1.2 (Yoast SEO v19.14) - https:\/\/yoast.com\/wordpress\/plugins\/seo\/ -->\n<title>Misiune\/Viziune\/Valori - ELM Electromontaj Cluj S.A., Romania<\/title>\n<meta name=\"robots\" content=\"index, follow, max-snippet:-1, max-image-preview:large, max-video-preview:-1\" \/>\n<link rel=\"canonical\" href=\"https:\/\/www.elm.ro\/en\/misiune-viziune-valori\/\" \/>\n<meta property=\"og:locale\" content=\"en_US\" \/>\n<meta property=\"og:type\" content=\"article\" \/>\n<meta property=\"og:title\" content=\"Misiune\/Viziune\/Valori\" \/>\n<meta property=\"og:url\" content=\"https:\/\/www.elm.ro\/en\/misiune-viziune-valori\/\" \/>\n<meta property=\"og:site_name\" content=\"ELM Electromontaj Cluj S.A.\" \/>\n<meta property=\"article:modified_time\" content=\"2023-03-23T12:38:34+00:00\" \/>\n<meta name=\"twitter:card\" content=\"summary_large_image\" \/>\n<meta name=\"twitter:label1\" content=\"Est. reading time\" \/>\n\t<meta name=\"twitter:data1\" content=\"2 minutes\" \/>\n<script type=\"application\/ld+json\" class=\"yoast-schema-graph\">{\"@context\":\"https:\/\/schema.org\",\"@graph\":[{\"@type\":\"WebPage\",\"@id\":\"https:\/\/www.elm.ro\/misiune-viziune-valori\/\",\"url\":\"https:\/\/www.elm.ro\/misiune-viziune-valori\/\",\"name\":\"Misiune\/Viziune\/Valori - ELM Electromontaj Cluj S.A.\",\"isPartOf\":{\"@id\":\"https:\/\/www.elm.ro\/#website\"},\"datePublished\":\"2022-06-22T22:50:58+00:00\",\"dateModified\":\"2023-03-23T12:38:34+00:00\",\"breadcrumb\":{\"@id\":\"https:\/\/www.elm.ro\/misiune-viziune-valori\/#breadcrumb\"},\"inLanguage\":\"en-US\",\"potentialAction\":[{\"@type\":\"ReadAction\",\"target\":[\"https:\/\/www.elm.ro\/misiune-viziune-valori\/\"]}]},{\"@type\":\"BreadcrumbList\",\"@id\":\"https:\/\/www.elm.ro\/misiune-viziune-valori\/#breadcrumb\",\"itemListElement\":[{\"@type\":\"ListItem\",\"position\":1,\"name\":\"Home\",\"item\":\"https:\/\/www.elm.ro\/\"},{\"@type\":\"ListItem\",\"position\":2,\"name\":\"Misiune\/Viziune\/Valori\"}]},{\"@type\":\"WebSite\",\"@id\":\"https:\/\/www.elm.ro\/#website\",\"url\":\"https:\/\/www.elm.ro\/\",\"name\":\"ELM Electromontaj Cluj S.A.\",\"description\":\"Electromontaj Cluj - Instala\u021bii electrice\",\"potentialAction\":[{\"@type\":\"SearchAction\",\"target\":{\"@type\":\"EntryPoint\",\"urlTemplate\":\"https:\/\/www.elm.ro\/?s={search_term_string}\"},\"query-input\":\"required name=search_term_string\"}],\"inLanguage\":\"en-US\"}]}<\/script>\n<!-- \/ Yoast SEO Premium plugin. -->","yoast_head_json":{"title":"Misiune\/Viziune\/Valori - ELM Electromontaj Cluj S.A., Romania","robots":{"index":"index","follow":"follow","max-snippet":"max-snippet:-1","max-image-preview":"max-image-preview:large","max-video-preview":"max-video-preview:-1"},"canonical":"https:\/\/www.elm.ro\/en\/misiune-viziune-valori\/","og_locale":"en_US","og_type":"article","og_title":"Misiune\/Viziune\/Valori","og_url":"https:\/\/www.elm.ro\/en\/misiune-viziune-valori\/","og_site_name":"ELM Electromontaj Cluj S.A.","article_modified_time":"2023-03-23T12:38:34+00:00","twitter_card":"summary_large_image","twitter_misc":{"Est. reading time":"2 minutes"},"schema":{"@context":"https:\/\/schema.org","@graph":[{"@type":"WebPage","@id":"https:\/\/www.elm.ro\/misiune-viziune-valori\/","url":"https:\/\/www.elm.ro\/misiune-viziune-valori\/","name":"Misiune\/Viziune\/Valori - ELM Electromontaj Cluj S.A.","isPartOf":{"@id":"https:\/\/www.elm.ro\/#website"},"datePublished":"2022-06-22T22:50:58+00:00","dateModified":"2023-03-23T12:38:34+00:00","breadcrumb":{"@id":"https:\/\/www.elm.ro\/misiune-viziune-valori\/#breadcrumb"},"inLanguage":"en-US","potentialAction":[{"@type":"ReadAction","target":["https:\/\/www.elm.ro\/misiune-viziune-valori\/"]}]},{"@type":"BreadcrumbList","@id":"https:\/\/www.elm.ro\/misiune-viziune-valori\/#breadcrumb","itemListElement":[{"@type":"ListItem","position":1,"name":"Home","item":"https:\/\/www.elm.ro\/"},{"@type":"ListItem","position":2,"name":"Misiune\/Viziune\/Valori"}]},{"@type":"WebSite","@id":"https:\/\/www.elm.ro\/#website","url":"https:\/\/www.elm.ro\/","name":"ELM Electromontaj Cluj S.A.","description":"Electromontaj Cluj - Instala\u021bii electrice","potentialAction":[{"@type":"SearchAction","target":{"@type":"EntryPoint","urlTemplate":"https:\/\/www.elm.ro\/?s={search_term_string}"},"query-input":"required name=search_term_string"}],"inLanguage":"en-US"}]}},"_links":{"self":[{"href":"https:\/\/www.elm.ro\/en\/wp-json\/wp\/v2\/pages\/5388","targetHints":{"allow":["GET"]}}],"collection":[{"href":"https:\/\/www.elm.ro\/en\/wp-json\/wp\/v2\/pages"}],"about":[{"href":"https:\/\/www.elm.ro\/en\/wp-json\/wp\/v2\/types\/page"}],"author":[{"embeddable":true,"href":"https:\/\/www.elm.ro\/en\/wp-json\/wp\/v2\/users\/4"}],"replies":[{"embeddable":true,"href":"https:\/\/www.elm.ro\/en\/wp-json\/wp\/v2\/comments?post=5388"}],"version-history":[{"count":90,"href":"https:\/\/www.elm.ro\/en\/wp-json\/wp\/v2\/pages\/5388\/revisions"}],"predecessor-version":[{"id":8818,"href":"https:\/\/www.elm.ro\/en\/wp-json\/wp\/v2\/pages\/5388\/revisions\/8818"}],"wp:attachment":[{"href":"https:\/\/www.elm.ro\/en\/wp-json\/wp\/v2\/media?parent=5388"}],"curies":[{"name":"wp","href":"https:\/\/api.w.org\/{rel}","templated":true}]}}