{"id":5,"date":"2019-12-20T07:20:24","date_gmt":"2019-12-20T07:20:24","guid":{"rendered":"http:\/\/wpdemo.archiwp.com\/engitech\/?page_id=5"},"modified":"2023-02-08T17:47:09","modified_gmt":"2023-02-08T15:47:09","slug":"blog","status":"publish","type":"page","link":"https:\/\/www.elm.ro\/en\/blog\/","title":{"rendered":"Communications, articles"},"content":{"rendered":"<section class=\"wpb-content-wrapper\"><div class=\"\"><div class=\"container\"><div class=\"vc_row wpb_row vc_row-fluid\" ><div class=\"wpb_column vc_column_container vc_col-sm-12\"><div class=\"vc_column-inner\"><div class=\"wpb_wrapper\"><div class=\"vc_row\">\n\t<div class=\"vc_col-sm-12 gt3_module_blog   items3\">\n\t\t<div class=\"spacing_beetween_items_25 isotope_blog_items\">\n\t\t\t\t\t\t\t<div class=\"blog_post_preview element format-standard-image\">\n\t\t\t\t\t\t\t\t<div class=\"item_wrapper\">\n\t\t\t\t\t\t\t\t\t<div class=\"blog_content\"><div class=\"blog_post_media\"><img decoding=\"async\" src=\"https:\/\/www.elm.ro\/wp-content\/uploads\/2022\/07\/IMG_20200930_083307.jpg\" alt=\"Featured image\" \/><\/div><h3 class=\"blogpost_title\"><a href=\"https:\/\/www.elm.ro\/en\/articole\/linia-electrica-aeriana-400-kv-bucuresti-sud-pelicanu\/\">Linia Electric\u0103 Aerian\u0103 400 kV Bucure\u0219ti Sud Pelicanu<\/a><\/h3>\n\t\n\t\t\n\t\t\tELM ELECTROMONTAJ CLUJ SA a finalizat de cur\u00e2nd lucr\u0103rile \u00een cadrul proiectului LEA 400 kV Bucure\u0219ti Sud &#8211;...<div class=\"clear post_clear\"><\/div><a href=\"https:\/\/www.elm.ro\/en\/articole\/linia-electrica-aeriana-400-kv-bucuresti-sud-pelicanu\/\" class=\"learn_more\">Read More<span><\/span><\/a><div class=\"post_info\">\n                                        <div class=\"post_share\">\n                                            <a href=\"javascript:void(0)\">Share<\/a>\n                                            <div class=\"share_wrap\">\n                                                <ul>\n                                                    <li><a target=\"_blank\" href=\"https:\/\/www.linkedin.com\/shareArticle?mini=true&#038;url=https:\/\/www.elm.ro\/en\/articole\/linia-electrica-aeriana-400-kv-bucuresti-sud-pelicanu\/&#038;title=Linia%20Electric\u0103%20Aerian\u0103%20400%20kV%20Bucure\u0219ti%20Sud%20Pelicanu&#038;source=ELM%20Electromontaj%20Cluj%20S.A.\"><span class=\"fa fa-linkedin\"><\/span><\/a><\/li>\n                                                    <li><a target=\"_blank\" href=\"https:\/\/twitter.com\/intent\/tweet?text=Linia%20Electric\u0103%20Aerian\u0103%20400%20kV%20Bucure\u0219ti%20Sud%20Pelicanu&#038;url=https:\/\/www.elm.ro\/en\/articole\/linia-electrica-aeriana-400-kv-bucuresti-sud-pelicanu\/\"><span class=\"fa fa-twitter\"><\/span><\/a><\/li>\n                                                    <li><a target=\"_blank\" href=\"https:\/\/www.facebook.com\/share.php?u=https:\/\/www.elm.ro\/en\/articole\/linia-electrica-aeriana-400-kv-bucuresti-sud-pelicanu\/\"><span class=\"fa fa-facebook\"><\/span><\/a><\/li><li><a target=\"_blank\" href=\"https:\/\/pinterest.com\/pin\/create\/button\/?url=https:\/\/www.elm.ro\/en\/articole\/linia-electrica-aeriana-400-kv-bucuresti-sud-pelicanu\/&#038;media=https:\/\/www.elm.ro\/wp-content\/uploads\/2022\/07\/IMG_20200930_083307.jpg\"><span class=\"fa fa-pinterest\"><\/span><\/a><\/li>\n                                                <\/ul>\n                                            <\/div>\n                                        <\/div>\n                                <\/div>\n                                <div class=\"clear\"><\/div>\n                            <\/div>\n\t\t\t\t\t\t<\/div>\n\t\t\t\t\t<\/div>\n\t\t\t\t\t\n\t\t\t\t\t\t\t<div class=\"blog_post_preview element format-standard-image\">\n\t\t\t\t\t\t\t\t<div class=\"item_wrapper\">\n\t\t\t\t\t\t\t\t\t<div class=\"blog_content\"><div class=\"blog_post_media\"><img decoding=\"async\" src=\"https:\/\/www.elm.ro\/wp-content\/uploads\/2019\/11\/poza-articol-1-scaled.jpg\" alt=\"Featured image\" \/><\/div><h3 class=\"blogpost_title\"><a href=\"https:\/\/www.elm.ro\/en\/articole\/elm-electromontaj-implicat-in-lucrari-pentru-cresterea-capacitatilor-de-integrare-a-energiei-regenerabile-contribuind-astfel-la-atingerea-tintelor-nationale-asumate-la-nivel-european\/\">ELM Electromontaj involved in works to increase renewable energy integration capacities, thus contributing to the achievement of national targets assumed at European level<\/a><\/h3>Overhead Electric Line 400 kV Portile de Fier \u2013 Slatina The work LEA 400KV PORTILE DE FIER \u2013 SLATINA part of the project of...<div class=\"clear post_clear\"><\/div><a href=\"https:\/\/www.elm.ro\/en\/articole\/elm-electromontaj-implicat-in-lucrari-pentru-cresterea-capacitatilor-de-integrare-a-energiei-regenerabile-contribuind-astfel-la-atingerea-tintelor-nationale-asumate-la-nivel-european\/\" class=\"learn_more\">Read More<span><\/span><\/a><div class=\"post_info\">\n                                        <div class=\"post_share\">\n                                            <a href=\"javascript:void(0)\">Share<\/a>\n                                            <div class=\"share_wrap\">\n                                                <ul>\n                                                    <li><a target=\"_blank\" href=\"https:\/\/www.linkedin.com\/shareArticle?mini=true&#038;url=https:\/\/www.elm.ro\/en\/articole\/elm-electromontaj-implicat-in-lucrari-pentru-cresterea-capacitatilor-de-integrare-a-energiei-regenerabile-contribuind-astfel-la-atingerea-tintelor-nationale-asumate-la-nivel-european\/&#038;title=ELM%20Electromontaj%20implicat%20\u00een%20lucr\u0103ri%20pentru%20cre\u0219terea%20capacit\u0103\u021bilor%20de%20integrare%20a%20energiei%20regenerabile%20contribuind%20astfel%20la%20atingerea%20\u021bintelor%20na\u021bionale%20asumate%20la%20nivel%20european&#038;source=ELM%20Electromontaj%20Cluj%20S.A.\"><span class=\"fa fa-linkedin\"><\/span><\/a><\/li>\n                                                    <li><a target=\"_blank\" href=\"https:\/\/twitter.com\/intent\/tweet?text=ELM%20Electromontaj%20implicat%20\u00een%20lucr\u0103ri%20pentru%20cre\u0219terea%20capacit\u0103\u021bilor%20de%20integrare%20a%20energiei%20regenerabile%20contribuind%20astfel%20la%20atingerea%20\u021bintelor%20na\u021bionale%20asumate%20la%20nivel%20european&#038;url=https:\/\/www.elm.ro\/en\/articole\/elm-electromontaj-implicat-in-lucrari-pentru-cresterea-capacitatilor-de-integrare-a-energiei-regenerabile-contribuind-astfel-la-atingerea-tintelor-nationale-asumate-la-nivel-european\/\"><span class=\"fa fa-twitter\"><\/span><\/a><\/li>\n                                                    <li><a target=\"_blank\" href=\"https:\/\/www.facebook.com\/share.php?u=https:\/\/www.elm.ro\/en\/articole\/elm-electromontaj-implicat-in-lucrari-pentru-cresterea-capacitatilor-de-integrare-a-energiei-regenerabile-contribuind-astfel-la-atingerea-tintelor-nationale-asumate-la-nivel-european\/\"><span class=\"fa fa-facebook\"><\/span><\/a><\/li><li><a target=\"_blank\" href=\"https:\/\/pinterest.com\/pin\/create\/button\/?url=https:\/\/www.elm.ro\/en\/articole\/elm-electromontaj-implicat-in-lucrari-pentru-cresterea-capacitatilor-de-integrare-a-energiei-regenerabile-contribuind-astfel-la-atingerea-tintelor-nationale-asumate-la-nivel-european\/&#038;media=https:\/\/www.elm.ro\/wp-content\/uploads\/2019\/11\/poza-articol-1-scaled.jpg\"><span class=\"fa fa-pinterest\"><\/span><\/a><\/li>\n                                                <\/ul>\n                                            <\/div>\n                                        <\/div>\n                                <\/div>\n                                <div class=\"clear\"><\/div>\n                            <\/div>\n\t\t\t\t\t\t<\/div>\n\t\t\t\t\t<\/div>\n\t\t\t\t\t\n\t\t\t\t\t\t\t<div class=\"blog_post_preview element format-standard-image\">\n\t\t\t\t\t\t\t\t<div class=\"item_wrapper\">\n\t\t\t\t\t\t\t\t\t<div class=\"blog_content\"><div class=\"blog_post_media\"><img decoding=\"async\" src=\"https:\/\/www.elm.ro\/wp-content\/uploads\/2019\/11\/poza-articol-5-1-scaled-e1675963399623.jpg\" alt=\"Featured image\" \/><\/div><h3 class=\"blogpost_title\"><a href=\"https:\/\/www.elm.ro\/en\/articole\/noi-lucrari-elm-electromontaj-cluj\/\">Noi lucr\u0103ri ELM Electromontaj Cluj!<\/a><\/h3>\r\nThe EnergoBit team \u2013 ELM Electromontaj Cluj participated in the successful completion of the project &quot;Modernization of the 220\/110kV substation...<div class=\"clear post_clear\"><\/div><a href=\"https:\/\/www.elm.ro\/en\/articole\/noi-lucrari-elm-electromontaj-cluj\/\" class=\"learn_more\">Read More<span><\/span><\/a><div class=\"post_info\">\n                                        <div class=\"post_share\">\n                                            <a href=\"javascript:void(0)\">Share<\/a>\n                                            <div class=\"share_wrap\">\n                                                <ul>\n                                                    <li><a target=\"_blank\" href=\"https:\/\/www.linkedin.com\/shareArticle?mini=true&#038;url=https:\/\/www.elm.ro\/en\/articole\/noi-lucrari-elm-electromontaj-cluj\/&#038;title=Noi%20lucr\u0103ri%20ELM%20Electromontaj%20Cluj!&#038;source=ELM%20Electromontaj%20Cluj%20S.A.\"><span class=\"fa fa-linkedin\"><\/span><\/a><\/li>\n                                                    <li><a target=\"_blank\" href=\"https:\/\/twitter.com\/intent\/tweet?text=Noi%20lucr\u0103ri%20ELM%20Electromontaj%20Cluj!&#038;url=https:\/\/www.elm.ro\/en\/articole\/noi-lucrari-elm-electromontaj-cluj\/\"><span class=\"fa fa-twitter\"><\/span><\/a><\/li>\n                                                    <li><a target=\"_blank\" href=\"https:\/\/www.facebook.com\/share.php?u=https:\/\/www.elm.ro\/en\/articole\/noi-lucrari-elm-electromontaj-cluj\/\"><span class=\"fa fa-facebook\"><\/span><\/a><\/li><li><a target=\"_blank\" href=\"https:\/\/pinterest.com\/pin\/create\/button\/?url=https:\/\/www.elm.ro\/en\/articole\/noi-lucrari-elm-electromontaj-cluj\/&#038;media=https:\/\/www.elm.ro\/wp-content\/uploads\/2019\/11\/poza-articol-5-1-scaled-e1675963399623.jpg\"><span class=\"fa fa-pinterest\"><\/span><\/a><\/li>\n                                                <\/ul>\n                                            <\/div>\n                                        <\/div>\n                                <\/div>\n                                <div class=\"clear\"><\/div>\n                            <\/div>\n\t\t\t\t\t\t<\/div>\n\t\t\t\t\t<\/div>\n\t\t\t\t\t\n\t\t\t\t\t\t\t<div class=\"blog_post_preview element format-standard-image\">\n\t\t\t\t\t\t\t\t<div class=\"item_wrapper\">\n\t\t\t\t\t\t\t\t\t<div class=\"blog_content\"><div class=\"blog_post_media\"><img decoding=\"async\" src=\"https:\/\/www.elm.ro\/wp-content\/uploads\/2019\/11\/poze-articol-4-scaled.jpg\" alt=\"Featured image\" \/><\/div><h3 class=\"blogpost_title\"><a href=\"https:\/\/www.elm.ro\/en\/articole\/modernizarea-statiei-220-110-20-kv-vetis-echipament-primar\/\">Modernization of the 220\/110\/20 kV Veti\u0219 Station \u2013 Primary equipment<\/a><\/h3>\r\nThe modernization of the 220\/110\/20 kV Veti\u0219 Station - represents an important contract from the company&#039;s portfolio. Primary equipment,...<div class=\"clear post_clear\"><\/div><a href=\"https:\/\/www.elm.ro\/en\/articole\/modernizarea-statiei-220-110-20-kv-vetis-echipament-primar\/\" class=\"learn_more\">Read More<span><\/span><\/a><div class=\"post_info\">\n                                        <div class=\"post_share\">\n                                            <a href=\"javascript:void(0)\">Share<\/a>\n                                            <div class=\"share_wrap\">\n                                                <ul>\n                                                    <li><a target=\"_blank\" href=\"https:\/\/www.linkedin.com\/shareArticle?mini=true&#038;url=https:\/\/www.elm.ro\/en\/articole\/modernizarea-statiei-220-110-20-kv-vetis-echipament-primar\/&#038;title=Modernizarea%20Sta\u021biei%20220\/110\/20%20kV%20Veti\u0219%20\u2013%20Echipament%20primar&#038;source=ELM%20Electromontaj%20Cluj%20S.A.\"><span class=\"fa fa-linkedin\"><\/span><\/a><\/li>\n                                                    <li><a target=\"_blank\" href=\"https:\/\/twitter.com\/intent\/tweet?text=Modernizarea%20Sta\u021biei%20220\/110\/20%20kV%20Veti\u0219%20\u2013%20Echipament%20primar&#038;url=https:\/\/www.elm.ro\/en\/articole\/modernizarea-statiei-220-110-20-kv-vetis-echipament-primar\/\"><span class=\"fa fa-twitter\"><\/span><\/a><\/li>\n                                                    <li><a target=\"_blank\" href=\"https:\/\/www.facebook.com\/share.php?u=https:\/\/www.elm.ro\/en\/articole\/modernizarea-statiei-220-110-20-kv-vetis-echipament-primar\/\"><span class=\"fa fa-facebook\"><\/span><\/a><\/li><li><a target=\"_blank\" href=\"https:\/\/pinterest.com\/pin\/create\/button\/?url=https:\/\/www.elm.ro\/en\/articole\/modernizarea-statiei-220-110-20-kv-vetis-echipament-primar\/&#038;media=https:\/\/www.elm.ro\/wp-content\/uploads\/2019\/11\/poze-articol-4-scaled.jpg\"><span class=\"fa fa-pinterest\"><\/span><\/a><\/li>\n                                                <\/ul>\n                                            <\/div>\n                                        <\/div>\n                                <\/div>\n                                <div class=\"clear\"><\/div>\n                            <\/div>\n\t\t\t\t\t\t<\/div>\n\t\t\t\t\t<\/div>\n\t\t\t\t\t\n\t\t\t\t\t\t\t<div class=\"blog_post_preview element format-standard-image\">\n\t\t\t\t\t\t\t\t<div class=\"item_wrapper\">\n\t\t\t\t\t\t\t\t\t<div class=\"blog_content\"><div class=\"blog_post_media\"><img decoding=\"async\" src=\"https:\/\/www.elm.ro\/wp-content\/uploads\/2019\/11\/poza-articol-3.jpg\" alt=\"Featured image\" \/><\/div><h3 class=\"blogpost_title\"><a href=\"https:\/\/www.elm.ro\/en\/articole\/luycrari-de-retehnologizare-statia-400-kv-gadalin\/\">Lucr\u0103ri de retehnologizare &#8211; Statia 400 kV Gadalin<\/a><\/h3>\r\nThe Gadalin 400 kV station is part of Transelectrica&#039;s heritage and represents an important energy node for SEN, ensuring...<div class=\"clear post_clear\"><\/div><a href=\"https:\/\/www.elm.ro\/en\/articole\/luycrari-de-retehnologizare-statia-400-kv-gadalin\/\" class=\"learn_more\">Read More<span><\/span><\/a><div class=\"post_info\">\n                                        <div class=\"post_share\">\n                                            <a href=\"javascript:void(0)\">Share<\/a>\n                                            <div class=\"share_wrap\">\n                                                <ul>\n                                                    <li><a target=\"_blank\" href=\"https:\/\/www.linkedin.com\/shareArticle?mini=true&#038;url=https:\/\/www.elm.ro\/en\/articole\/luycrari-de-retehnologizare-statia-400-kv-gadalin\/&#038;title=Lucr\u0103ri%20de%20retehnologizare%20&#8211;%20Statia%20400%20kV%20Gadalin&#038;source=ELM%20Electromontaj%20Cluj%20S.A.\"><span class=\"fa fa-linkedin\"><\/span><\/a><\/li>\n                                                    <li><a target=\"_blank\" href=\"https:\/\/twitter.com\/intent\/tweet?text=Lucr\u0103ri%20de%20retehnologizare%20&#8211;%20Statia%20400%20kV%20Gadalin&#038;url=https:\/\/www.elm.ro\/en\/articole\/luycrari-de-retehnologizare-statia-400-kv-gadalin\/\"><span class=\"fa fa-twitter\"><\/span><\/a><\/li>\n                                                    <li><a target=\"_blank\" href=\"https:\/\/www.facebook.com\/share.php?u=https:\/\/www.elm.ro\/en\/articole\/luycrari-de-retehnologizare-statia-400-kv-gadalin\/\"><span class=\"fa fa-facebook\"><\/span><\/a><\/li><li><a target=\"_blank\" href=\"https:\/\/pinterest.com\/pin\/create\/button\/?url=https:\/\/www.elm.ro\/en\/articole\/luycrari-de-retehnologizare-statia-400-kv-gadalin\/&#038;media=https:\/\/www.elm.ro\/wp-content\/uploads\/2019\/11\/poza-articol-3.jpg\"><span class=\"fa fa-pinterest\"><\/span><\/a><\/li>\n                                                <\/ul>\n                                            <\/div>\n                                        <\/div>\n                                <\/div>\n                                <div class=\"clear\"><\/div>\n                            <\/div>\n\t\t\t\t\t\t<\/div>\n\t\t\t\t\t<\/div>\n\t\t\t\t\t\n\t\t\t\t\t\t\t<div class=\"blog_post_preview element format-standard-image\">\n\t\t\t\t\t\t\t\t<div class=\"item_wrapper\">\n\t\t\t\t\t\t\t\t\t<div class=\"blog_content\"><div class=\"blog_post_media\"><img decoding=\"async\" src=\"https:\/\/www.elm.ro\/wp-content\/uploads\/2019\/11\/poza-articol-2.jpg\" alt=\"Featured image\" \/><\/div><h3 class=\"blogpost_title\"><a href=\"https:\/\/www.elm.ro\/en\/articole\/lucrare-deosebita-subtraversarea-dunarii\/\">Lucrare deosebit\u0103 \u2013 Subtraversarea Dun\u0103rii<\/a><\/h3>ELM Electromontaj Cluj developed and implemented an extensive project in the Danube Delta area, to consolidate pillar foundations and...<div class=\"clear post_clear\"><\/div><a href=\"https:\/\/www.elm.ro\/en\/articole\/lucrare-deosebita-subtraversarea-dunarii\/\" class=\"learn_more\">Read More<span><\/span><\/a><div class=\"post_info\">\n                                        <div class=\"post_share\">\n                                            <a href=\"javascript:void(0)\">Share<\/a>\n                                            <div class=\"share_wrap\">\n                                                <ul>\n                                                    <li><a target=\"_blank\" href=\"https:\/\/www.linkedin.com\/shareArticle?mini=true&#038;url=https:\/\/www.elm.ro\/en\/articole\/lucrare-deosebita-subtraversarea-dunarii\/&#038;title=Lucrare%20deosebit\u0103%20\u2013%20Subtraversarea%20Dun\u0103rii&#038;source=ELM%20Electromontaj%20Cluj%20S.A.\"><span class=\"fa fa-linkedin\"><\/span><\/a><\/li>\n                                                    <li><a target=\"_blank\" href=\"https:\/\/twitter.com\/intent\/tweet?text=Lucrare%20deosebit\u0103%20\u2013%20Subtraversarea%20Dun\u0103rii&#038;url=https:\/\/www.elm.ro\/en\/articole\/lucrare-deosebita-subtraversarea-dunarii\/\"><span class=\"fa fa-twitter\"><\/span><\/a><\/li>\n                                                    <li><a target=\"_blank\" href=\"https:\/\/www.facebook.com\/share.php?u=https:\/\/www.elm.ro\/en\/articole\/lucrare-deosebita-subtraversarea-dunarii\/\"><span class=\"fa fa-facebook\"><\/span><\/a><\/li><li><a target=\"_blank\" href=\"https:\/\/pinterest.com\/pin\/create\/button\/?url=https:\/\/www.elm.ro\/en\/articole\/lucrare-deosebita-subtraversarea-dunarii\/&#038;media=https:\/\/www.elm.ro\/wp-content\/uploads\/2019\/11\/poza-articol-2.jpg\"><span class=\"fa fa-pinterest\"><\/span><\/a><\/li>\n                                                <\/ul>\n                                            <\/div>\n                                        <\/div>\n                                <\/div>\n                                <div class=\"clear\"><\/div>\n                            <\/div>\n\t\t\t\t\t\t<\/div>\n\t\t\t\t\t<\/div>\n\t\t\t\t\t<\/div>    <\/div>\n<\/div>\n<\/div><\/div><\/div><\/div><\/div><\/div><\/section>","protected":false},"excerpt":{"rendered":"ELM Electromontaj Cluj a dezvoltat \u0219i implementat, un proiect amplu \u00een zona Deltei Dun\u0103rii, de consolidare funda\u021bii st\u00e2lpi \u0219i modernizare LEA 110 kV. Lucr\u0103rile de la Sarinasuf - Cri\u0219an au venit ca r\u0103spuns la degrad\u0103rile masive survenite \u00een timp, LEA 110 kV Sarinasuf-Cri\u0219an fiind afectat\u0103 \u00een zona travers\u0103rii Bra\u021bului Sf. Gheorghe de eroziunea malurilor, ceea [...]","protected":false},"author":4,"featured_media":8116,"parent":0,"menu_order":0,"comment_status":"closed","ping_status":"closed","template":"","meta":{"footnotes":""},"class_list":["post-5","page","type-page","status-publish","has-post-thumbnail","hentry"],"acf":[],"yoast_head":"<!-- This site is optimized with the Yoast SEO Premium plugin v17.1.2 (Yoast SEO v19.14) - https:\/\/yoast.com\/wordpress\/plugins\/seo\/ -->\n<title>Lucrare deosebit\u0103 \u2013 Subtraversarea Dun\u0103rii - ELM Electromontaj Cluj S.A., Romania<\/title>\n<meta name=\"robots\" content=\"index, follow, max-snippet:-1, max-image-preview:large, max-video-preview:-1\" \/>\n<link rel=\"canonical\" href=\"https:\/\/www.elm.ro\/en\/blog\/\" \/>\n<meta property=\"og:locale\" content=\"en_US\" \/>\n<meta property=\"og:type\" content=\"article\" \/>\n<meta property=\"og:title\" content=\"Comunic\u0103ri, articole\" \/>\n<meta property=\"og:url\" content=\"https:\/\/www.elm.ro\/en\/blog\/\" \/>\n<meta property=\"og:site_name\" content=\"ELM Electromontaj Cluj S.A.\" \/>\n<meta property=\"article:modified_time\" content=\"2023-02-08T15:47:09+00:00\" \/>\n<meta property=\"og:image\" content=\"https:\/\/www.elm.ro\/wp-content\/uploads\/2023\/01\/front_blog_img_01-1.jpg\" \/>\n\t<meta property=\"og:image:width\" content=\"1170\" \/>\n\t<meta property=\"og:image:height\" content=\"780\" \/>\n\t<meta property=\"og:image:type\" content=\"image\/jpeg\" \/>\n<meta name=\"twitter:card\" content=\"summary_large_image\" \/>\n<meta name=\"twitter:label1\" content=\"Est. reading time\" \/>\n\t<meta name=\"twitter:data1\" content=\"1 minute\" \/>\n<script type=\"application\/ld+json\" class=\"yoast-schema-graph\">{\"@context\":\"https:\/\/schema.org\",\"@graph\":[{\"@type\":\"WebPage\",\"@id\":\"https:\/\/www.elm.ro\/blog\/\",\"url\":\"https:\/\/www.elm.ro\/blog\/\",\"name\":\"Comunic\u0103ri, articole - ELM Electromontaj Cluj S.A.\",\"isPartOf\":{\"@id\":\"https:\/\/www.elm.ro\/#website\"},\"datePublished\":\"2019-12-20T07:20:24+00:00\",\"dateModified\":\"2023-02-08T15:47:09+00:00\",\"breadcrumb\":{\"@id\":\"https:\/\/www.elm.ro\/blog\/#breadcrumb\"},\"inLanguage\":\"en-US\",\"potentialAction\":[{\"@type\":\"ReadAction\",\"target\":[\"https:\/\/www.elm.ro\/blog\/\"]}]},{\"@type\":\"BreadcrumbList\",\"@id\":\"https:\/\/www.elm.ro\/blog\/#breadcrumb\",\"itemListElement\":[{\"@type\":\"ListItem\",\"position\":1,\"name\":\"Home\",\"item\":\"https:\/\/www.elm.ro\/\"},{\"@type\":\"ListItem\",\"position\":2,\"name\":\"Comunic\u0103ri, articole\"}]},{\"@type\":\"WebSite\",\"@id\":\"https:\/\/www.elm.ro\/#website\",\"url\":\"https:\/\/www.elm.ro\/\",\"name\":\"ELM Electromontaj Cluj S.A.\",\"description\":\"Electromontaj Cluj - Instala\u021bii electrice\",\"potentialAction\":[{\"@type\":\"SearchAction\",\"target\":{\"@type\":\"EntryPoint\",\"urlTemplate\":\"https:\/\/www.elm.ro\/?s={search_term_string}\"},\"query-input\":\"required name=search_term_string\"}],\"inLanguage\":\"en-US\"}]}<\/script>\n<!-- \/ Yoast SEO Premium plugin. -->","yoast_head_json":{"title":"Lucrare deosebit\u0103 \u2013 Subtraversarea Dun\u0103rii - ELM Electromontaj Cluj S.A., Romania","robots":{"index":"index","follow":"follow","max-snippet":"max-snippet:-1","max-image-preview":"max-image-preview:large","max-video-preview":"max-video-preview:-1"},"canonical":"https:\/\/www.elm.ro\/en\/blog\/","og_locale":"en_US","og_type":"article","og_title":"Comunic\u0103ri, articole","og_url":"https:\/\/www.elm.ro\/en\/blog\/","og_site_name":"ELM Electromontaj Cluj S.A.","article_modified_time":"2023-02-08T15:47:09+00:00","og_image":[{"width":1170,"height":780,"url":"https:\/\/www.elm.ro\/wp-content\/uploads\/2023\/01\/front_blog_img_01-1.jpg","type":"image\/jpeg"}],"twitter_card":"summary_large_image","twitter_misc":{"Est. reading time":"1 minute"},"schema":{"@context":"https:\/\/schema.org","@graph":[{"@type":"WebPage","@id":"https:\/\/www.elm.ro\/blog\/","url":"https:\/\/www.elm.ro\/blog\/","name":"Comunic\u0103ri, articole - ELM Electromontaj Cluj S.A.","isPartOf":{"@id":"https:\/\/www.elm.ro\/#website"},"datePublished":"2019-12-20T07:20:24+00:00","dateModified":"2023-02-08T15:47:09+00:00","breadcrumb":{"@id":"https:\/\/www.elm.ro\/blog\/#breadcrumb"},"inLanguage":"en-US","potentialAction":[{"@type":"ReadAction","target":["https:\/\/www.elm.ro\/blog\/"]}]},{"@type":"BreadcrumbList","@id":"https:\/\/www.elm.ro\/blog\/#breadcrumb","itemListElement":[{"@type":"ListItem","position":1,"name":"Home","item":"https:\/\/www.elm.ro\/"},{"@type":"ListItem","position":2,"name":"Comunic\u0103ri, articole"}]},{"@type":"WebSite","@id":"https:\/\/www.elm.ro\/#website","url":"https:\/\/www.elm.ro\/","name":"ELM Electromontaj Cluj S.A.","description":"Electromontaj Cluj - Instala\u021bii electrice","potentialAction":[{"@type":"SearchAction","target":{"@type":"EntryPoint","urlTemplate":"https:\/\/www.elm.ro\/?s={search_term_string}"},"query-input":"required name=search_term_string"}],"inLanguage":"en-US"}]}},"_links":{"self":[{"href":"https:\/\/www.elm.ro\/en\/wp-json\/wp\/v2\/pages\/5","targetHints":{"allow":["GET"]}}],"collection":[{"href":"https:\/\/www.elm.ro\/en\/wp-json\/wp\/v2\/pages"}],"about":[{"href":"https:\/\/www.elm.ro\/en\/wp-json\/wp\/v2\/types\/page"}],"author":[{"embeddable":true,"href":"https:\/\/www.elm.ro\/en\/wp-json\/wp\/v2\/users\/4"}],"replies":[{"embeddable":true,"href":"https:\/\/www.elm.ro\/en\/wp-json\/wp\/v2\/comments?post=5"}],"version-history":[{"count":6,"href":"https:\/\/www.elm.ro\/en\/wp-json\/wp\/v2\/pages\/5\/revisions"}],"predecessor-version":[{"id":8117,"href":"https:\/\/www.elm.ro\/en\/wp-json\/wp\/v2\/pages\/5\/revisions\/8117"}],"wp:featuredmedia":[{"embeddable":true,"href":"https:\/\/www.elm.ro\/en\/wp-json\/wp\/v2\/media\/8116"}],"wp:attachment":[{"href":"https:\/\/www.elm.ro\/en\/wp-json\/wp\/v2\/media?parent=5"}],"curies":[{"name":"wp","href":"https:\/\/api.w.org\/{rel}","templated":true}]}}