{"id":1501,"date":"2018-03-05T08:42:33","date_gmt":"2018-03-05T08:42:33","guid":{"rendered":"https:\/\/livewp.site\/wp\/md\/sunergy\/?page_id=1501"},"modified":"2023-02-03T15:00:08","modified_gmt":"2023-02-03T13:00:08","slug":"cariere","status":"publish","type":"page","link":"https:\/\/www.elm.ro\/en\/cariere\/","title":{"rendered":"Careers"},"content":{"rendered":"<section class=\"wpb-content-wrapper\"><div class=\"\"><div class=\"container\"><div class=\"vc_row wpb_row vc_row-fluid\" ><div class=\"wpb_column vc_column_container vc_col-sm-12\"><div class=\"vc_column-inner\"><div class=\"wpb_wrapper\"><div class=\"vc_separator wpb_content_element vc_separator_align_right vc_sep_width_30 vc_sep_pos_align_left vc_separator-has-text\" ><span class=\"vc_sep_holder vc_sep_holder_l\"><span  style=\"border-color:#DC2B1A;\" class=\"vc_sep_line\"><\/span><\/span><h4 style=\"color:#565b7a\">Careers<\/h4><span class=\"vc_sep_holder vc_sep_holder_r\"><span  style=\"border-color:#DC2B1A;\" class=\"vc_sep_line\"><\/span><\/span>\n<\/div><div class=\"gt3_spacing\"><div class=\"gt3_spacing-height gt3_spacing-height_default\" style=\"height:6px;\"><\/div><\/div>  \n\n\t<div class=\"wpb_text_column wpb_content_element\" >\n\t\t<div class=\"wpb_wrapper\">\n\t\t\t<h2 style=\"text-align: left;\">We support and believe in the potential of each employee<\/h2>\n\n\t\t<\/div>\n\t<\/div>\n<div class=\"gt3_spacing\"><div class=\"gt3_spacing-height gt3_spacing-height_default\" style=\"height:25px;\"><\/div><\/div>  \n<div data-color=\"#ffffff\" class=\"gt3_custom_text\" style=\"color:#777b93;font-size: 16px; line-height: 190%; \">We support and believe in the potential of each employee, that&#039;s why we care about providing the right context to develop individual professional skills and achieve a high level of performance in the activity carried out. We are convinced that the real value in a company comes from several places at the same time: from the creation of leaders who provide inspiration to colleagues, from high-performance behavior, effective organizational communication, as well as from the development of a friendly working environment that provide safety and stability.<\/div>  \n<div class=\"gt3_spacing\"><div class=\"gt3_spacing-height gt3_spacing-height_default\" style=\"height:40px;\"><\/div><\/div>  \n<div class=\"gt3_module_button  button_alignment_inline\"><a class=\"button_size_normal   vc_custom_1675263067544\" href=\"https:\/\/www.elm.ro\/en\/despre-noi\/\" title=\"About us\"  style=\"border-width: 1px; border-style: solid; border-radius: 3px; \" ><span class=\"gt3_btn_text\">MORE ABOUT US<\/span><\/a><\/div>\n<\/div><\/div><\/div><\/div><\/div><\/div><div data-vc-full-width=\"true\" data-vc-full-width-init=\"false\" class=\"vc_custom_1519997724681\"><div class=\"container\"><div class=\"vc_row wpb_row vc_row-fluid vc_row-has-fill\" ><div class=\"wpb_column vc_column_container vc_col-sm-12\"><div class=\"vc_column-inner\"><div class=\"wpb_wrapper\"><div class=\"gt3_spacing\"><div class=\"gt3_spacing-height gt3_spacing-height_default\" style=\"height:39px;\"><\/div><\/div>  \n<div class=\"vc_row wpb_row vc_inner vc_row-fluid\" ><div class=\"wpb_column vc_column_container vc_col-sm-10\"><div class=\"vc_column-inner\"><div class=\"wpb_wrapper\"><div class=\"vc_separator wpb_content_element vc_separator_align_right vc_sep_width_30 vc_sep_pos_align_left vc_separator-has-text\" ><span class=\"vc_sep_holder vc_sep_holder_l\"><span  style=\"border-color:#DC2B1A;\" class=\"vc_sep_line\"><\/span><\/span><h4 style=\"color:#565b7a\">POSITIONS AVAILABLE<\/h4><span class=\"vc_sep_holder vc_sep_holder_r\"><span  style=\"border-color:#DC2B1A;\" class=\"vc_sep_line\"><\/span><\/span>\n<\/div><div class=\"gt3_spacing\"><div class=\"gt3_spacing-height gt3_spacing-height_default\" style=\"height:6px;\"><\/div><\/div>  \n\n\t<div class=\"wpb_text_column wpb_content_element\" >\n\t\t<div class=\"wpb_wrapper\">\n\t\t\t<h2>Do you want to join our team of specialists?<\/h2>\n\n\t\t<\/div>\n\t<\/div>\n<div class=\"gt3_spacing\"><div class=\"gt3_spacing-height gt3_spacing-height_default\" style=\"height:26px;\"><\/div><\/div>  \n<div data-color=\"#ffffff\" class=\"gt3_custom_text\" style=\"color:#777b93;font-size: 16px; line-height: 190%; \"><span>We have designed and implemented healthy human resources policies with the continuous professional development of our employees in the foreground as well as the constant support and training of future employees for the sustainable development of our company.\u00a0<\/span>\r\n\r\n<span>We focus on the continuous professional development of our employees and advance training of future employees in order to ensure the qualified personnel necessary for the sustainable development of our company.\u00a0<\/span><\/div>  \n<\/div><\/div><\/div><div class=\"wpb_column vc_column_container vc_col-sm-2\"><div class=\"vc_column-inner\"><div class=\"wpb_wrapper\"><\/div><\/div><\/div><\/div><div class=\"gt3_spacing\"><div class=\"gt3_spacing-height gt3_spacing-height_default\" style=\"height:52px;\"><\/div><\/div>  \n<div class=\"vc_row wpb_row vc_inner vc_row-fluid\" ><div class=\"wpb_column vc_column_container vc_col-sm-6\"><div class=\"vc_column-inner\"><div class=\"wpb_wrapper\">\n\t<div class=\"wpb_text_column wpb_content_element\" >\n\t\t<div class=\"wpb_wrapper\">\n\t\t\t<h2>Discover below the offer of available positions<\/h2>\n\n\t\t<\/div>\n\t<\/div>\n<div class=\"gt3_spacing\"><div class=\"gt3_spacing-height gt3_spacing-height_default\" style=\"height:32px;\"><\/div><\/div>  \n<div class=\"vc_row\">\n    <div class=\"vc_col-sm-12 gt3_module_featured_posts blog_alignment_left   featured_blog_post_01 blog_type1 items1  class_2072\" >\n\n        \n        \n        \n\t\t\t\t\t<div class=\"blog_post_preview format-standard without_post_thumb\">\n                        <div class=\"item_wrapper\">\n                            <div class=\"blog_content\"><div class=\"featured_post_info\"><h4 class=\"blogpost_title\" ><a href=\"https:\/\/www.elm.ro\/en\/job-uri\/operator-abkant-cnc\/\" >Operator Abkant CNC<span><\/span><\/a><\/h4><p >Ne c\u0103ut\u0103m colegi Operatori Abkant CNC la ELM Electromontaj Cluj \u00een Some\u0219eni,...<\/p><\/div>\n                            <\/div>\n                        <\/div>\n                    <\/div>\n\t\t\t\t\t<div class=\"blog_post_preview format-standard without_post_thumb\">\n                        <div class=\"item_wrapper\">\n                            <div class=\"blog_content\"><div class=\"featured_post_info\"><h4 class=\"blogpost_title\" ><a href=\"https:\/\/www.elm.ro\/en\/job-uri\/inginer-pram\/\" >Inginer PRAM<span><\/span><\/a><\/h4><p >Cerin\u021be:\r\n\r\n \tStudii de specialitate de profil energetic, electrotehnic;...<\/p><\/div>\n                            <\/div>\n                        <\/div>\n                    <\/div>\n\t\t\t\t\t<div class=\"blog_post_preview format-standard without_post_thumb\">\n                        <div class=\"item_wrapper\">\n                            <div class=\"blog_content\"><div class=\"featured_post_info\"><h4 class=\"blogpost_title\" ><a href=\"https:\/\/www.elm.ro\/en\/job-uri\/electrician-pram\/\" >Electrician PRAM<span><\/span><\/a><\/h4><p >Cerin\u021be:\r\n\r\n \tStudii medii sau \u0219coal\u0103 profesional\u0103 de profil electric\/...<\/p><\/div>\n                            <\/div>\n                        <\/div>\n                    <\/div>\n\t\t\t\t\t<div class=\"blog_post_preview format-standard without_post_thumb\">\n                        <div class=\"item_wrapper\">\n                            <div class=\"blog_content\"><div class=\"featured_post_info\"><h4 class=\"blogpost_title\" ><a href=\"https:\/\/www.elm.ro\/en\/job-uri\/muncitori-necalificati\/\" >Muncitori necalifica\u021bi<span><\/span><\/a><\/h4><p >What we are looking for: Availability to work in a team; Attention to detail and...<\/p><\/div>\n                            <\/div>\n                        <\/div>\n                    <\/div>    <\/div>\n<\/div>\n\n\n        <script type=\"text\/javascript\">\n            var custom_blog_css = \"\";\n            if (document.getElementById(\"custom_blog_styles\")) {\n                document.getElementById(\"custom_blog_styles\").innerHTML += custom_blog_css;\n            } else if (custom_blog_css !== \"\") {\n                document.head.innerHTML += '<style id=\"custom_blog_styles\" type=\"text\/css\">'+custom_blog_css+'<\/style>';\n            }\n        <\/script>\n    <\/div><\/div><\/div><div class=\"wpb_column vc_column_container vc_col-sm-6 vc_col-has-fill\"><div class=\"vc_column-inner vc_custom_1675428711754\"><div class=\"wpb_wrapper\"><div class=\"wpcf7 no-js\" id=\"wpcf7-f5155-o1\" lang=\"en-US\" dir=\"ltr\">\n<div class=\"screen-reader-response\"><p role=\"status\" aria-live=\"polite\" aria-atomic=\"true\"><\/p> <ul><\/ul><\/div>\n<form action=\"\/en\/wp-json\/wp\/v2\/pages\/1501#wpcf7-f5155-o1\" method=\"post\" class=\"wpcf7-form init\" aria-label=\"Contact form\" enctype=\"multipart\/form-data\" novalidate=\"novalidate\" data-status=\"init\" data-trp-original-action=\"\/en\/wp-json\/wp\/v2\/pages\/1501#wpcf7-f5155-o1\">\n<div style=\"display: none;\">\n<input type=\"hidden\" name=\"_wpcf7\" value=\"5155\" \/>\n<input type=\"hidden\" name=\"_wpcf7_version\" value=\"5.7.2\" \/>\n<input type=\"hidden\" name=\"_wpcf7_locale\" value=\"en_US\" \/>\n<input type=\"hidden\" name=\"_wpcf7_unit_tag\" value=\"wpcf7-f5155-o1\" \/>\n<input type=\"hidden\" name=\"_wpcf7_container_post\" value=\"0\" \/>\n<input type=\"hidden\" name=\"_wpcf7_posted_data_hash\" value=\"\" \/>\n<\/div>\n<div class=\"main-form gt3-form_on-dark-bg\">\n\t<h2>Send us your CV!\n\t<\/h2>\n\t<p><span class=\"wpcf7-form-control-wrap\" data-name=\"your-name\"><input size=\"40\" class=\"wpcf7-form-control wpcf7-text wpcf7-validates-as-required\" aria-required=\"true\" aria-invalid=\"false\" placeholder=\"First name *\" value=\"\" type=\"text\" name=\"your-name\" \/><\/span>\n\t<\/p>\n\t<p><span class=\"wpcf7-form-control-wrap\" data-name=\"your-surname\"><input size=\"40\" class=\"wpcf7-form-control wpcf7-text wpcf7-validates-as-required\" aria-required=\"true\" aria-invalid=\"false\" placeholder=\"Name *\" value=\"\" type=\"text\" name=\"your-surname\" \/><\/span>\n\t<\/p>\n\t<p><span class=\"wpcf7-form-control-wrap\" data-name=\"text-oras\"><input size=\"40\" class=\"wpcf7-form-control wpcf7-text wpcf7-validates-as-required\" aria-required=\"true\" aria-invalid=\"false\" placeholder=\"Ora\u0219*\" value=\"\" type=\"text\" name=\"text-oras\" \/><\/span>\n\t<\/p>\n\t<p><span class=\"wpcf7-form-control-wrap\" data-name=\"tel-111\"><input size=\"40\" class=\"wpcf7-form-control wpcf7-text wpcf7-tel wpcf7-validates-as-required wpcf7-validates-as-tel\" aria-required=\"true\" aria-invalid=\"false\" placeholder=\"Telephone *\" value=\"\" type=\"tel\" name=\"tel-111\" \/><\/span>\n\t<\/p>\n\t<p><span class=\"wpcf7-form-control-wrap\" data-name=\"your-email\"><input size=\"40\" class=\"wpcf7-form-control wpcf7-text wpcf7-email wpcf7-validates-as-required wpcf7-validates-as-email\" aria-required=\"true\" aria-invalid=\"false\" placeholder=\"Email *\" value=\"\" type=\"email\" name=\"your-email\" \/><\/span>\n\t<\/p>\n\t<p><span class=\"wpcf7-form-control-wrap\" data-name=\"your-message\"><textarea cols=\"40\" rows=\"10\" class=\"wpcf7-form-control wpcf7-textarea wpcf7-validates-as-required\" aria-required=\"true\" aria-invalid=\"false\" placeholder=\"Mesaj *\" name=\"your-message\"><\/textarea><\/span>\n\t<\/p>\n\t<p>Attachments (PDF) <span class=\"wpcf7-form-control-wrap\" data-name=\"file-447\"><input size=\"40\" class=\"wpcf7-form-control wpcf7-file\" accept=\".pdf\" aria-invalid=\"false\" type=\"file\" name=\"file-447\" \/><\/span>\n\t<\/p>\n\t<p><span class=\"wpcf7-form-control-wrap\" data-name=\"acceptance-262\"><span class=\"wpcf7-form-control wpcf7-acceptance optional\"><span class=\"wpcf7-list-item\"><label><input type=\"checkbox\" name=\"acceptance-262\" value=\"1\" aria-invalid=\"false\" \/><span class=\"wpcf7-list-item-label\">Am citit \u0219i sunt de acord cu <a href=\"https:\/\/www.elm.ro\/en\/politica-de-confidentialitate\/\">Politica de confiden\u021bialitate<\/a><\/span><\/label><\/span><\/span><\/span><br \/>\n<button type=\"submit\" class=\"octf-btn octf-btn-light\">Send<\/button>\n\t<\/p>\n<\/div><div class=\"wpcf7-response-output\" aria-hidden=\"true\"><\/div><input type=\"hidden\" name=\"trp-form-language\" value=\"en\"\/><\/form><\/div><\/div><\/div><\/div><\/div><\/div><\/div><\/div><\/div><\/div><\/div><div class=\"vc_row-full-width vc_clearfix\"><\/div><div class=\"\"><div class=\"container\"><div class=\"vc_row wpb_row vc_row-fluid\" ><div class=\"wpb_column vc_column_container vc_col-sm-12\"><div class=\"vc_column-inner\"><div class=\"wpb_wrapper\"><div class=\"gt3_spacing\"><div class=\"gt3_spacing-height gt3_spacing-height_default\" style=\"height:52px;\"><\/div><\/div>  \n<\/div><\/div><\/div><\/div><\/div><\/div><\/section>","protected":false},"excerpt":{"rendered":"Ce c\u0103ut\u0103m: Disponibilitate de lucru \u00een echip\u0103; Aten\u021bie la detalii \u0219i responsabilitate; Disponibilitate la deplas\u0103ri; &nbsp; Ce implic\u0103 activitatea: Lucr\u0103ri de \u00eenc\u0103rcare\/ desc\u0103rcare materiale; Lucr\u0103ri de s\u0103p\u0103turi\/ umpluturi, turnare funda\u021bii; Lucr\u0103ri de pozare platband\u0103, pozare tub, pozare cablu. Lucr\u0103ri de asamblare st\u00e2lpi *asigur\u0103m calificarea \u00een meseria de ELECTRICIAN \u00ceN INSTALA\u021aII ENERGETICE GRATUIT pentru angaja\u021bii companiei. [...]","protected":false},"author":4,"featured_media":0,"parent":0,"menu_order":0,"comment_status":"closed","ping_status":"closed","template":"","meta":{"footnotes":""},"class_list":["post-1501","page","type-page","status-publish","hentry"],"acf":[],"yoast_head":"<!-- This site is optimized with the Yoast SEO Premium plugin v17.1.2 (Yoast SEO v19.14) - https:\/\/yoast.com\/wordpress\/plugins\/seo\/ -->\n<title>Muncitori necalifica\u021bi - ELM Electromontaj Cluj S.A., Romania<\/title>\n<meta name=\"robots\" content=\"index, follow, max-snippet:-1, max-image-preview:large, max-video-preview:-1\" \/>\n<link rel=\"canonical\" href=\"https:\/\/www.elm.ro\/en\/cariere\/\" \/>\n<meta property=\"og:locale\" content=\"en_US\" \/>\n<meta property=\"og:type\" content=\"article\" \/>\n<meta property=\"og:title\" content=\"Cariere\" \/>\n<meta property=\"og:url\" content=\"https:\/\/www.elm.ro\/en\/cariere\/\" \/>\n<meta property=\"og:site_name\" content=\"ELM Electromontaj Cluj S.A.\" \/>\n<meta property=\"article:modified_time\" content=\"2023-02-03T13:00:08+00:00\" \/>\n<meta name=\"twitter:card\" content=\"summary_large_image\" \/>\n<meta name=\"twitter:label1\" content=\"Est. reading time\" \/>\n\t<meta name=\"twitter:data1\" content=\"2 minutes\" \/>\n<script type=\"application\/ld+json\" class=\"yoast-schema-graph\">{\"@context\":\"https:\/\/schema.org\",\"@graph\":[{\"@type\":\"WebPage\",\"@id\":\"https:\/\/www.elm.ro\/cariere\/\",\"url\":\"https:\/\/www.elm.ro\/cariere\/\",\"name\":\"Cariere - ELM Electromontaj Cluj S.A.\",\"isPartOf\":{\"@id\":\"https:\/\/www.elm.ro\/#website\"},\"datePublished\":\"2018-03-05T08:42:33+00:00\",\"dateModified\":\"2023-02-03T13:00:08+00:00\",\"breadcrumb\":{\"@id\":\"https:\/\/www.elm.ro\/cariere\/#breadcrumb\"},\"inLanguage\":\"en-US\",\"potentialAction\":[{\"@type\":\"ReadAction\",\"target\":[\"https:\/\/www.elm.ro\/cariere\/\"]}]},{\"@type\":\"BreadcrumbList\",\"@id\":\"https:\/\/www.elm.ro\/cariere\/#breadcrumb\",\"itemListElement\":[{\"@type\":\"ListItem\",\"position\":1,\"name\":\"Home\",\"item\":\"https:\/\/www.elm.ro\/\"},{\"@type\":\"ListItem\",\"position\":2,\"name\":\"Cariere\"}]},{\"@type\":\"WebSite\",\"@id\":\"https:\/\/www.elm.ro\/#website\",\"url\":\"https:\/\/www.elm.ro\/\",\"name\":\"ELM Electromontaj Cluj S.A.\",\"description\":\"Electromontaj Cluj - Instala\u021bii electrice\",\"potentialAction\":[{\"@type\":\"SearchAction\",\"target\":{\"@type\":\"EntryPoint\",\"urlTemplate\":\"https:\/\/www.elm.ro\/?s={search_term_string}\"},\"query-input\":\"required name=search_term_string\"}],\"inLanguage\":\"en-US\"}]}<\/script>\n<!-- \/ Yoast SEO Premium plugin. -->","yoast_head_json":{"title":"Muncitori necalifica\u021bi - ELM Electromontaj Cluj S.A., Romania","robots":{"index":"index","follow":"follow","max-snippet":"max-snippet:-1","max-image-preview":"max-image-preview:large","max-video-preview":"max-video-preview:-1"},"canonical":"https:\/\/www.elm.ro\/en\/cariere\/","og_locale":"en_US","og_type":"article","og_title":"Cariere","og_url":"https:\/\/www.elm.ro\/en\/cariere\/","og_site_name":"ELM Electromontaj Cluj S.A.","article_modified_time":"2023-02-03T13:00:08+00:00","twitter_card":"summary_large_image","twitter_misc":{"Est. reading time":"2 minutes"},"schema":{"@context":"https:\/\/schema.org","@graph":[{"@type":"WebPage","@id":"https:\/\/www.elm.ro\/cariere\/","url":"https:\/\/www.elm.ro\/cariere\/","name":"Cariere - ELM Electromontaj Cluj S.A.","isPartOf":{"@id":"https:\/\/www.elm.ro\/#website"},"datePublished":"2018-03-05T08:42:33+00:00","dateModified":"2023-02-03T13:00:08+00:00","breadcrumb":{"@id":"https:\/\/www.elm.ro\/cariere\/#breadcrumb"},"inLanguage":"en-US","potentialAction":[{"@type":"ReadAction","target":["https:\/\/www.elm.ro\/cariere\/"]}]},{"@type":"BreadcrumbList","@id":"https:\/\/www.elm.ro\/cariere\/#breadcrumb","itemListElement":[{"@type":"ListItem","position":1,"name":"Home","item":"https:\/\/www.elm.ro\/"},{"@type":"ListItem","position":2,"name":"Cariere"}]},{"@type":"WebSite","@id":"https:\/\/www.elm.ro\/#website","url":"https:\/\/www.elm.ro\/","name":"ELM Electromontaj Cluj S.A.","description":"Electromontaj Cluj - Instala\u021bii electrice","potentialAction":[{"@type":"SearchAction","target":{"@type":"EntryPoint","urlTemplate":"https:\/\/www.elm.ro\/?s={search_term_string}"},"query-input":"required name=search_term_string"}],"inLanguage":"en-US"}]}},"_links":{"self":[{"href":"https:\/\/www.elm.ro\/en\/wp-json\/wp\/v2\/pages\/1501","targetHints":{"allow":["GET"]}}],"collection":[{"href":"https:\/\/www.elm.ro\/en\/wp-json\/wp\/v2\/pages"}],"about":[{"href":"https:\/\/www.elm.ro\/en\/wp-json\/wp\/v2\/types\/page"}],"author":[{"embeddable":true,"href":"https:\/\/www.elm.ro\/en\/wp-json\/wp\/v2\/users\/4"}],"replies":[{"embeddable":true,"href":"https:\/\/www.elm.ro\/en\/wp-json\/wp\/v2\/comments?post=1501"}],"version-history":[{"count":16,"href":"https:\/\/www.elm.ro\/en\/wp-json\/wp\/v2\/pages\/1501\/revisions"}],"predecessor-version":[{"id":8323,"href":"https:\/\/www.elm.ro\/en\/wp-json\/wp\/v2\/pages\/1501\/revisions\/8323"}],"wp:attachment":[{"href":"https:\/\/www.elm.ro\/en\/wp-json\/wp\/v2\/media?parent=1501"}],"curies":[{"name":"wp","href":"https:\/\/api.w.org\/{rel}","templated":true}]}}